{"id":3389,"date":"2022-02-15T12:30:22","date_gmt":"2022-02-15T09:30:22","guid":{"rendered":"https:\/\/ajm-test.ids80.ee\/piletid\/"},"modified":"2022-03-28T16:27:53","modified_gmt":"2022-03-28T16:27:53","slug":"piletid","status":"publish","type":"page","link":"https:\/\/pood.ajaloomuuseum.ee\/en\/piletid\/","title":{"rendered":"Tickets"},"content":{"rendered":"\t\t<div data-elementor-type=\"wp-page\" data-elementor-id=\"3389\" class=\"elementor elementor-3389 elementor-2969\" data-elementor-post-type=\"page\">\n\t\t\t\t\t\t<section class=\"elementor-section elementor-top-section elementor-element elementor-element-9860267 elementor-section-boxed elementor-section-height-default elementor-section-height-default\" data-id=\"9860267\" data-element_type=\"section\" data-e-type=\"section\">\n\t\t\t\t\t\t<div class=\"elementor-container elementor-column-gap-default\">\n\t\t\t\t\t<div class=\"elementor-column elementor-col-100 elementor-top-column elementor-element elementor-element-cf4b834\" data-id=\"cf4b834\" data-element_type=\"column\" data-e-type=\"column\">\n\t\t\t<div class=\"elementor-widget-wrap elementor-element-populated\">\n\t\t\t\t\t\t<div class=\"elementor-element elementor-element-6101496 elementor-widget elementor-widget-spacer\" data-id=\"6101496\" data-element_type=\"widget\" data-e-type=\"widget\" data-widget_type=\"spacer.default\">\n\t\t\t\t<div class=\"elementor-widget-container\">\n\t\t\t\t\t\t\t<div class=\"elementor-spacer\">\n\t\t\t<div class=\"elementor-spacer-inner\"><\/div>\n\t\t<\/div>\n\t\t\t\t\t\t<\/div>\n\t\t\t\t<\/div>\n\t\t\t\t<div class=\"elementor-element elementor-element-7df5905 elementor-tabs-alignment-center elementor-tabs-view-horizontal elementor-widget elementor-widget-tabs\" data-id=\"7df5905\" data-element_type=\"widget\" data-e-type=\"widget\" data-widget_type=\"tabs.default\">\n\t\t\t\t<div class=\"elementor-widget-container\">\n\t\t\t\t\t\t\t<div class=\"elementor-tabs\">\n\t\t\t<div class=\"elementor-tabs-wrapper\" role=\"tablist\" >\n\t\t\t\t\t\t\t\t\t<div id=\"elementor-tab-title-1321\" class=\"elementor-tab-title elementor-tab-desktop-title\" aria-selected=\"true\" data-tab=\"1\" role=\"tab\" tabindex=\"0\" aria-controls=\"elementor-tab-content-1321\" aria-expanded=\"false\">Maarjam\u00e4e Center<\/div>\n\t\t\t\t\t\t\t\t\t<div id=\"elementor-tab-title-1322\" class=\"elementor-tab-title elementor-tab-desktop-title\" aria-selected=\"false\" data-tab=\"2\" role=\"tab\" tabindex=\"-1\" aria-controls=\"elementor-tab-content-1322\" aria-expanded=\"false\">Great Guild Hall<\/div>\n\t\t\t\t\t\t\t\t\t<div id=\"elementor-tab-title-1323\" class=\"elementor-tab-title elementor-tab-desktop-title\" aria-selected=\"false\" data-tab=\"3\" role=\"tab\" tabindex=\"-1\" aria-controls=\"elementor-tab-content-1323\" aria-expanded=\"false\">Theatre and Music Museum<\/div>\n\t\t\t\t\t\t\t<\/div>\n\t\t\t<div class=\"elementor-tabs-content-wrapper\" role=\"tablist\" aria-orientation=\"vertical\">\n\t\t\t\t\t\t\t\t\t<div class=\"elementor-tab-title elementor-tab-mobile-title\" aria-selected=\"true\" data-tab=\"1\" role=\"tab\" tabindex=\"0\" aria-controls=\"elementor-tab-content-1321\" aria-expanded=\"false\">Maarjam\u00e4e Center<\/div>\n\t\t\t\t\t<div id=\"elementor-tab-content-1321\" class=\"elementor-tab-content elementor-clearfix\" data-tab=\"1\" role=\"tabpanel\" aria-labelledby=\"elementor-tab-title-1321\" tabindex=\"0\" hidden=\"false\"><div\n\tid=\"wcpt-2991\"\n\tclass=\"wcpt wcpt-2991\"\n\tdata-wcpt-table-id=\"2991\"\ndata-wcpt-query-string=\"?2991_device=laptop\"\ndata-wcpt-sc-attrs=\"[]\"\n>\n<style>@media (max-width:749px) {\n#wcpt-2991 .wcpt-device-phone {\ndisplay: block;\n}\n\n#wcpt-2991 .wcpt-device-tablet,\n#wcpt-2991 .wcpt-device-laptop {\ndisplay: none;\n}\n}\n@media(min-width:750px){}@media(max-width: 1199px) and (min-width:750px){}@media(max-width:749px){ #wcpt-2991 .wcpt-cell{padding-top:20px;padding-bottom:20px;}} #wcpt-2991 .wcpt-header.wcpt-navigation{margin-bottom:15px;} @media(max-width:749px){}.wcpt-tooltip-label {\ndisplay: inline-block;\npadding: 5px 10px;\nborder-radius: 3px;\n\/* background: #FFFFFF; *\/\ncolor: #000;\nwhite-space: nowrap;\ncontent-visibility: hidden;\n}\n.wcpt-tooltip-label {\ndisplay: inline-block;\npadding: 5px 10px;\nborder-radius: 3px;\nbackground: #FFFFFF;\ncolor: #000;\nwhite-space: nowrap;\ncontent-visibility: hidden;\n}<\/style>  <div \r\n    class=\"wcpt-navigation wcpt-header wcpt-always-show\"\r\n    style=\"\"\r\n  >\r\n  <\/div>  <div class=\"wcpt-responsive-navigation\"><\/div>\r\n  <div class=\"wcpt-nav-modal-tpl\">\n  <div class=\"wcpt-nav-modal\" data-wcpt-table-id=\"2991\">\n    <div class=\"wcpt-nm-content wcpt-noselect\">\n      <div class=\"wcpt-nm-heading wcpt-nm-heading--sticky\">\n\t\t\t\t<span class=\"wcpt-nm-close\">\n\t\t\t\t\t<span class=\"wcpt-icon wcpt-icon-x  \"   ><svg xmlns=\"http:\/\/www.w3.org\/2000\/svg\" width=\"24\" height=\"24\" viewBox=\"0 0 24 24\" fill=\"none\" stroke=\"currentColor\" stroke-width=\"2\" stroke-linecap=\"round\" stroke-linejoin=\"round\" class=\"feather feather-x\"><line x1=\"18\" y1=\"6\" x2=\"6\" y2=\"18\"><\/line><line x1=\"6\" y1=\"6\" x2=\"18\" y2=\"18\"><\/line><\/svg><\/span>\t\t\t\t\t<\/svg>\n\t\t\t\t<\/span>\n        <span class=\"wcpt-nm-heading-text wcpt-on-filters-show\">\n          Filters        <\/span>\n        <span class=\"wcpt-nm-heading-text wcpt-on-sort-show\">\n          Sort results        <\/span>\n\t\t\t\t<div class=\"wcpt-nm-action\">\n\t\t\t\t\t<span class=\"wcpt-nm-reset\">\n\t\t\t\t\t\tReset\t\t\t\t\t<\/span>\n\t        <span class=\"wcpt-nm-apply\">\n\t\t\t\t\t\tApply\t\t\t\t\t<\/span>\n\t\t\t\t<\/div>\n      <\/div>\n      <div class=\"wcpt-navigation wcpt-left-sidebar\">\n        <div class=\"wcpt-nm-filters\">\n          <span class=\"wcpt-nm-filters-placeholder\"><\/span>\n        <\/div>\n        <div class=\"wcpt-nm-sort\">\n          <span class=\"wcpt-nm-sort-placeholder\"><\/span>\n        <\/div>\n      <\/div>\n    <\/div>\n  <\/div>\n<\/div>\n<div class=\"wcpt-no-results  wcpt-device-laptop\" data-wcpt-device=\"laptop\">\n\tNo results found. <a href=\".\" class=\"wcpt-clear-filters\">Clear filters<\/a> and try again?<\/div>\n<div class=\"wcpt-table-scroll-wrapper-outer wcpt-device-tablet\">\n<div class=\"wcpt-table-scroll-wrapper\">\n<span class=\"wcpt-icon wcpt-icon-loader wcpt-device-view-loading-icon \"   ><svg xmlns=\"http:\/\/www.w3.org\/2000\/svg\" width=\"24\" height=\"24\" viewBox=\"0 0 24 24\" fill=\"none\" stroke=\"currentColor\" stroke-width=\"2\" stroke-linecap=\"round\" stroke-linejoin=\"round\" class=\"feather feather-loader\"><line x1=\"12\" y1=\"2\" x2=\"12\" y2=\"6\"><\/line><line x1=\"12\" y1=\"18\" x2=\"12\" y2=\"22\"><\/line><line x1=\"4.93\" y1=\"4.93\" x2=\"7.76\" y2=\"7.76\"><\/line><line x1=\"16.24\" y1=\"16.24\" x2=\"19.07\" y2=\"19.07\"><\/line><line x1=\"2\" y1=\"12\" x2=\"6\" y2=\"12\"><\/line><line x1=\"18\" y1=\"12\" x2=\"22\" y2=\"12\"><\/line><line x1=\"4.93\" y1=\"19.07\" x2=\"7.76\" y2=\"16.24\"><\/line><line x1=\"16.24\" y1=\"7.76\" x2=\"19.07\" y2=\"4.93\"><\/line><\/svg><\/span><\/div>\n<\/div>\n<div class=\"wcpt-table-scroll-wrapper-outer wcpt-device-phone\">\n<div class=\"wcpt-table-scroll-wrapper\">\n<span class=\"wcpt-icon wcpt-icon-loader wcpt-device-view-loading-icon \"   ><svg xmlns=\"http:\/\/www.w3.org\/2000\/svg\" width=\"24\" height=\"24\" viewBox=\"0 0 24 24\" fill=\"none\" stroke=\"currentColor\" stroke-width=\"2\" stroke-linecap=\"round\" stroke-linejoin=\"round\" class=\"feather feather-loader\"><line x1=\"12\" y1=\"2\" x2=\"12\" y2=\"6\"><\/line><line x1=\"12\" y1=\"18\" x2=\"12\" y2=\"22\"><\/line><line x1=\"4.93\" y1=\"4.93\" x2=\"7.76\" y2=\"7.76\"><\/line><line x1=\"16.24\" y1=\"16.24\" x2=\"19.07\" y2=\"19.07\"><\/line><line x1=\"2\" y1=\"12\" x2=\"6\" y2=\"12\"><\/line><line x1=\"18\" y1=\"12\" x2=\"22\" y2=\"12\"><\/line><line x1=\"4.93\" y1=\"19.07\" x2=\"7.76\" y2=\"16.24\"><\/line><line x1=\"16.24\" y1=\"7.76\" x2=\"19.07\" y2=\"4.93\"><\/line><\/svg><\/span><\/div>\n<\/div>\n<\/div>\n<\/div>\n\t\t\t\t\t\t\t\t\t<div class=\"elementor-tab-title elementor-tab-mobile-title\" aria-selected=\"false\" data-tab=\"2\" role=\"tab\" tabindex=\"-1\" aria-controls=\"elementor-tab-content-1322\" aria-expanded=\"false\">Great Guild Hall<\/div>\n\t\t\t\t\t<div id=\"elementor-tab-content-1322\" class=\"elementor-tab-content elementor-clearfix\" data-tab=\"2\" role=\"tabpanel\" aria-labelledby=\"elementor-tab-title-1322\" tabindex=\"0\" hidden=\"hidden\"><div\n\tid=\"wcpt-3046\"\n\tclass=\"wcpt wcpt-3046\"\n\tdata-wcpt-table-id=\"3046\"\ndata-wcpt-query-string=\"?3046_device=laptop\"\ndata-wcpt-sc-attrs=\"[]\"\n>\n<style>@media (max-width:749px) {\n#wcpt-3046 .wcpt-device-phone {\ndisplay: block;\n}\n\n#wcpt-3046 .wcpt-device-tablet,\n#wcpt-3046 .wcpt-device-laptop {\ndisplay: none;\n}\n}\n@media(min-width:750px){}@media(max-width: 1199px) and (min-width:750px){}@media(max-width:749px){ #wcpt-3046 .wcpt-cell{padding-top:20px;padding-bottom:20px;}} #wcpt-3046 .wcpt-header.wcpt-navigation{margin-bottom:15px;} @media(max-width:749px){}<\/style>  <div \r\n    class=\"wcpt-navigation wcpt-header wcpt-always-show\"\r\n    style=\"\"\r\n  >\r\n  <\/div>  <div class=\"wcpt-responsive-navigation\"><\/div>\r\n  <div class=\"wcpt-nav-modal-tpl\">\n  <div class=\"wcpt-nav-modal\" data-wcpt-table-id=\"3046\">\n    <div class=\"wcpt-nm-content wcpt-noselect\">\n      <div class=\"wcpt-nm-heading wcpt-nm-heading--sticky\">\n\t\t\t\t<span class=\"wcpt-nm-close\">\n\t\t\t\t\t<span class=\"wcpt-icon wcpt-icon-x  \"   ><svg xmlns=\"http:\/\/www.w3.org\/2000\/svg\" width=\"24\" height=\"24\" viewBox=\"0 0 24 24\" fill=\"none\" stroke=\"currentColor\" stroke-width=\"2\" stroke-linecap=\"round\" stroke-linejoin=\"round\" class=\"feather feather-x\"><line x1=\"18\" y1=\"6\" x2=\"6\" y2=\"18\"><\/line><line x1=\"6\" y1=\"6\" x2=\"18\" y2=\"18\"><\/line><\/svg><\/span>\t\t\t\t\t<\/svg>\n\t\t\t\t<\/span>\n        <span class=\"wcpt-nm-heading-text wcpt-on-filters-show\">\n          Filters        <\/span>\n        <span class=\"wcpt-nm-heading-text wcpt-on-sort-show\">\n          Sort results        <\/span>\n\t\t\t\t<div class=\"wcpt-nm-action\">\n\t\t\t\t\t<span class=\"wcpt-nm-reset\">\n\t\t\t\t\t\tReset\t\t\t\t\t<\/span>\n\t        <span class=\"wcpt-nm-apply\">\n\t\t\t\t\t\tApply\t\t\t\t\t<\/span>\n\t\t\t\t<\/div>\n      <\/div>\n      <div class=\"wcpt-navigation wcpt-left-sidebar\">\n        <div class=\"wcpt-nm-filters\">\n          <span class=\"wcpt-nm-filters-placeholder\"><\/span>\n        <\/div>\n        <div class=\"wcpt-nm-sort\">\n          <span class=\"wcpt-nm-sort-placeholder\"><\/span>\n        <\/div>\n      <\/div>\n    <\/div>\n  <\/div>\n<\/div>\n<div class=\"wcpt-no-results  wcpt-device-laptop\" data-wcpt-device=\"laptop\">\n\tNo results found. <a href=\".\" class=\"wcpt-clear-filters\">Clear filters<\/a> and try again?<\/div>\n<div class=\"wcpt-table-scroll-wrapper-outer wcpt-device-tablet\">\n<div class=\"wcpt-table-scroll-wrapper\">\n<span class=\"wcpt-icon wcpt-icon-loader wcpt-device-view-loading-icon \"   ><svg xmlns=\"http:\/\/www.w3.org\/2000\/svg\" width=\"24\" height=\"24\" viewBox=\"0 0 24 24\" fill=\"none\" stroke=\"currentColor\" stroke-width=\"2\" stroke-linecap=\"round\" stroke-linejoin=\"round\" class=\"feather feather-loader\"><line x1=\"12\" y1=\"2\" x2=\"12\" y2=\"6\"><\/line><line x1=\"12\" y1=\"18\" x2=\"12\" y2=\"22\"><\/line><line x1=\"4.93\" y1=\"4.93\" x2=\"7.76\" y2=\"7.76\"><\/line><line x1=\"16.24\" y1=\"16.24\" x2=\"19.07\" y2=\"19.07\"><\/line><line x1=\"2\" y1=\"12\" x2=\"6\" y2=\"12\"><\/line><line x1=\"18\" y1=\"12\" x2=\"22\" y2=\"12\"><\/line><line x1=\"4.93\" y1=\"19.07\" x2=\"7.76\" y2=\"16.24\"><\/line><line x1=\"16.24\" y1=\"7.76\" x2=\"19.07\" y2=\"4.93\"><\/line><\/svg><\/span><\/div>\n<\/div>\n<div class=\"wcpt-table-scroll-wrapper-outer wcpt-device-phone\">\n<div class=\"wcpt-table-scroll-wrapper\">\n<span class=\"wcpt-icon wcpt-icon-loader wcpt-device-view-loading-icon \"   ><svg xmlns=\"http:\/\/www.w3.org\/2000\/svg\" width=\"24\" height=\"24\" viewBox=\"0 0 24 24\" fill=\"none\" stroke=\"currentColor\" stroke-width=\"2\" stroke-linecap=\"round\" stroke-linejoin=\"round\" class=\"feather feather-loader\"><line x1=\"12\" y1=\"2\" x2=\"12\" y2=\"6\"><\/line><line x1=\"12\" y1=\"18\" x2=\"12\" y2=\"22\"><\/line><line x1=\"4.93\" y1=\"4.93\" x2=\"7.76\" y2=\"7.76\"><\/line><line x1=\"16.24\" y1=\"16.24\" x2=\"19.07\" y2=\"19.07\"><\/line><line x1=\"2\" y1=\"12\" x2=\"6\" y2=\"12\"><\/line><line x1=\"18\" y1=\"12\" x2=\"22\" y2=\"12\"><\/line><line x1=\"4.93\" y1=\"19.07\" x2=\"7.76\" y2=\"16.24\"><\/line><line x1=\"16.24\" y1=\"7.76\" x2=\"19.07\" y2=\"4.93\"><\/line><\/svg><\/span><\/div>\n<\/div>\n<\/div>\n<\/div>\n\t\t\t\t\t\t\t\t\t<div class=\"elementor-tab-title elementor-tab-mobile-title\" aria-selected=\"false\" data-tab=\"3\" role=\"tab\" tabindex=\"-1\" aria-controls=\"elementor-tab-content-1323\" aria-expanded=\"false\">Theatre and Music Museum<\/div>\n\t\t\t\t\t<div id=\"elementor-tab-content-1323\" class=\"elementor-tab-content elementor-clearfix\" data-tab=\"3\" role=\"tabpanel\" aria-labelledby=\"elementor-tab-title-1323\" tabindex=\"0\" hidden=\"hidden\"><div\n\tid=\"wcpt-3081\"\n\tclass=\"wcpt wcpt-3081\"\n\tdata-wcpt-table-id=\"3081\"\ndata-wcpt-query-string=\"?3081_device=laptop\"\ndata-wcpt-sc-attrs=\"[]\"\n>\n<style>@media (max-width:749px) {\n#wcpt-3081 .wcpt-device-phone {\ndisplay: block;\n}\n\n#wcpt-3081 .wcpt-device-tablet,\n#wcpt-3081 .wcpt-device-laptop {\ndisplay: none;\n}\n}\n@media(min-width:750px){}@media(max-width: 1199px) and (min-width:750px){}@media(max-width:749px){ #wcpt-3081 .wcpt-cell{padding-top:20px;padding-bottom:20px;}} #wcpt-3081 .wcpt-header.wcpt-navigation{margin-bottom:15px;} @media(max-width:749px){}<\/style>  <div \r\n    class=\"wcpt-navigation wcpt-header wcpt-always-show\"\r\n    style=\"\"\r\n  >\r\n  <\/div>  <div class=\"wcpt-responsive-navigation\"><\/div>\r\n  <div class=\"wcpt-nav-modal-tpl\">\n  <div class=\"wcpt-nav-modal\" data-wcpt-table-id=\"3081\">\n    <div class=\"wcpt-nm-content wcpt-noselect\">\n      <div class=\"wcpt-nm-heading wcpt-nm-heading--sticky\">\n\t\t\t\t<span class=\"wcpt-nm-close\">\n\t\t\t\t\t<span class=\"wcpt-icon wcpt-icon-x  \"   ><svg xmlns=\"http:\/\/www.w3.org\/2000\/svg\" width=\"24\" height=\"24\" viewBox=\"0 0 24 24\" fill=\"none\" stroke=\"currentColor\" stroke-width=\"2\" stroke-linecap=\"round\" stroke-linejoin=\"round\" class=\"feather feather-x\"><line x1=\"18\" y1=\"6\" x2=\"6\" y2=\"18\"><\/line><line x1=\"6\" y1=\"6\" x2=\"18\" y2=\"18\"><\/line><\/svg><\/span>\t\t\t\t\t<\/svg>\n\t\t\t\t<\/span>\n        <span class=\"wcpt-nm-heading-text wcpt-on-filters-show\">\n          Filters        <\/span>\n        <span class=\"wcpt-nm-heading-text wcpt-on-sort-show\">\n          Sort results        <\/span>\n\t\t\t\t<div class=\"wcpt-nm-action\">\n\t\t\t\t\t<span class=\"wcpt-nm-reset\">\n\t\t\t\t\t\tReset\t\t\t\t\t<\/span>\n\t        <span class=\"wcpt-nm-apply\">\n\t\t\t\t\t\tApply\t\t\t\t\t<\/span>\n\t\t\t\t<\/div>\n      <\/div>\n      <div class=\"wcpt-navigation wcpt-left-sidebar\">\n        <div class=\"wcpt-nm-filters\">\n          <span class=\"wcpt-nm-filters-placeholder\"><\/span>\n        <\/div>\n        <div class=\"wcpt-nm-sort\">\n          <span class=\"wcpt-nm-sort-placeholder\"><\/span>\n        <\/div>\n      <\/div>\n    <\/div>\n  <\/div>\n<\/div>\n<div class=\"wcpt-no-results  wcpt-device-laptop\" data-wcpt-device=\"laptop\">\n\tNo results found. <a href=\".\" class=\"wcpt-clear-filters\">Clear filters<\/a> and try again?<\/div>\n<div class=\"wcpt-table-scroll-wrapper-outer wcpt-device-tablet\">\n<div class=\"wcpt-table-scroll-wrapper\">\n<span class=\"wcpt-icon wcpt-icon-loader wcpt-device-view-loading-icon \"   ><svg xmlns=\"http:\/\/www.w3.org\/2000\/svg\" width=\"24\" height=\"24\" viewBox=\"0 0 24 24\" fill=\"none\" stroke=\"currentColor\" stroke-width=\"2\" stroke-linecap=\"round\" stroke-linejoin=\"round\" class=\"feather feather-loader\"><line x1=\"12\" y1=\"2\" x2=\"12\" y2=\"6\"><\/line><line x1=\"12\" y1=\"18\" x2=\"12\" y2=\"22\"><\/line><line x1=\"4.93\" y1=\"4.93\" x2=\"7.76\" y2=\"7.76\"><\/line><line x1=\"16.24\" y1=\"16.24\" x2=\"19.07\" y2=\"19.07\"><\/line><line x1=\"2\" y1=\"12\" x2=\"6\" y2=\"12\"><\/line><line x1=\"18\" y1=\"12\" x2=\"22\" y2=\"12\"><\/line><line x1=\"4.93\" y1=\"19.07\" x2=\"7.76\" y2=\"16.24\"><\/line><line x1=\"16.24\" y1=\"7.76\" x2=\"19.07\" y2=\"4.93\"><\/line><\/svg><\/span><\/div>\n<\/div>\n<div class=\"wcpt-table-scroll-wrapper-outer wcpt-device-phone\">\n<div class=\"wcpt-table-scroll-wrapper\">\n<span class=\"wcpt-icon wcpt-icon-loader wcpt-device-view-loading-icon \"   ><svg xmlns=\"http:\/\/www.w3.org\/2000\/svg\" width=\"24\" height=\"24\" viewBox=\"0 0 24 24\" fill=\"none\" stroke=\"currentColor\" stroke-width=\"2\" stroke-linecap=\"round\" stroke-linejoin=\"round\" class=\"feather feather-loader\"><line x1=\"12\" y1=\"2\" x2=\"12\" y2=\"6\"><\/line><line x1=\"12\" y1=\"18\" x2=\"12\" y2=\"22\"><\/line><line x1=\"4.93\" y1=\"4.93\" x2=\"7.76\" y2=\"7.76\"><\/line><line x1=\"16.24\" y1=\"16.24\" x2=\"19.07\" y2=\"19.07\"><\/line><line x1=\"2\" y1=\"12\" x2=\"6\" y2=\"12\"><\/line><line x1=\"18\" y1=\"12\" x2=\"22\" y2=\"12\"><\/line><line x1=\"4.93\" y1=\"19.07\" x2=\"7.76\" y2=\"16.24\"><\/line><line x1=\"16.24\" y1=\"7.76\" x2=\"19.07\" y2=\"4.93\"><\/line><\/svg><\/span><\/div>\n<\/div>\n<\/div>\n<\/div>\n\t\t\t\t\t\t\t<\/div>\n\t\t<\/div>\n\t\t\t\t\t\t<\/div>\n\t\t\t\t<\/div>\n\t\t\t\t<div class=\"elementor-element elementor-element-c8e0330 elementor-widget elementor-widget-spacer\" data-id=\"c8e0330\" data-element_type=\"widget\" data-e-type=\"widget\" data-widget_type=\"spacer.default\">\n\t\t\t\t<div class=\"elementor-widget-container\">\n\t\t\t\t\t\t\t<div class=\"elementor-spacer\">\n\t\t\t<div class=\"elementor-spacer-inner\"><\/div>\n\t\t<\/div>\n\t\t\t\t\t\t<\/div>\n\t\t\t\t<\/div>\n\t\t\t\t\t<\/div>\n\t\t<\/div>\n\t\t\t\t\t<\/div>\n\t\t<\/section>\n\t\t\t\t<\/div>\n\t\t","protected":false},"excerpt":{"rendered":"<p>Maarjam\u00e4e Center Great Guild Hall Theatre and Music Museum Maarjam\u00e4e Center Filtrid Sorteeri L\u00e4htesta Kinnita Perepilet: Maarjam\u00e4e keskusMaarjam\u00e4e keskus (Maarjam\u00e4e loss, Filmimuuseum, tall) &euro;20.00 Max: Min: 1 Step: 1 Lisa ostukorvi T\u00e4ispilet: Maarjam\u00e4e keskusMaarjam\u00e4e keskus (Maarjam\u00e4e loss, Filmimuuseum, tall) &euro;10.00 Max: Min: 1 Step: 1 Lisa ostukorvi Sooduspilet: Maarjam\u00e4e keskusMaarjam\u00e4e keskus (Maarjam\u00e4e loss, Filmimuuseum, tall) &hellip;<\/p>\n","protected":false},"author":1,"featured_media":0,"parent":0,"menu_order":0,"comment_status":"closed","ping_status":"closed","template":"","meta":{"inline_featured_image":false,"footnotes":""},"class_list":["post-3389","page","type-page","status-publish","hentry"],"_links":{"self":[{"href":"https:\/\/pood.ajaloomuuseum.ee\/en\/wp-json\/wp\/v2\/pages\/3389","targetHints":{"allow":["GET"]}}],"collection":[{"href":"https:\/\/pood.ajaloomuuseum.ee\/en\/wp-json\/wp\/v2\/pages"}],"about":[{"href":"https:\/\/pood.ajaloomuuseum.ee\/en\/wp-json\/wp\/v2\/types\/page"}],"author":[{"embeddable":true,"href":"https:\/\/pood.ajaloomuuseum.ee\/en\/wp-json\/wp\/v2\/users\/1"}],"replies":[{"embeddable":true,"href":"https:\/\/pood.ajaloomuuseum.ee\/en\/wp-json\/wp\/v2\/comments?post=3389"}],"version-history":[{"count":6,"href":"https:\/\/pood.ajaloomuuseum.ee\/en\/wp-json\/wp\/v2\/pages\/3389\/revisions"}],"predecessor-version":[{"id":3433,"href":"https:\/\/pood.ajaloomuuseum.ee\/en\/wp-json\/wp\/v2\/pages\/3389\/revisions\/3433"}],"wp:attachment":[{"href":"https:\/\/pood.ajaloomuuseum.ee\/en\/wp-json\/wp\/v2\/media?parent=3389"}],"curies":[{"name":"wp","href":"https:\/\/api.w.org\/{rel}","templated":true}]}}