{"id":10706,"date":"2022-05-12T10:46:22","date_gmt":"2022-05-12T07:46:22","guid":{"rendered":"https:\/\/pood.ajaloomuuseum.ee\/product\/monuments-and-power-catalog-of-the-outdoor-exhibition-of-soviet-era-monuments-collected-by-the-estonian-history-museum\/"},"modified":"2026-01-28T18:06:04","modified_gmt":"2026-01-28T15:06:04","slug":"monuments-and-power-2","status":"publish","type":"product","link":"https:\/\/pood.ajaloomuuseum.ee\/en\/toode\/monuments-and-power-2\/","title":{"rendered":"Monumendid ja v\u00f5im. Eesti Ajaloomuuseumi kogutud n\u00f5ukogudeaegsete monumentide v\u00e4liekspositsiooni kataloog"},"content":{"rendered":"","protected":false},"excerpt":{"rendered":"","protected":false},"featured_media":16589,"template":"","meta":{"inline_featured_image":false},"product_brand":[],"product_cat":[142,143],"product_tag":[],"class_list":{"0":"post-10706","1":"product","2":"type-product","3":"status-publish","4":"has-post-thumbnail","6":"product_cat-books","7":"product_cat-history","9":"first","10":"instock","11":"taxable","12":"shipping-taxable","13":"purchasable","14":"product-type-simple"},"_links":{"self":[{"href":"https:\/\/pood.ajaloomuuseum.ee\/en\/wp-json\/wp\/v2\/product\/10706","targetHints":{"allow":["GET"]}}],"collection":[{"href":"https:\/\/pood.ajaloomuuseum.ee\/en\/wp-json\/wp\/v2\/product"}],"about":[{"href":"https:\/\/pood.ajaloomuuseum.ee\/en\/wp-json\/wp\/v2\/types\/product"}],"version-history":[{"count":1,"href":"https:\/\/pood.ajaloomuuseum.ee\/en\/wp-json\/wp\/v2\/product\/10706\/revisions"}],"predecessor-version":[{"id":36218,"href":"https:\/\/pood.ajaloomuuseum.ee\/en\/wp-json\/wp\/v2\/product\/10706\/revisions\/36218"}],"wp:featuredmedia":[{"embeddable":true,"href":"https:\/\/pood.ajaloomuuseum.ee\/en\/wp-json\/wp\/v2\/media\/16589"}],"wp:attachment":[{"href":"https:\/\/pood.ajaloomuuseum.ee\/en\/wp-json\/wp\/v2\/media?parent=10706"}],"wp:term":[{"taxonomy":"product_brand","embeddable":true,"href":"https:\/\/pood.ajaloomuuseum.ee\/en\/wp-json\/wp\/v2\/product_brand?post=10706"},{"taxonomy":"product_cat","embeddable":true,"href":"https:\/\/pood.ajaloomuuseum.ee\/en\/wp-json\/wp\/v2\/product_cat?post=10706"},{"taxonomy":"product_tag","embeddable":true,"href":"https:\/\/pood.ajaloomuuseum.ee\/en\/wp-json\/wp\/v2\/product_tag?post=10706"}],"curies":[{"name":"wp","href":"https:\/\/api.w.org\/{rel}","templated":true}]}}