{"id":12552,"date":"2022-05-18T23:28:25","date_gmt":"2022-05-18T20:28:25","guid":{"rendered":"https:\/\/pood.ajaloomuuseum.ee\/?post_type=product&#038;p=12552"},"modified":"2026-04-16T19:46:02","modified_gmt":"2026-04-16T16:46:02","slug":"perepilet-maarjamae-keskus","status":"publish","type":"product","link":"https:\/\/pood.ajaloomuuseum.ee\/en\/toode\/perepilet-maarjamae-keskus\/","title":{"rendered":"MM keskuse perepilet (2 t\u00e4iskasvut+lapsed)"},"content":{"rendered":"","protected":false},"excerpt":{"rendered":"<p>Maarjam\u00e4e keskus (Maarjam\u00e4e loss, Filmimuuseum). Perepilet: 2 t\u00e4iskasvanut ja lapsed.<\/p>\n","protected":false},"featured_media":3186,"template":"","meta":{"inline_featured_image":false},"product_brand":[],"product_cat":[69,30],"product_tag":[347],"class_list":{"0":"post-12552","1":"product","2":"type-product","3":"status-publish","4":"has-post-thumbnail","6":"product_cat-ajaloomuuseumi-maarjamae-keskus","7":"product_cat-piletid","8":"product_tag-vaja-lisada-art-3913-6962-3904","10":"first","11":"instock","12":"virtual","13":"taxable","14":"purchasable","15":"product-type-simple"},"_links":{"self":[{"href":"https:\/\/pood.ajaloomuuseum.ee\/en\/wp-json\/wp\/v2\/product\/12552","targetHints":{"allow":["GET"]}}],"collection":[{"href":"https:\/\/pood.ajaloomuuseum.ee\/en\/wp-json\/wp\/v2\/product"}],"about":[{"href":"https:\/\/pood.ajaloomuuseum.ee\/en\/wp-json\/wp\/v2\/types\/product"}],"version-history":[{"count":9,"href":"https:\/\/pood.ajaloomuuseum.ee\/en\/wp-json\/wp\/v2\/product\/12552\/revisions"}],"predecessor-version":[{"id":36337,"href":"https:\/\/pood.ajaloomuuseum.ee\/en\/wp-json\/wp\/v2\/product\/12552\/revisions\/36337"}],"wp:featuredmedia":[{"embeddable":true,"href":"https:\/\/pood.ajaloomuuseum.ee\/en\/wp-json\/wp\/v2\/media\/3186"}],"wp:attachment":[{"href":"https:\/\/pood.ajaloomuuseum.ee\/en\/wp-json\/wp\/v2\/media?parent=12552"}],"wp:term":[{"taxonomy":"product_brand","embeddable":true,"href":"https:\/\/pood.ajaloomuuseum.ee\/en\/wp-json\/wp\/v2\/product_brand?post=12552"},{"taxonomy":"product_cat","embeddable":true,"href":"https:\/\/pood.ajaloomuuseum.ee\/en\/wp-json\/wp\/v2\/product_cat?post=12552"},{"taxonomy":"product_tag","embeddable":true,"href":"https:\/\/pood.ajaloomuuseum.ee\/en\/wp-json\/wp\/v2\/product_tag?post=12552"}],"curies":[{"name":"wp","href":"https:\/\/api.w.org\/{rel}","templated":true}]}}