{"id":18195,"date":"2022-06-29T16:33:59","date_gmt":"2022-06-29T13:33:59","guid":{"rendered":"https:\/\/pood.ajaloomuuseum.ee\/?post_type=product&#038;p=18195"},"modified":"2026-04-09T22:21:04","modified_gmt":"2026-04-09T19:21:04","slug":"t-sark-must-valgete-lovidega-naiste","status":"publish","type":"product","link":"https:\/\/pood.ajaloomuuseum.ee\/en\/toode\/t-sark-must-valgete-lovidega-naiste\/","title":{"rendered":"T- s\u00e4rk must valgete l\u00f5videga naiste"},"content":{"rendered":"<p><img fetchpriority=\"high\" decoding=\"async\" class=\"alignnone size-medium wp-image-34800\" src=\"https:\/\/pood.ajaloomuuseum.ee\/wp-content\/uploads\/2022\/06\/Naiste-moodutabel-t-sark-ajaloomuuseum-300x300.jpg\" alt=\"Naiste m\u00f5\u00f5dutabel t-s\u00e4rk\" width=\"300\" height=\"300\" srcset=\"https:\/\/pood.ajaloomuuseum.ee\/wp-content\/uploads\/2022\/06\/Naiste-moodutabel-t-sark-ajaloomuuseum-300x300.jpg 300w, https:\/\/pood.ajaloomuuseum.ee\/wp-content\/uploads\/2022\/06\/Naiste-moodutabel-t-sark-ajaloomuuseum-1024x1024.jpg 1024w, https:\/\/pood.ajaloomuuseum.ee\/wp-content\/uploads\/2022\/06\/Naiste-moodutabel-t-sark-ajaloomuuseum-150x150.jpg 150w, https:\/\/pood.ajaloomuuseum.ee\/wp-content\/uploads\/2022\/06\/Naiste-moodutabel-t-sark-ajaloomuuseum-768x768.jpg 768w, https:\/\/pood.ajaloomuuseum.ee\/wp-content\/uploads\/2022\/06\/Naiste-moodutabel-t-sark-ajaloomuuseum-350x350.jpg 350w, https:\/\/pood.ajaloomuuseum.ee\/wp-content\/uploads\/2022\/06\/Naiste-moodutabel-t-sark-ajaloomuuseum-680x680.jpg 680w, https:\/\/pood.ajaloomuuseum.ee\/wp-content\/uploads\/2022\/06\/Naiste-moodutabel-t-sark-ajaloomuuseum-100x100.jpg 100w, https:\/\/pood.ajaloomuuseum.ee\/wp-content\/uploads\/2022\/06\/Naiste-moodutabel-t-sark-ajaloomuuseum.jpg 1080w\" sizes=\"(max-width: 300px) 100vw, 300px\" \/><\/p>\n","protected":false},"excerpt":{"rendered":"<p><span data-sheets-value=\"{&quot;1&quot;:2,&quot;2&quot;:&quot;Eesti vapi l\u00f5videga t- s\u00e4rk. Disaini autor on Asko K\u00fcnnap. Materjal puuvillane.&quot;}\" data-sheets-userformat=\"{&quot;2&quot;:513,&quot;3&quot;:{&quot;1&quot;:0},&quot;12&quot;:0}\">Eesti vapi l\u00f5videga t- s\u00e4rk. Disaini autor on Asko K\u00fcnnap. Materjal puuvillane.<\/span><\/p>\n","protected":false},"featured_media":34880,"template":"","meta":{"inline_featured_image":false},"product_brand":[],"product_cat":[28,66],"product_tag":[],"class_list":{"0":"post-18195","1":"product","2":"type-product","3":"status-publish","4":"has-post-thumbnail","6":"product_cat-meened","7":"product_cat-t-sargid","9":"first","10":"instock","11":"taxable","12":"shipping-taxable","13":"purchasable","14":"product-type-variable"},"_links":{"self":[{"href":"https:\/\/pood.ajaloomuuseum.ee\/en\/wp-json\/wp\/v2\/product\/18195","targetHints":{"allow":["GET"]}}],"collection":[{"href":"https:\/\/pood.ajaloomuuseum.ee\/en\/wp-json\/wp\/v2\/product"}],"about":[{"href":"https:\/\/pood.ajaloomuuseum.ee\/en\/wp-json\/wp\/v2\/types\/product"}],"version-history":[{"count":3,"href":"https:\/\/pood.ajaloomuuseum.ee\/en\/wp-json\/wp\/v2\/product\/18195\/revisions"}],"predecessor-version":[{"id":34882,"href":"https:\/\/pood.ajaloomuuseum.ee\/en\/wp-json\/wp\/v2\/product\/18195\/revisions\/34882"}],"wp:featuredmedia":[{"embeddable":true,"href":"https:\/\/pood.ajaloomuuseum.ee\/en\/wp-json\/wp\/v2\/media\/34880"}],"wp:attachment":[{"href":"https:\/\/pood.ajaloomuuseum.ee\/en\/wp-json\/wp\/v2\/media?parent=18195"}],"wp:term":[{"taxonomy":"product_brand","embeddable":true,"href":"https:\/\/pood.ajaloomuuseum.ee\/en\/wp-json\/wp\/v2\/product_brand?post=18195"},{"taxonomy":"product_cat","embeddable":true,"href":"https:\/\/pood.ajaloomuuseum.ee\/en\/wp-json\/wp\/v2\/product_cat?post=18195"},{"taxonomy":"product_tag","embeddable":true,"href":"https:\/\/pood.ajaloomuuseum.ee\/en\/wp-json\/wp\/v2\/product_tag?post=18195"}],"curies":[{"name":"wp","href":"https:\/\/api.w.org\/{rel}","templated":true}]}}