{"id":18198,"date":"2022-06-29T16:34:02","date_gmt":"2022-06-29T13:34:02","guid":{"rendered":"https:\/\/pood.ajaloomuuseum.ee\/?post_type=product&#038;p=18198"},"modified":"2026-04-09T20:56:05","modified_gmt":"2026-04-09T17:56:05","slug":"t-sark-hall-hallide-huntidega-meeste","status":"publish","type":"product","link":"https:\/\/pood.ajaloomuuseum.ee\/en\/toode\/t-sark-hall-hallide-huntidega-meeste\/","title":{"rendered":"T- s\u00e4rk hall hallide huntidega meeste"},"content":{"rendered":"<p><img fetchpriority=\"high\" decoding=\"async\" class=\"alignnone size-medium wp-image-34988\" src=\"https:\/\/pood.ajaloomuuseum.ee\/wp-content\/uploads\/2022\/06\/mp-laste-sella-kapuutsiga-tabel-300x300.jpg\" alt=\"Meeste t-s\u00e4rgi m\u00f5\u00f5dutabel\" width=\"300\" height=\"300\" srcset=\"https:\/\/pood.ajaloomuuseum.ee\/wp-content\/uploads\/2022\/06\/mp-laste-sella-kapuutsiga-tabel-300x300.jpg 300w, https:\/\/pood.ajaloomuuseum.ee\/wp-content\/uploads\/2022\/06\/mp-laste-sella-kapuutsiga-tabel-1024x1024.jpg 1024w, https:\/\/pood.ajaloomuuseum.ee\/wp-content\/uploads\/2022\/06\/mp-laste-sella-kapuutsiga-tabel-150x150.jpg 150w, https:\/\/pood.ajaloomuuseum.ee\/wp-content\/uploads\/2022\/06\/mp-laste-sella-kapuutsiga-tabel-768x768.jpg 768w, https:\/\/pood.ajaloomuuseum.ee\/wp-content\/uploads\/2022\/06\/mp-laste-sella-kapuutsiga-tabel-350x350.jpg 350w, https:\/\/pood.ajaloomuuseum.ee\/wp-content\/uploads\/2022\/06\/mp-laste-sella-kapuutsiga-tabel-680x680.jpg 680w, https:\/\/pood.ajaloomuuseum.ee\/wp-content\/uploads\/2022\/06\/mp-laste-sella-kapuutsiga-tabel-100x100.jpg 100w, https:\/\/pood.ajaloomuuseum.ee\/wp-content\/uploads\/2022\/06\/mp-laste-sella-kapuutsiga-tabel.jpg 1080w\" sizes=\"(max-width: 300px) 100vw, 300px\" \/><\/p>\n","protected":false},"excerpt":{"rendered":"<p><span data-sheets-value=\"{&quot;1&quot;:2,&quot;2&quot;:&quot;Puuvillane T-s\u00e4rk, millel Eesti rahvusloom hunt. Kujundaja: Asko K\u00fcnnap&quot;}\" data-sheets-userformat=\"{&quot;2&quot;:6979,&quot;3&quot;:{&quot;1&quot;:0},&quot;4&quot;:{&quot;1&quot;:2,&quot;2&quot;:16770713},&quot;9&quot;:0,&quot;11&quot;:4,&quot;12&quot;:0,&quot;14&quot;:{&quot;1&quot;:2,&quot;2&quot;:0},&quot;15&quot;:&quot;Arial&quot;}\">Puuvillane T-s\u00e4rk, millel Eesti rahvusloom hunt. Kujundaja: Asko K\u00fcnnap<\/span><\/p>\n","protected":false},"featured_media":35046,"template":"","meta":{"inline_featured_image":false},"product_brand":[],"product_cat":[28,66],"product_tag":[],"class_list":{"0":"post-18198","1":"product","2":"type-product","3":"status-publish","4":"has-post-thumbnail","6":"product_cat-meened","7":"product_cat-t-sargid","9":"first","10":"instock","11":"taxable","12":"shipping-taxable","13":"purchasable","14":"product-type-variable"},"_links":{"self":[{"href":"https:\/\/pood.ajaloomuuseum.ee\/en\/wp-json\/wp\/v2\/product\/18198","targetHints":{"allow":["GET"]}}],"collection":[{"href":"https:\/\/pood.ajaloomuuseum.ee\/en\/wp-json\/wp\/v2\/product"}],"about":[{"href":"https:\/\/pood.ajaloomuuseum.ee\/en\/wp-json\/wp\/v2\/types\/product"}],"version-history":[{"count":3,"href":"https:\/\/pood.ajaloomuuseum.ee\/en\/wp-json\/wp\/v2\/product\/18198\/revisions"}],"predecessor-version":[{"id":35040,"href":"https:\/\/pood.ajaloomuuseum.ee\/en\/wp-json\/wp\/v2\/product\/18198\/revisions\/35040"}],"wp:featuredmedia":[{"embeddable":true,"href":"https:\/\/pood.ajaloomuuseum.ee\/en\/wp-json\/wp\/v2\/media\/35046"}],"wp:attachment":[{"href":"https:\/\/pood.ajaloomuuseum.ee\/en\/wp-json\/wp\/v2\/media?parent=18198"}],"wp:term":[{"taxonomy":"product_brand","embeddable":true,"href":"https:\/\/pood.ajaloomuuseum.ee\/en\/wp-json\/wp\/v2\/product_brand?post=18198"},{"taxonomy":"product_cat","embeddable":true,"href":"https:\/\/pood.ajaloomuuseum.ee\/en\/wp-json\/wp\/v2\/product_cat?post=18198"},{"taxonomy":"product_tag","embeddable":true,"href":"https:\/\/pood.ajaloomuuseum.ee\/en\/wp-json\/wp\/v2\/product_tag?post=18198"}],"curies":[{"name":"wp","href":"https:\/\/api.w.org\/{rel}","templated":true}]}}