{"id":18200,"date":"2022-06-29T16:34:04","date_gmt":"2022-06-29T13:34:04","guid":{"rendered":"https:\/\/pood.ajaloomuuseum.ee\/?post_type=product&#038;p=18200"},"modified":"2026-04-21T14:16:05","modified_gmt":"2026-04-21T11:16:05","slug":"t-sark-must-kuldsete-lovidega-meeste","status":"publish","type":"product","link":"https:\/\/pood.ajaloomuuseum.ee\/en\/toode\/t-sark-must-kuldsete-lovidega-meeste\/","title":{"rendered":"T- s\u00e4rk must kuldsete l\u00f5videga meeste"},"content":{"rendered":"<p><img fetchpriority=\"high\" decoding=\"async\" class=\"alignnone size-medium wp-image-34988\" src=\"https:\/\/pood.ajaloomuuseum.ee\/wp-content\/uploads\/2022\/06\/mp-laste-sella-kapuutsiga-tabel-300x300.jpg\" alt=\"Meeste t-s\u00e4rgi m\u00f5\u00f5dutabel\" width=\"300\" height=\"300\" srcset=\"https:\/\/pood.ajaloomuuseum.ee\/wp-content\/uploads\/2022\/06\/mp-laste-sella-kapuutsiga-tabel-300x300.jpg 300w, https:\/\/pood.ajaloomuuseum.ee\/wp-content\/uploads\/2022\/06\/mp-laste-sella-kapuutsiga-tabel-1024x1024.jpg 1024w, https:\/\/pood.ajaloomuuseum.ee\/wp-content\/uploads\/2022\/06\/mp-laste-sella-kapuutsiga-tabel-150x150.jpg 150w, https:\/\/pood.ajaloomuuseum.ee\/wp-content\/uploads\/2022\/06\/mp-laste-sella-kapuutsiga-tabel-768x768.jpg 768w, https:\/\/pood.ajaloomuuseum.ee\/wp-content\/uploads\/2022\/06\/mp-laste-sella-kapuutsiga-tabel-350x350.jpg 350w, https:\/\/pood.ajaloomuuseum.ee\/wp-content\/uploads\/2022\/06\/mp-laste-sella-kapuutsiga-tabel-680x680.jpg 680w, https:\/\/pood.ajaloomuuseum.ee\/wp-content\/uploads\/2022\/06\/mp-laste-sella-kapuutsiga-tabel-100x100.jpg 100w, https:\/\/pood.ajaloomuuseum.ee\/wp-content\/uploads\/2022\/06\/mp-laste-sella-kapuutsiga-tabel.jpg 1080w\" sizes=\"(max-width: 300px) 100vw, 300px\" \/><\/p>\n","protected":false},"excerpt":{"rendered":"<p><span data-sheets-value=\"{&quot;1&quot;:2,&quot;2&quot;:&quot;Eesti vapi l\u00f5videga t- s\u00e4rk. Disaini autor on Asko K\u00fcnnap. Materjal puuvillane.&quot;}\" data-sheets-userformat=\"{&quot;2&quot;:513,&quot;3&quot;:{&quot;1&quot;:0},&quot;12&quot;:0}\">Eesti vapi l\u00f5videga t- s\u00e4rk. Disaini autor on Asko K\u00fcnnap. Materjal puuvillane.<\/span><\/p>\n","protected":false},"featured_media":35049,"template":"","meta":{"inline_featured_image":false},"product_brand":[],"product_cat":[28,66],"product_tag":[],"class_list":{"0":"post-18200","1":"product","2":"type-product","3":"status-publish","4":"has-post-thumbnail","6":"product_cat-meened","7":"product_cat-t-sargid","9":"first","10":"instock","11":"taxable","12":"shipping-taxable","13":"purchasable","14":"product-type-variable"},"_links":{"self":[{"href":"https:\/\/pood.ajaloomuuseum.ee\/en\/wp-json\/wp\/v2\/product\/18200","targetHints":{"allow":["GET"]}}],"collection":[{"href":"https:\/\/pood.ajaloomuuseum.ee\/en\/wp-json\/wp\/v2\/product"}],"about":[{"href":"https:\/\/pood.ajaloomuuseum.ee\/en\/wp-json\/wp\/v2\/types\/product"}],"version-history":[{"count":3,"href":"https:\/\/pood.ajaloomuuseum.ee\/en\/wp-json\/wp\/v2\/product\/18200\/revisions"}],"predecessor-version":[{"id":35051,"href":"https:\/\/pood.ajaloomuuseum.ee\/en\/wp-json\/wp\/v2\/product\/18200\/revisions\/35051"}],"wp:featuredmedia":[{"embeddable":true,"href":"https:\/\/pood.ajaloomuuseum.ee\/en\/wp-json\/wp\/v2\/media\/35049"}],"wp:attachment":[{"href":"https:\/\/pood.ajaloomuuseum.ee\/en\/wp-json\/wp\/v2\/media?parent=18200"}],"wp:term":[{"taxonomy":"product_brand","embeddable":true,"href":"https:\/\/pood.ajaloomuuseum.ee\/en\/wp-json\/wp\/v2\/product_brand?post=18200"},{"taxonomy":"product_cat","embeddable":true,"href":"https:\/\/pood.ajaloomuuseum.ee\/en\/wp-json\/wp\/v2\/product_cat?post=18200"},{"taxonomy":"product_tag","embeddable":true,"href":"https:\/\/pood.ajaloomuuseum.ee\/en\/wp-json\/wp\/v2\/product_tag?post=18200"}],"curies":[{"name":"wp","href":"https:\/\/api.w.org\/{rel}","templated":true}]}}