{"id":18202,"date":"2022-06-29T16:34:05","date_gmt":"2022-06-29T13:34:05","guid":{"rendered":"https:\/\/pood.ajaloomuuseum.ee\/?post_type=product&#038;p=18202"},"modified":"2026-04-16T03:06:04","modified_gmt":"2026-04-16T00:06:04","slug":"t-sark-solega","status":"publish","type":"product","link":"https:\/\/pood.ajaloomuuseum.ee\/en\/toode\/t-sark-solega\/","title":{"rendered":"T- s\u00e4rk s\u00f5lega"},"content":{"rendered":"<p class=\"x_MsoNormal\">Eesti Ajaloomuuseumi kogusse kuuluva h\u00f5bedast kuhiks\u00f5le (dateering 1835- 1855) meister on Johan Caspar Eberhardt (1814- 1855).<\/p>\n<p class=\"x_MsoNormal\">T- s\u00e4rgi disaini autor on tekstiilikunstnik Mari Aruoja.<\/p>\n<p>&nbsp;<\/p>\n<p><img fetchpriority=\"high\" decoding=\"async\" class=\"alignnone size-medium wp-image-34800\" src=\"https:\/\/pood.ajaloomuuseum.ee\/wp-content\/uploads\/2022\/06\/Naiste-moodutabel-t-sark-ajaloomuuseum-300x300.jpg\" alt=\"Naiste m\u00f5\u00f5dutabel t-s\u00e4rk\" width=\"300\" height=\"300\" srcset=\"https:\/\/pood.ajaloomuuseum.ee\/wp-content\/uploads\/2022\/06\/Naiste-moodutabel-t-sark-ajaloomuuseum-300x300.jpg 300w, https:\/\/pood.ajaloomuuseum.ee\/wp-content\/uploads\/2022\/06\/Naiste-moodutabel-t-sark-ajaloomuuseum-1024x1024.jpg 1024w, https:\/\/pood.ajaloomuuseum.ee\/wp-content\/uploads\/2022\/06\/Naiste-moodutabel-t-sark-ajaloomuuseum-150x150.jpg 150w, https:\/\/pood.ajaloomuuseum.ee\/wp-content\/uploads\/2022\/06\/Naiste-moodutabel-t-sark-ajaloomuuseum-768x768.jpg 768w, https:\/\/pood.ajaloomuuseum.ee\/wp-content\/uploads\/2022\/06\/Naiste-moodutabel-t-sark-ajaloomuuseum-350x350.jpg 350w, https:\/\/pood.ajaloomuuseum.ee\/wp-content\/uploads\/2022\/06\/Naiste-moodutabel-t-sark-ajaloomuuseum-680x680.jpg 680w, https:\/\/pood.ajaloomuuseum.ee\/wp-content\/uploads\/2022\/06\/Naiste-moodutabel-t-sark-ajaloomuuseum-100x100.jpg 100w, https:\/\/pood.ajaloomuuseum.ee\/wp-content\/uploads\/2022\/06\/Naiste-moodutabel-t-sark-ajaloomuuseum.jpg 1080w\" sizes=\"(max-width: 300px) 100vw, 300px\" \/><\/p>\n<p>&nbsp;<\/p>\n","protected":false},"excerpt":{"rendered":"<p>T-s\u00e4rgi materjal 100% puuvill.<\/p>\n","protected":false},"featured_media":34857,"template":"","meta":{"inline_featured_image":false},"product_brand":[],"product_cat":[28,66],"product_tag":[],"class_list":{"0":"post-18202","1":"product","2":"type-product","3":"status-publish","4":"has-post-thumbnail","6":"product_cat-meened","7":"product_cat-t-sargid","9":"first","10":"instock","11":"taxable","12":"shipping-taxable","13":"purchasable","14":"product-type-variable"},"_links":{"self":[{"href":"https:\/\/pood.ajaloomuuseum.ee\/en\/wp-json\/wp\/v2\/product\/18202","targetHints":{"allow":["GET"]}}],"collection":[{"href":"https:\/\/pood.ajaloomuuseum.ee\/en\/wp-json\/wp\/v2\/product"}],"about":[{"href":"https:\/\/pood.ajaloomuuseum.ee\/en\/wp-json\/wp\/v2\/types\/product"}],"version-history":[{"count":6,"href":"https:\/\/pood.ajaloomuuseum.ee\/en\/wp-json\/wp\/v2\/product\/18202\/revisions"}],"predecessor-version":[{"id":34860,"href":"https:\/\/pood.ajaloomuuseum.ee\/en\/wp-json\/wp\/v2\/product\/18202\/revisions\/34860"}],"wp:featuredmedia":[{"embeddable":true,"href":"https:\/\/pood.ajaloomuuseum.ee\/en\/wp-json\/wp\/v2\/media\/34857"}],"wp:attachment":[{"href":"https:\/\/pood.ajaloomuuseum.ee\/en\/wp-json\/wp\/v2\/media?parent=18202"}],"wp:term":[{"taxonomy":"product_brand","embeddable":true,"href":"https:\/\/pood.ajaloomuuseum.ee\/en\/wp-json\/wp\/v2\/product_brand?post=18202"},{"taxonomy":"product_cat","embeddable":true,"href":"https:\/\/pood.ajaloomuuseum.ee\/en\/wp-json\/wp\/v2\/product_cat?post=18202"},{"taxonomy":"product_tag","embeddable":true,"href":"https:\/\/pood.ajaloomuuseum.ee\/en\/wp-json\/wp\/v2\/product_tag?post=18202"}],"curies":[{"name":"wp","href":"https:\/\/api.w.org\/{rel}","templated":true}]}}