{"id":21563,"date":"2022-05-18T23:47:31","date_gmt":"2022-05-18T20:47:31","guid":{"rendered":"https:\/\/pood.ajaloomuuseum.ee\/product\/maarjamae-center-adult\/"},"modified":"2025-07-03T21:20:54","modified_gmt":"2025-07-03T18:20:54","slug":"adult-maarjamae-center-2","status":"publish","type":"product","link":"https:\/\/pood.ajaloomuuseum.ee\/en\/toode\/adult-maarjamae-center-2\/","title":{"rendered":"Maarjam\u00e4e Center &#8211; Adult ticket"},"content":{"rendered":"","protected":false},"excerpt":{"rendered":"<p>Maarjam\u00e4e Center (Maarjam\u00e4e Castle, Film Museum)<\/p>\n","protected":false},"featured_media":3312,"template":"","meta":{"inline_featured_image":false},"product_brand":[],"product_cat":[139,122],"product_tag":[],"class_list":{"0":"post-21563","1":"product","2":"type-product","3":"status-publish","4":"has-post-thumbnail","6":"product_cat-maarjamae-center-of-the-history-museum","7":"product_cat-piletid-en","9":"first","10":"instock","11":"virtual","12":"taxable","13":"purchasable","14":"product-type-simple"},"_links":{"self":[{"href":"https:\/\/pood.ajaloomuuseum.ee\/en\/wp-json\/wp\/v2\/product\/21563","targetHints":{"allow":["GET"]}}],"collection":[{"href":"https:\/\/pood.ajaloomuuseum.ee\/en\/wp-json\/wp\/v2\/product"}],"about":[{"href":"https:\/\/pood.ajaloomuuseum.ee\/en\/wp-json\/wp\/v2\/types\/product"}],"version-history":[{"count":3,"href":"https:\/\/pood.ajaloomuuseum.ee\/en\/wp-json\/wp\/v2\/product\/21563\/revisions"}],"predecessor-version":[{"id":84339,"href":"https:\/\/pood.ajaloomuuseum.ee\/en\/wp-json\/wp\/v2\/product\/21563\/revisions\/84339"}],"wp:featuredmedia":[{"embeddable":true,"href":"https:\/\/pood.ajaloomuuseum.ee\/en\/wp-json\/wp\/v2\/media\/3312"}],"wp:attachment":[{"href":"https:\/\/pood.ajaloomuuseum.ee\/en\/wp-json\/wp\/v2\/media?parent=21563"}],"wp:term":[{"taxonomy":"product_brand","embeddable":true,"href":"https:\/\/pood.ajaloomuuseum.ee\/en\/wp-json\/wp\/v2\/product_brand?post=21563"},{"taxonomy":"product_cat","embeddable":true,"href":"https:\/\/pood.ajaloomuuseum.ee\/en\/wp-json\/wp\/v2\/product_cat?post=21563"},{"taxonomy":"product_tag","embeddable":true,"href":"https:\/\/pood.ajaloomuuseum.ee\/en\/wp-json\/wp\/v2\/product_tag?post=21563"}],"curies":[{"name":"wp","href":"https:\/\/api.w.org\/{rel}","templated":true}]}}