{"id":34663,"date":"2022-07-19T10:15:50","date_gmt":"2022-07-19T07:15:50","guid":{"rendered":"https:\/\/pood.ajaloomuuseum.ee\/?post_type=product&#038;p=34663"},"modified":"2026-04-09T22:21:04","modified_gmt":"2026-04-09T19:21:04","slug":"pirita-nunna-kullatud-hobesormus","status":"publish","type":"product","link":"https:\/\/pood.ajaloomuuseum.ee\/en\/toode\/pirita-nunna-kullatud-hobesormus\/","title":{"rendered":"Pirita nunna kullatud h\u00f5bes\u00f5rmus"},"content":{"rendered":"<p><span data-sheets-value=\"{&quot;1&quot;:2,&quot;2&quot;:&quot;Kolgata gruppi kujutav kullatud h\u00f5bes\u00f5rmus on koopia 2017. aastal Eesti Ajaloomuuseumi omandatud kulds\u00f5rmusest. Et kolm sarnase kujundusega keskaegset kulds\u00f5rmust olid varem leitud Pirita kloostri varemetest ja kuulunud sealsetele \u00f5dedele, on ka k\u00e4esoleva s\u00f5rmuse puhul t\u00f5en\u00e4oliselt tegemist nunna rekvisiidiga.&quot;}\" data-sheets-userformat=\"{&quot;2&quot;:6659,&quot;3&quot;:{&quot;1&quot;:0},&quot;4&quot;:{&quot;1&quot;:2,&quot;2&quot;:16777215},&quot;12&quot;:0,&quot;14&quot;:{&quot;1&quot;:2,&quot;2&quot;:0},&quot;15&quot;:&quot;\\&quot;Times New Roman\\&quot;, serif&quot;}\">Kolgata gruppi kujutav kullatud h\u00f5bes\u00f5rmus on koopia 2017. aastal Eesti Ajaloomuuseumi omandatud kulds\u00f5rmusest. Et kolm sarnase kujundusega keskaegset kulds\u00f5rmust olid varem leitud Pirita kloostri varemetest ja kuulunud sealsetele \u00f5dedele, on ka k\u00e4esoleva s\u00f5rmuse puhul t\u00f5en\u00e4oliselt tegemist nunna rekvisiidiga.<\/span><\/p>\n","protected":false},"excerpt":{"rendered":"<p><span data-sheets-value=\"{&quot;1&quot;:2,&quot;2&quot;:&quot;M\u00f5\u00f5dud: Suurus 18 mm. Dekoori laius 15 mm. kaal 7,7g. Materjal: kullatud h\u00f5be. Kontaktkoopia.&quot;}\" data-sheets-userformat=\"{&quot;2&quot;:6979,&quot;3&quot;:{&quot;1&quot;:0},&quot;4&quot;:{&quot;1&quot;:2,&quot;2&quot;:16777215},&quot;9&quot;:0,&quot;11&quot;:4,&quot;12&quot;:0,&quot;14&quot;:{&quot;1&quot;:2,&quot;2&quot;:0},&quot;15&quot;:&quot;Arial&quot;}\">M\u00f5\u00f5dud: Suurus 18 mm. Dekoori laius 15 mm. kaal 7,7g. Materjal: kullatud h\u00f5be. Kontaktkoopia.<\/span><\/p>\n","protected":false},"featured_media":35568,"template":"","meta":{"inline_featured_image":false},"product_brand":[],"product_cat":[90,61],"product_tag":[],"class_list":{"0":"post-34663","1":"product","2":"type-product","3":"status-publish","4":"has-post-thumbnail","6":"product_cat-ehted","7":"product_cat-haruldused","9":"first","10":"instock","11":"taxable","12":"shipping-taxable","13":"purchasable","14":"product-type-variable"},"_links":{"self":[{"href":"https:\/\/pood.ajaloomuuseum.ee\/en\/wp-json\/wp\/v2\/product\/34663","targetHints":{"allow":["GET"]}}],"collection":[{"href":"https:\/\/pood.ajaloomuuseum.ee\/en\/wp-json\/wp\/v2\/product"}],"about":[{"href":"https:\/\/pood.ajaloomuuseum.ee\/en\/wp-json\/wp\/v2\/types\/product"}],"version-history":[{"count":3,"href":"https:\/\/pood.ajaloomuuseum.ee\/en\/wp-json\/wp\/v2\/product\/34663\/revisions"}],"predecessor-version":[{"id":35403,"href":"https:\/\/pood.ajaloomuuseum.ee\/en\/wp-json\/wp\/v2\/product\/34663\/revisions\/35403"}],"wp:featuredmedia":[{"embeddable":true,"href":"https:\/\/pood.ajaloomuuseum.ee\/en\/wp-json\/wp\/v2\/media\/35568"}],"wp:attachment":[{"href":"https:\/\/pood.ajaloomuuseum.ee\/en\/wp-json\/wp\/v2\/media?parent=34663"}],"wp:term":[{"taxonomy":"product_brand","embeddable":true,"href":"https:\/\/pood.ajaloomuuseum.ee\/en\/wp-json\/wp\/v2\/product_brand?post=34663"},{"taxonomy":"product_cat","embeddable":true,"href":"https:\/\/pood.ajaloomuuseum.ee\/en\/wp-json\/wp\/v2\/product_cat?post=34663"},{"taxonomy":"product_tag","embeddable":true,"href":"https:\/\/pood.ajaloomuuseum.ee\/en\/wp-json\/wp\/v2\/product_tag?post=34663"}],"curies":[{"name":"wp","href":"https:\/\/api.w.org\/{rel}","templated":true}]}}