{"id":35723,"date":"2023-01-06T12:35:18","date_gmt":"2023-01-06T09:35:18","guid":{"rendered":"https:\/\/pood.ajaloomuuseum.ee\/?post_type=product&#038;p=35723"},"modified":"2026-04-17T12:31:03","modified_gmt":"2026-04-17T09:31:03","slug":"laanemaa-muinasajast-lihula-keskaega","status":"publish","type":"product","link":"https:\/\/pood.ajaloomuuseum.ee\/en\/toode\/laanemaa-muinasajast-lihula-keskaega\/","title":{"rendered":"L\u00e4\u00e4nemaa muinasajast Lihula keskaega"},"content":{"rendered":"<p>Nende kaante vahel jutustatakse juba 19. sajandil alanud L\u00e4\u00e4nemaa muinasaja arheoloogilisest uurimisest, mis on j\u00e4tkunud t\u00f6\u00f6dega erinevatel L\u00e4\u00e4nemaa m\u00e4lestistel siiani. Kirjutatakse ka kaevamistest Lihula linnusel ja keskaegse aleviku alal. Anal\u00fc\u00fcsitakse, mida uut \u00fcks v\u00f5i teine ekspeditsioon teadusele andis, ning mainitakse huvitavamaid leide. P\u00f5gusalt peatutakse ka 50 aastat kestnud L\u00e4\u00e4nemaa muististe v\u00e4ljaselgitamisel ning populariseerimisel.<br \/>\nEraldi tekstiosas jutustatakse ekspeditsiooni liikmete elust kaevamistel ja toimunud huvitavamatest juhtumustest.<br \/>\nP\u00f5hitekstile on lisatud kolme uurimist\u00f6\u00f6del osalenud inimese v\u00e4rvikad m\u00e4lestused.<br \/>\nRaamat on m\u00f5eldud t\u00e4nut\u00e4heks sadadele kaevamistel osalenutele, kes veetsid L\u00e4\u00e4nemaal t\u00f6\u00f6tades osakese oma noorusajast, andes panuse selle Eesti piirkonna ajaloo uurimisse.<\/p>\n<p>Kirjastuselt SA Eesti Ajaloomuuseum.<\/p>\n","protected":false},"excerpt":{"rendered":"<p>Autor: Mati Mandel<\/p>\n<p>Kujundaja: Aime Andresson<\/p>\n<p>Ilmumisaasta: 2022<\/p>\n<p>Formaat: 22,8 x 28,2 cm. LK 273<\/p>\n","protected":false},"featured_media":35729,"template":"","meta":{"inline_featured_image":false},"product_brand":[],"product_cat":[55,184,20],"product_tag":[],"class_list":{"0":"post-35723","1":"product","2":"type-product","3":"status-publish","4":"has-post-thumbnail","6":"product_cat-ajalugu","7":"product_cat-mati-mandel","8":"product_cat-raamatud","10":"first","11":"instock","12":"taxable","13":"shipping-taxable","14":"purchasable","15":"product-type-simple"},"_links":{"self":[{"href":"https:\/\/pood.ajaloomuuseum.ee\/en\/wp-json\/wp\/v2\/product\/35723","targetHints":{"allow":["GET"]}}],"collection":[{"href":"https:\/\/pood.ajaloomuuseum.ee\/en\/wp-json\/wp\/v2\/product"}],"about":[{"href":"https:\/\/pood.ajaloomuuseum.ee\/en\/wp-json\/wp\/v2\/types\/product"}],"version-history":[{"count":4,"href":"https:\/\/pood.ajaloomuuseum.ee\/en\/wp-json\/wp\/v2\/product\/35723\/revisions"}],"predecessor-version":[{"id":35738,"href":"https:\/\/pood.ajaloomuuseum.ee\/en\/wp-json\/wp\/v2\/product\/35723\/revisions\/35738"}],"wp:featuredmedia":[{"embeddable":true,"href":"https:\/\/pood.ajaloomuuseum.ee\/en\/wp-json\/wp\/v2\/media\/35729"}],"wp:attachment":[{"href":"https:\/\/pood.ajaloomuuseum.ee\/en\/wp-json\/wp\/v2\/media?parent=35723"}],"wp:term":[{"taxonomy":"product_brand","embeddable":true,"href":"https:\/\/pood.ajaloomuuseum.ee\/en\/wp-json\/wp\/v2\/product_brand?post=35723"},{"taxonomy":"product_cat","embeddable":true,"href":"https:\/\/pood.ajaloomuuseum.ee\/en\/wp-json\/wp\/v2\/product_cat?post=35723"},{"taxonomy":"product_tag","embeddable":true,"href":"https:\/\/pood.ajaloomuuseum.ee\/en\/wp-json\/wp\/v2\/product_tag?post=35723"}],"curies":[{"name":"wp","href":"https:\/\/api.w.org\/{rel}","templated":true}]}}