{"id":36020,"date":"2023-06-08T15:35:39","date_gmt":"2023-06-08T12:35:39","guid":{"rendered":"https:\/\/pood.ajaloomuuseum.ee\/?post_type=product&#038;p=36020"},"modified":"2026-04-09T22:21:02","modified_gmt":"2026-04-09T19:21:02","slug":"korvarongad-maidla-voonaastust-hobe","status":"publish","type":"product","link":"https:\/\/pood.ajaloomuuseum.ee\/en\/toode\/korvarongad-maidla-voonaastust-hobe\/","title":{"rendered":"K\u00f5rvar\u00f5ngad Maidla v\u00f6\u00f6naastust h\u00f5be"},"content":{"rendered":"<p>H\u00f5bedast k\u00f5rvar\u00f5ngad on kontaktkoopia ristimotiiviga v\u00f6\u00f6naastust (11. ja 12. sajand). Neid kasutati v\u00f6\u00f6de kaunistamiseks k\u00f5ikjal L\u00e4\u00e4nemere maades ja neid leiti Maidla kalmetest \u00fcsna arvukalt.<\/p>\n","protected":false},"excerpt":{"rendered":"<p>Materjal: h\u00f5be, m\u00f5\u00f5dud 1,6 x 1,6 x 0,4 cm, kaal 8,36 grammi.<\/p>\n","protected":false},"featured_media":36059,"template":"","meta":{"inline_featured_image":false},"product_brand":[],"product_cat":[90,61],"product_tag":[],"class_list":{"0":"post-36020","1":"product","2":"type-product","3":"status-publish","4":"has-post-thumbnail","6":"product_cat-ehted","7":"product_cat-haruldused","9":"first","10":"instock","11":"taxable","12":"shipping-taxable","13":"purchasable","14":"product-type-simple"},"_links":{"self":[{"href":"https:\/\/pood.ajaloomuuseum.ee\/en\/wp-json\/wp\/v2\/product\/36020","targetHints":{"allow":["GET"]}}],"collection":[{"href":"https:\/\/pood.ajaloomuuseum.ee\/en\/wp-json\/wp\/v2\/product"}],"about":[{"href":"https:\/\/pood.ajaloomuuseum.ee\/en\/wp-json\/wp\/v2\/types\/product"}],"version-history":[{"count":2,"href":"https:\/\/pood.ajaloomuuseum.ee\/en\/wp-json\/wp\/v2\/product\/36020\/revisions"}],"predecessor-version":[{"id":36064,"href":"https:\/\/pood.ajaloomuuseum.ee\/en\/wp-json\/wp\/v2\/product\/36020\/revisions\/36064"}],"wp:featuredmedia":[{"embeddable":true,"href":"https:\/\/pood.ajaloomuuseum.ee\/en\/wp-json\/wp\/v2\/media\/36059"}],"wp:attachment":[{"href":"https:\/\/pood.ajaloomuuseum.ee\/en\/wp-json\/wp\/v2\/media?parent=36020"}],"wp:term":[{"taxonomy":"product_brand","embeddable":true,"href":"https:\/\/pood.ajaloomuuseum.ee\/en\/wp-json\/wp\/v2\/product_brand?post=36020"},{"taxonomy":"product_cat","embeddable":true,"href":"https:\/\/pood.ajaloomuuseum.ee\/en\/wp-json\/wp\/v2\/product_cat?post=36020"},{"taxonomy":"product_tag","embeddable":true,"href":"https:\/\/pood.ajaloomuuseum.ee\/en\/wp-json\/wp\/v2\/product_tag?post=36020"}],"curies":[{"name":"wp","href":"https:\/\/api.w.org\/{rel}","templated":true}]}}