{"id":36022,"date":"2023-06-08T15:35:39","date_gmt":"2023-06-08T12:35:39","guid":{"rendered":"https:\/\/pood.ajaloomuuseum.ee\/?post_type=product&#038;p=36022"},"modified":"2026-04-09T22:21:02","modified_gmt":"2026-04-09T19:21:02","slug":"pross-maidla-ehtenaastust-hobe","status":"publish","type":"product","link":"https:\/\/pood.ajaloomuuseum.ee\/en\/toode\/pross-maidla-ehtenaastust-hobe\/","title":{"rendered":"Pross Maidla ehtenaastust h\u00f5be"},"content":{"rendered":"<p>H\u00f5bedast pross on kontaktkoopia pronksist Urnesi stiilis ehtenaastust (11. saiandi keskpaik). Taolisi ehtenaaste on leitud Eestist kaheksa ja neist neli Maidla kivikalmest. Kus ja kuidas neid kasutati, pole aga teada.<\/p>\n","protected":false},"excerpt":{"rendered":"<p>Materjal: h\u00f5be, m\u00f5\u00f5dud 5,9 x 2,3 x 0,7 cm, kaal 18,55 grammi.<\/p>\n","protected":false},"featured_media":36051,"template":"","meta":{"inline_featured_image":false},"product_brand":[],"product_cat":[90,61],"product_tag":[],"class_list":{"0":"post-36022","1":"product","2":"type-product","3":"status-publish","4":"has-post-thumbnail","6":"product_cat-ehted","7":"product_cat-haruldused","9":"first","10":"instock","11":"taxable","12":"shipping-taxable","13":"purchasable","14":"product-type-simple"},"_links":{"self":[{"href":"https:\/\/pood.ajaloomuuseum.ee\/en\/wp-json\/wp\/v2\/product\/36022","targetHints":{"allow":["GET"]}}],"collection":[{"href":"https:\/\/pood.ajaloomuuseum.ee\/en\/wp-json\/wp\/v2\/product"}],"about":[{"href":"https:\/\/pood.ajaloomuuseum.ee\/en\/wp-json\/wp\/v2\/types\/product"}],"version-history":[{"count":2,"href":"https:\/\/pood.ajaloomuuseum.ee\/en\/wp-json\/wp\/v2\/product\/36022\/revisions"}],"predecessor-version":[{"id":36054,"href":"https:\/\/pood.ajaloomuuseum.ee\/en\/wp-json\/wp\/v2\/product\/36022\/revisions\/36054"}],"wp:featuredmedia":[{"embeddable":true,"href":"https:\/\/pood.ajaloomuuseum.ee\/en\/wp-json\/wp\/v2\/media\/36051"}],"wp:attachment":[{"href":"https:\/\/pood.ajaloomuuseum.ee\/en\/wp-json\/wp\/v2\/media?parent=36022"}],"wp:term":[{"taxonomy":"product_brand","embeddable":true,"href":"https:\/\/pood.ajaloomuuseum.ee\/en\/wp-json\/wp\/v2\/product_brand?post=36022"},{"taxonomy":"product_cat","embeddable":true,"href":"https:\/\/pood.ajaloomuuseum.ee\/en\/wp-json\/wp\/v2\/product_cat?post=36022"},{"taxonomy":"product_tag","embeddable":true,"href":"https:\/\/pood.ajaloomuuseum.ee\/en\/wp-json\/wp\/v2\/product_tag?post=36022"}],"curies":[{"name":"wp","href":"https:\/\/api.w.org\/{rel}","templated":true}]}}