{"id":36032,"date":"2023-06-09T14:05:39","date_gmt":"2023-06-09T11:05:39","guid":{"rendered":"https:\/\/pood.ajaloomuuseum.ee\/?post_type=product&#038;p=36032"},"modified":"2026-04-16T19:26:02","modified_gmt":"2026-04-16T16:26:02","slug":"kulden-gotthard-kettler","status":"publish","type":"product","link":"https:\/\/pood.ajaloomuuseum.ee\/en\/toode\/kulden-gotthard-kettler\/","title":{"rendered":"Kulden Gotthard Kettler"},"content":{"rendered":"<p><span data-sheets-root=\"1\" data-sheets-value=\"{&quot;1&quot;:2,&quot;2&quot;:&quot;Saksa ordu Liivimaa meister Gotthard Kettler (1559\u20131561), kulden&quot;}\" data-sheets-userformat=\"{&quot;2&quot;:53761,&quot;3&quot;:{&quot;1&quot;:0},&quot;12&quot;:0,&quot;15&quot;:&quot;\\&quot;Monotype Corsiva\\&quot;&quot;,&quot;17&quot;:1,&quot;18&quot;:1}\">Saksa ordu Liivimaa meister Gotthard Kettler (1559\u20131561), kulden<\/span><\/p>\n<p><span data-sheets-root=\"1\" data-sheets-value=\"{&quot;1&quot;:2,&quot;2&quot;:&quot;S\u00f5jameestele palga maksmiseks Liivi s\u00f5ja ajal vermisid maaisandad Riias ja Tallinnas v\u00e4heses koguses kuldm\u00fcnte. T\u00e4nap\u00e4eval on need rahad muutunud \u00e4\u00e4rmiselt haruldaseks (viimati m\u00fc\u00fcdi oksjonil enam kui 400 000 krooni eest).&quot;}\" data-sheets-userformat=\"{&quot;2&quot;:53761,&quot;3&quot;:{&quot;1&quot;:0},&quot;12&quot;:0,&quot;15&quot;:&quot;\\&quot;Monotype Corsiva\\&quot;&quot;,&quot;17&quot;:1,&quot;18&quot;:1}\">S\u00f5jameestele palga maksmiseks Liivi s\u00f5ja ajal vermisid maaisandad Riias ja Tallinnas v\u00e4heses koguses kuldm\u00fcnte. T\u00e4nap\u00e4eval on need rahad muutunud \u00e4\u00e4rmiselt haruldaseks (viimati m\u00fc\u00fcdi oksjonil enam kui 400 000 krooni eest).<\/span><\/p>\n","protected":false},"excerpt":{"rendered":"<p><span data-sheets-root=\"1\" data-sheets-value=\"{&quot;1&quot;:2,&quot;2&quot;:&quot;M\u00f5\u00f5dud: dm 29 mm, kaal&quot;}\" data-sheets-userformat=\"{&quot;2&quot;:769,&quot;3&quot;:{&quot;1&quot;:0},&quot;11&quot;:4,&quot;12&quot;:0}\">M\u00f5\u00f5t: dm 29 mm<\/span><\/p>\n<p><span data-sheets-root=\"1\" data-sheets-value=\"{&quot;1&quot;:2,&quot;2&quot;:&quot;materjal kullatud h\u00f5be. Kontaktkoopia.&quot;}\" data-sheets-userformat=\"{&quot;2&quot;:769,&quot;3&quot;:{&quot;1&quot;:0},&quot;11&quot;:4,&quot;12&quot;:0}\">Materjal kullatud h\u00f5be<\/span><\/p>\n<p><span data-sheets-root=\"1\" data-sheets-value=\"{&quot;1&quot;:2,&quot;2&quot;:&quot;materjal kullatud h\u00f5be. Kontaktkoopia.&quot;}\" data-sheets-userformat=\"{&quot;2&quot;:769,&quot;3&quot;:{&quot;1&quot;:0},&quot;11&quot;:4,&quot;12&quot;:0}\">Kontaktkoopia.<\/span><\/p>\n","protected":false},"featured_media":64481,"template":"","meta":{"inline_featured_image":false},"product_brand":[],"product_cat":[61,89],"product_tag":[],"class_list":{"0":"post-36032","1":"product","2":"type-product","3":"status-publish","4":"has-post-thumbnail","6":"product_cat-haruldused","7":"product_cat-mundid","9":"first","10":"instock","11":"taxable","12":"shipping-taxable","13":"purchasable","14":"product-type-simple"},"_links":{"self":[{"href":"https:\/\/pood.ajaloomuuseum.ee\/en\/wp-json\/wp\/v2\/product\/36032","targetHints":{"allow":["GET"]}}],"collection":[{"href":"https:\/\/pood.ajaloomuuseum.ee\/en\/wp-json\/wp\/v2\/product"}],"about":[{"href":"https:\/\/pood.ajaloomuuseum.ee\/en\/wp-json\/wp\/v2\/types\/product"}],"version-history":[{"count":3,"href":"https:\/\/pood.ajaloomuuseum.ee\/en\/wp-json\/wp\/v2\/product\/36032\/revisions"}],"predecessor-version":[{"id":64491,"href":"https:\/\/pood.ajaloomuuseum.ee\/en\/wp-json\/wp\/v2\/product\/36032\/revisions\/64491"}],"wp:featuredmedia":[{"embeddable":true,"href":"https:\/\/pood.ajaloomuuseum.ee\/en\/wp-json\/wp\/v2\/media\/64481"}],"wp:attachment":[{"href":"https:\/\/pood.ajaloomuuseum.ee\/en\/wp-json\/wp\/v2\/media?parent=36032"}],"wp:term":[{"taxonomy":"product_brand","embeddable":true,"href":"https:\/\/pood.ajaloomuuseum.ee\/en\/wp-json\/wp\/v2\/product_brand?post=36032"},{"taxonomy":"product_cat","embeddable":true,"href":"https:\/\/pood.ajaloomuuseum.ee\/en\/wp-json\/wp\/v2\/product_cat?post=36032"},{"taxonomy":"product_tag","embeddable":true,"href":"https:\/\/pood.ajaloomuuseum.ee\/en\/wp-json\/wp\/v2\/product_tag?post=36032"}],"curies":[{"name":"wp","href":"https:\/\/api.w.org\/{rel}","templated":true}]}}