{"id":36073,"date":"2023-07-03T13:31:23","date_gmt":"2023-07-03T10:31:23","guid":{"rendered":"https:\/\/pood.ajaloomuuseum.ee\/?post_type=product&#038;p=36073"},"modified":"2026-04-15T22:21:02","modified_gmt":"2026-04-15T19:21:02","slug":"pastillikarp-miks-eesti-ei-ole-kuningriik","status":"publish","type":"product","link":"https:\/\/pood.ajaloomuuseum.ee\/en\/toode\/pastillikarp-miks-eesti-ei-ole-kuningriik\/","title":{"rendered":"Pastillikarp Miks Eesti ei ole kuningriik?"},"content":{"rendered":"<p>Piparm\u00fcndipastillid 25 gr, koostis: dekstroos, gl\u00fckoosi siirup, glasuuriaine, magneesiumstearaat, aroomiaine, piparm\u00fcndi\u00f5li. Energia sisaldus 100 gr: 1570 kj; 370 cal.<\/p>\n<p>Plekist karbi m\u00f5\u00f5dud on\u00a0\u00a06X4,9X1,7 CM. Parim enne 04.2026.<\/p>\n<p>Pastillikarbi meene Suurgildi n\u00e4ituselt <a href=\"https:\/\/www.ajaloomuuseum.ee\/naitused\/ekspositsioonid\/miks-eesti-ei-ole-kuningriik\">&#8220;Miks Eesti ei ole kuningriik?<\/a>&#8220;.<\/p>\n","protected":false},"excerpt":{"rendered":"<p>Piparm\u00fcndipastillid 25 gr.<\/p>\n","protected":false},"featured_media":36087,"template":"","meta":{"inline_featured_image":false},"product_brand":[],"product_cat":[28,67],"product_tag":[],"class_list":{"0":"post-36073","1":"product","2":"type-product","3":"status-publish","4":"has-post-thumbnail","6":"product_cat-meened","7":"product_cat-muuseumi-meened","9":"first","10":"instock","11":"taxable","12":"shipping-taxable","13":"purchasable","14":"product-type-simple"},"_links":{"self":[{"href":"https:\/\/pood.ajaloomuuseum.ee\/en\/wp-json\/wp\/v2\/product\/36073","targetHints":{"allow":["GET"]}}],"collection":[{"href":"https:\/\/pood.ajaloomuuseum.ee\/en\/wp-json\/wp\/v2\/product"}],"about":[{"href":"https:\/\/pood.ajaloomuuseum.ee\/en\/wp-json\/wp\/v2\/types\/product"}],"version-history":[{"count":4,"href":"https:\/\/pood.ajaloomuuseum.ee\/en\/wp-json\/wp\/v2\/product\/36073\/revisions"}],"predecessor-version":[{"id":36092,"href":"https:\/\/pood.ajaloomuuseum.ee\/en\/wp-json\/wp\/v2\/product\/36073\/revisions\/36092"}],"wp:featuredmedia":[{"embeddable":true,"href":"https:\/\/pood.ajaloomuuseum.ee\/en\/wp-json\/wp\/v2\/media\/36087"}],"wp:attachment":[{"href":"https:\/\/pood.ajaloomuuseum.ee\/en\/wp-json\/wp\/v2\/media?parent=36073"}],"wp:term":[{"taxonomy":"product_brand","embeddable":true,"href":"https:\/\/pood.ajaloomuuseum.ee\/en\/wp-json\/wp\/v2\/product_brand?post=36073"},{"taxonomy":"product_cat","embeddable":true,"href":"https:\/\/pood.ajaloomuuseum.ee\/en\/wp-json\/wp\/v2\/product_cat?post=36073"},{"taxonomy":"product_tag","embeddable":true,"href":"https:\/\/pood.ajaloomuuseum.ee\/en\/wp-json\/wp\/v2\/product_tag?post=36073"}],"curies":[{"name":"wp","href":"https:\/\/api.w.org\/{rel}","templated":true}]}}