{"id":36118,"date":"2023-08-09T12:21:11","date_gmt":"2023-08-09T09:21:11","guid":{"rendered":"https:\/\/pood.ajaloomuuseum.ee\/?post_type=product&#038;p=36118"},"modified":"2026-04-09T20:46:03","modified_gmt":"2026-04-09T17:46:03","slug":"pastapliiats-ujuva-loviga","status":"publish","type":"product","link":"https:\/\/pood.ajaloomuuseum.ee\/en\/toode\/pastapliiats-ujuva-loviga\/","title":{"rendered":"Pastapliiats ujuva l\u00f5viga"},"content":{"rendered":"<p>Sinise sisuga punasest plastmassist pastapliiats on \u00fclemises osas l\u00e4bipaistev ja seal on n\u00e4ha Tallinna siluetti, mille ees liigub pastapliiatsit kallutades sinine l\u00f5vi.<\/p>\n","protected":false},"excerpt":{"rendered":"<p>M\u00f5\u00f5dud: pikkus 15 cm, laius koos kinnitusdetailiga 1,8 cm.<\/p>\n","protected":false},"featured_media":36127,"template":"","meta":{"inline_featured_image":false},"product_brand":[],"product_cat":[28,67],"product_tag":[],"class_list":{"0":"post-36118","1":"product","2":"type-product","3":"status-publish","4":"has-post-thumbnail","6":"product_cat-meened","7":"product_cat-muuseumi-meened","9":"first","10":"instock","11":"taxable","12":"shipping-taxable","13":"purchasable","14":"product-type-simple"},"_links":{"self":[{"href":"https:\/\/pood.ajaloomuuseum.ee\/en\/wp-json\/wp\/v2\/product\/36118","targetHints":{"allow":["GET"]}}],"collection":[{"href":"https:\/\/pood.ajaloomuuseum.ee\/en\/wp-json\/wp\/v2\/product"}],"about":[{"href":"https:\/\/pood.ajaloomuuseum.ee\/en\/wp-json\/wp\/v2\/types\/product"}],"version-history":[{"count":2,"href":"https:\/\/pood.ajaloomuuseum.ee\/en\/wp-json\/wp\/v2\/product\/36118\/revisions"}],"predecessor-version":[{"id":36130,"href":"https:\/\/pood.ajaloomuuseum.ee\/en\/wp-json\/wp\/v2\/product\/36118\/revisions\/36130"}],"wp:featuredmedia":[{"embeddable":true,"href":"https:\/\/pood.ajaloomuuseum.ee\/en\/wp-json\/wp\/v2\/media\/36127"}],"wp:attachment":[{"href":"https:\/\/pood.ajaloomuuseum.ee\/en\/wp-json\/wp\/v2\/media?parent=36118"}],"wp:term":[{"taxonomy":"product_brand","embeddable":true,"href":"https:\/\/pood.ajaloomuuseum.ee\/en\/wp-json\/wp\/v2\/product_brand?post=36118"},{"taxonomy":"product_cat","embeddable":true,"href":"https:\/\/pood.ajaloomuuseum.ee\/en\/wp-json\/wp\/v2\/product_cat?post=36118"},{"taxonomy":"product_tag","embeddable":true,"href":"https:\/\/pood.ajaloomuuseum.ee\/en\/wp-json\/wp\/v2\/product_tag?post=36118"}],"curies":[{"name":"wp","href":"https:\/\/api.w.org\/{rel}","templated":true}]}}