{"id":36120,"date":"2023-08-09T12:21:11","date_gmt":"2023-08-09T09:21:11","guid":{"rendered":"https:\/\/pood.ajaloomuuseum.ee\/?post_type=product&#038;p=36120"},"modified":"2026-04-18T12:31:03","modified_gmt":"2026-04-18T09:31:03","slug":"joogiklaasi-alus-1-kroon","status":"publish","type":"product","link":"https:\/\/pood.ajaloomuuseum.ee\/en\/toode\/joogiklaasi-alus-1-kroon\/","title":{"rendered":"Joogiklaasi alus 1 kroon"},"content":{"rendered":"<p>\u00dcmbert\u00f6\u00f6deldud PET vildist klaasialus 1 kroonise kujutisega. 1 kroonine m\u00fcnt on p\u00fchendatud \u00dcldlaulupeole ja on v\u00e4lja antud 1933. aastal.<\/p>\n","protected":false},"excerpt":{"rendered":"<p>Klaasialuse m\u00f5\u00f5dud: 9,5\u00d79,5\u00d70,3 cm<\/p>\n","protected":false},"featured_media":36131,"template":"","meta":{"inline_featured_image":false},"product_brand":[],"product_cat":[28,67],"product_tag":[],"class_list":{"0":"post-36120","1":"product","2":"type-product","3":"status-publish","4":"has-post-thumbnail","6":"product_cat-meened","7":"product_cat-muuseumi-meened","9":"first","10":"instock","11":"taxable","12":"shipping-taxable","13":"purchasable","14":"product-type-simple"},"_links":{"self":[{"href":"https:\/\/pood.ajaloomuuseum.ee\/en\/wp-json\/wp\/v2\/product\/36120","targetHints":{"allow":["GET"]}}],"collection":[{"href":"https:\/\/pood.ajaloomuuseum.ee\/en\/wp-json\/wp\/v2\/product"}],"about":[{"href":"https:\/\/pood.ajaloomuuseum.ee\/en\/wp-json\/wp\/v2\/types\/product"}],"version-history":[{"count":2,"href":"https:\/\/pood.ajaloomuuseum.ee\/en\/wp-json\/wp\/v2\/product\/36120\/revisions"}],"predecessor-version":[{"id":36134,"href":"https:\/\/pood.ajaloomuuseum.ee\/en\/wp-json\/wp\/v2\/product\/36120\/revisions\/36134"}],"wp:featuredmedia":[{"embeddable":true,"href":"https:\/\/pood.ajaloomuuseum.ee\/en\/wp-json\/wp\/v2\/media\/36131"}],"wp:attachment":[{"href":"https:\/\/pood.ajaloomuuseum.ee\/en\/wp-json\/wp\/v2\/media?parent=36120"}],"wp:term":[{"taxonomy":"product_brand","embeddable":true,"href":"https:\/\/pood.ajaloomuuseum.ee\/en\/wp-json\/wp\/v2\/product_brand?post=36120"},{"taxonomy":"product_cat","embeddable":true,"href":"https:\/\/pood.ajaloomuuseum.ee\/en\/wp-json\/wp\/v2\/product_cat?post=36120"},{"taxonomy":"product_tag","embeddable":true,"href":"https:\/\/pood.ajaloomuuseum.ee\/en\/wp-json\/wp\/v2\/product_tag?post=36120"}],"curies":[{"name":"wp","href":"https:\/\/api.w.org\/{rel}","templated":true}]}}