{"id":36121,"date":"2023-08-09T12:21:11","date_gmt":"2023-08-09T09:21:11","guid":{"rendered":"https:\/\/pood.ajaloomuuseum.ee\/?post_type=product&#038;p=36121"},"modified":"2026-04-14T16:21:04","modified_gmt":"2026-04-14T13:21:04","slug":"klambriga-objektiiv-nutitelefonile","status":"publish","type":"product","link":"https:\/\/pood.ajaloomuuseum.ee\/en\/toode\/klambriga-objektiiv-nutitelefonile\/","title":{"rendered":"Klambriga objektiiv nutitelefonile"},"content":{"rendered":"<p>Klambriga nutitelefoni k\u00fclge kinnitataval objektiivil on 3 p\u00f6\u00f6rlevat l\u00e4\u00e4tse ja 4 funktsiooni: kalasilm, makro ja lainurkobjektiivid ning ringpolarisatsioonfilter. Komplekt sisaldab l\u00e4\u00e4tsepuhastuslappi.<\/p>\n","protected":false},"excerpt":{"rendered":"<p>Objektiivide komplekti m\u00f5\u00f5dud: 6,4 x 8,1 cm; paksus 3,4 cm<\/p>\n","protected":false},"featured_media":36142,"template":"","meta":{"inline_featured_image":false},"product_brand":[],"product_cat":[28,67],"product_tag":[],"class_list":{"0":"post-36121","1":"product","2":"type-product","3":"status-publish","4":"has-post-thumbnail","6":"product_cat-meened","7":"product_cat-muuseumi-meened","9":"first","10":"instock","11":"taxable","12":"shipping-taxable","13":"purchasable","14":"product-type-simple"},"_links":{"self":[{"href":"https:\/\/pood.ajaloomuuseum.ee\/en\/wp-json\/wp\/v2\/product\/36121","targetHints":{"allow":["GET"]}}],"collection":[{"href":"https:\/\/pood.ajaloomuuseum.ee\/en\/wp-json\/wp\/v2\/product"}],"about":[{"href":"https:\/\/pood.ajaloomuuseum.ee\/en\/wp-json\/wp\/v2\/types\/product"}],"version-history":[{"count":2,"href":"https:\/\/pood.ajaloomuuseum.ee\/en\/wp-json\/wp\/v2\/product\/36121\/revisions"}],"predecessor-version":[{"id":36147,"href":"https:\/\/pood.ajaloomuuseum.ee\/en\/wp-json\/wp\/v2\/product\/36121\/revisions\/36147"}],"wp:featuredmedia":[{"embeddable":true,"href":"https:\/\/pood.ajaloomuuseum.ee\/en\/wp-json\/wp\/v2\/media\/36142"}],"wp:attachment":[{"href":"https:\/\/pood.ajaloomuuseum.ee\/en\/wp-json\/wp\/v2\/media?parent=36121"}],"wp:term":[{"taxonomy":"product_brand","embeddable":true,"href":"https:\/\/pood.ajaloomuuseum.ee\/en\/wp-json\/wp\/v2\/product_brand?post=36121"},{"taxonomy":"product_cat","embeddable":true,"href":"https:\/\/pood.ajaloomuuseum.ee\/en\/wp-json\/wp\/v2\/product_cat?post=36121"},{"taxonomy":"product_tag","embeddable":true,"href":"https:\/\/pood.ajaloomuuseum.ee\/en\/wp-json\/wp\/v2\/product_tag?post=36121"}],"curies":[{"name":"wp","href":"https:\/\/api.w.org\/{rel}","templated":true}]}}