{"id":60779,"date":"2024-03-22T22:41:56","date_gmt":"2024-03-22T19:41:56","guid":{"rendered":"https:\/\/pood.ajaloomuuseum.ee\/?post_type=product&#038;p=60779"},"modified":"2026-04-15T07:01:03","modified_gmt":"2026-04-15T04:01:03","slug":"riidest-kott-teatri-ja-muusikamuuseum-100","status":"publish","type":"product","link":"https:\/\/pood.ajaloomuuseum.ee\/en\/toode\/riidest-kott-teatri-ja-muusikamuuseum-100\/","title":{"rendered":"Riidest kott Teatri- ja Muusikamuuseum 100"},"content":{"rendered":"<p>Riidest kott Teatri- ja Muusikamuuseumi juubelin\u00e4ituse disainnumbritega 1- 100.<\/p>\n<p>M\u00f5\u00f5dud: laius 39 cm; k\u00f5rgus 41 cm; s\u00fcgavus 8 cm. Sangade pikkus 60 cm.<\/p>\n<p>Kott p\u00e4rineb juubelin\u00e4ituselt <a href=\"https:\/\/www.ajaloomuuseum.ee\/naitused\/ekspositsioonid\/tulekul-poorased-lood-teatrist-ja-muusikast\">&#8220;P\u00f6\u00f6rased lood teatrist ja muusikast&#8221;<\/a>. N\u00e4itus on avatud Teatri- ja Muusikamuuseumis teisip\u00e4evast p\u00fchap\u00e4evani.<\/p>\n<p><img fetchpriority=\"high\" decoding=\"async\" class=\"alignnone  wp-image-60821\" src=\"https:\/\/pood.ajaloomuuseum.ee\/wp-content\/uploads\/2024\/03\/fb-pais-1920x1005-1-300x157.jpg\" alt=\"\" width=\"573\" height=\"300\" srcset=\"https:\/\/pood.ajaloomuuseum.ee\/wp-content\/uploads\/2024\/03\/fb-pais-1920x1005-1-300x157.jpg 300w, https:\/\/pood.ajaloomuuseum.ee\/wp-content\/uploads\/2024\/03\/fb-pais-1920x1005-1-1024x536.jpg 1024w, https:\/\/pood.ajaloomuuseum.ee\/wp-content\/uploads\/2024\/03\/fb-pais-1920x1005-1-768x402.jpg 768w, https:\/\/pood.ajaloomuuseum.ee\/wp-content\/uploads\/2024\/03\/fb-pais-1920x1005-1-1536x804.jpg 1536w, https:\/\/pood.ajaloomuuseum.ee\/wp-content\/uploads\/2024\/03\/fb-pais-1920x1005-1-2048x1072.jpg 2048w, https:\/\/pood.ajaloomuuseum.ee\/wp-content\/uploads\/2024\/03\/fb-pais-1920x1005-1-350x183.jpg 350w, https:\/\/pood.ajaloomuuseum.ee\/wp-content\/uploads\/2024\/03\/fb-pais-1920x1005-1-680x356.jpg 680w\" sizes=\"(max-width: 573px) 100vw, 573px\" \/><\/p>\n","protected":false},"excerpt":{"rendered":"<p><img decoding=\"async\" class=\"alignnone  wp-image-60738\" src=\"https:\/\/pood.ajaloomuuseum.ee\/wp-content\/uploads\/2024\/02\/Logo-AM160-png-300x192.png\" alt=\"\" width=\"185\" height=\"118\" srcset=\"https:\/\/pood.ajaloomuuseum.ee\/wp-content\/uploads\/2024\/02\/Logo-AM160-png-300x192.png 300w, https:\/\/pood.ajaloomuuseum.ee\/wp-content\/uploads\/2024\/02\/Logo-AM160-png-1024x655.png 1024w, https:\/\/pood.ajaloomuuseum.ee\/wp-content\/uploads\/2024\/02\/Logo-AM160-png-768x491.png 768w, https:\/\/pood.ajaloomuuseum.ee\/wp-content\/uploads\/2024\/02\/Logo-AM160-png-350x224.png 350w, https:\/\/pood.ajaloomuuseum.ee\/wp-content\/uploads\/2024\/02\/Logo-AM160-png-680x435.png 680w, https:\/\/pood.ajaloomuuseum.ee\/wp-content\/uploads\/2024\/02\/Logo-AM160-png.png 1355w\" sizes=\"(max-width: 185px) 100vw, 185px\" \/><\/p>\n","protected":false},"featured_media":60817,"template":"","meta":{"inline_featured_image":false},"product_brand":[],"product_cat":[65,28,67],"product_tag":[],"class_list":{"0":"post-60779","1":"product","2":"type-product","3":"status-publish","4":"has-post-thumbnail","6":"product_cat-kotid","7":"product_cat-meened","8":"product_cat-muuseumi-meened","10":"first","11":"instock","12":"taxable","13":"shipping-taxable","14":"purchasable","15":"product-type-simple"},"_links":{"self":[{"href":"https:\/\/pood.ajaloomuuseum.ee\/en\/wp-json\/wp\/v2\/product\/60779","targetHints":{"allow":["GET"]}}],"collection":[{"href":"https:\/\/pood.ajaloomuuseum.ee\/en\/wp-json\/wp\/v2\/product"}],"about":[{"href":"https:\/\/pood.ajaloomuuseum.ee\/en\/wp-json\/wp\/v2\/types\/product"}],"version-history":[{"count":3,"href":"https:\/\/pood.ajaloomuuseum.ee\/en\/wp-json\/wp\/v2\/product\/60779\/revisions"}],"predecessor-version":[{"id":60823,"href":"https:\/\/pood.ajaloomuuseum.ee\/en\/wp-json\/wp\/v2\/product\/60779\/revisions\/60823"}],"wp:featuredmedia":[{"embeddable":true,"href":"https:\/\/pood.ajaloomuuseum.ee\/en\/wp-json\/wp\/v2\/media\/60817"}],"wp:attachment":[{"href":"https:\/\/pood.ajaloomuuseum.ee\/en\/wp-json\/wp\/v2\/media?parent=60779"}],"wp:term":[{"taxonomy":"product_brand","embeddable":true,"href":"https:\/\/pood.ajaloomuuseum.ee\/en\/wp-json\/wp\/v2\/product_brand?post=60779"},{"taxonomy":"product_cat","embeddable":true,"href":"https:\/\/pood.ajaloomuuseum.ee\/en\/wp-json\/wp\/v2\/product_cat?post=60779"},{"taxonomy":"product_tag","embeddable":true,"href":"https:\/\/pood.ajaloomuuseum.ee\/en\/wp-json\/wp\/v2\/product_tag?post=60779"}],"curies":[{"name":"wp","href":"https:\/\/api.w.org\/{rel}","templated":true}]}}