{"id":60837,"date":"2024-04-03T11:35:58","date_gmt":"2024-04-03T08:35:58","guid":{"rendered":"https:\/\/pood.ajaloomuuseum.ee\/?post_type=product&#038;p=60837"},"modified":"2026-04-09T20:56:05","modified_gmt":"2026-04-09T17:56:05","slug":"t-sark-must-pole-sind-sada-aastat-nainud-meeste","status":"publish","type":"product","link":"https:\/\/pood.ajaloomuuseum.ee\/en\/toode\/t-sark-must-pole-sind-sada-aastat-nainud-meeste\/","title":{"rendered":"T- s\u00e4rk must Pole sind sada aastat n\u00e4inud meeste"},"content":{"rendered":"<p>Puuvillane t-s\u00e4rk, meeste l\u00f5ige, v\u00e4rvus must.<\/p>\n<p>Enne ostu vali tabelist \u00f5ige s\u00e4rgi suurus:<\/p>\n<p><img fetchpriority=\"high\" decoding=\"async\" class=\"alignnone size-medium wp-image-34988\" src=\"https:\/\/pood.ajaloomuuseum.ee\/wp-content\/uploads\/2022\/06\/mp-laste-sella-kapuutsiga-tabel-300x300.jpg\" alt=\"Meeste t-s\u00e4rgi m\u00f5\u00f5dutabel\" width=\"300\" height=\"300\" srcset=\"https:\/\/pood.ajaloomuuseum.ee\/wp-content\/uploads\/2022\/06\/mp-laste-sella-kapuutsiga-tabel-300x300.jpg 300w, https:\/\/pood.ajaloomuuseum.ee\/wp-content\/uploads\/2022\/06\/mp-laste-sella-kapuutsiga-tabel-1024x1024.jpg 1024w, https:\/\/pood.ajaloomuuseum.ee\/wp-content\/uploads\/2022\/06\/mp-laste-sella-kapuutsiga-tabel-150x150.jpg 150w, https:\/\/pood.ajaloomuuseum.ee\/wp-content\/uploads\/2022\/06\/mp-laste-sella-kapuutsiga-tabel-768x768.jpg 768w, https:\/\/pood.ajaloomuuseum.ee\/wp-content\/uploads\/2022\/06\/mp-laste-sella-kapuutsiga-tabel-350x350.jpg 350w, https:\/\/pood.ajaloomuuseum.ee\/wp-content\/uploads\/2022\/06\/mp-laste-sella-kapuutsiga-tabel-680x680.jpg 680w, https:\/\/pood.ajaloomuuseum.ee\/wp-content\/uploads\/2022\/06\/mp-laste-sella-kapuutsiga-tabel-100x100.jpg 100w, https:\/\/pood.ajaloomuuseum.ee\/wp-content\/uploads\/2022\/06\/mp-laste-sella-kapuutsiga-tabel.jpg 1080w\" sizes=\"(max-width: 300px) 100vw, 300px\" \/><\/p>\n","protected":false},"excerpt":{"rendered":"<p><img decoding=\"async\" class=\"alignnone wp-image-60738\" src=\"https:\/\/pood.ajaloomuuseum.ee\/wp-content\/uploads\/2024\/02\/Logo-AM160-png-300x192.png\" alt=\"\" width=\"230\" height=\"147\" srcset=\"https:\/\/pood.ajaloomuuseum.ee\/wp-content\/uploads\/2024\/02\/Logo-AM160-png-300x192.png 300w, https:\/\/pood.ajaloomuuseum.ee\/wp-content\/uploads\/2024\/02\/Logo-AM160-png-1024x655.png 1024w, https:\/\/pood.ajaloomuuseum.ee\/wp-content\/uploads\/2024\/02\/Logo-AM160-png-768x491.png 768w, https:\/\/pood.ajaloomuuseum.ee\/wp-content\/uploads\/2024\/02\/Logo-AM160-png-350x224.png 350w, https:\/\/pood.ajaloomuuseum.ee\/wp-content\/uploads\/2024\/02\/Logo-AM160-png-680x435.png 680w, https:\/\/pood.ajaloomuuseum.ee\/wp-content\/uploads\/2024\/02\/Logo-AM160-png.png 1355w\" sizes=\"(max-width: 230px) 100vw, 230px\" \/><\/p>\n","protected":false},"featured_media":64510,"template":"","meta":{"inline_featured_image":false},"product_brand":[],"product_cat":[28,67,66],"product_tag":[],"class_list":{"0":"post-60837","1":"product","2":"type-product","3":"status-publish","4":"has-post-thumbnail","6":"product_cat-meened","7":"product_cat-muuseumi-meened","8":"product_cat-t-sargid","10":"first","11":"outofstock","12":"taxable","13":"shipping-taxable","14":"purchasable","15":"product-type-variable"},"_links":{"self":[{"href":"https:\/\/pood.ajaloomuuseum.ee\/en\/wp-json\/wp\/v2\/product\/60837","targetHints":{"allow":["GET"]}}],"collection":[{"href":"https:\/\/pood.ajaloomuuseum.ee\/en\/wp-json\/wp\/v2\/product"}],"about":[{"href":"https:\/\/pood.ajaloomuuseum.ee\/en\/wp-json\/wp\/v2\/types\/product"}],"version-history":[{"count":4,"href":"https:\/\/pood.ajaloomuuseum.ee\/en\/wp-json\/wp\/v2\/product\/60837\/revisions"}],"predecessor-version":[{"id":64512,"href":"https:\/\/pood.ajaloomuuseum.ee\/en\/wp-json\/wp\/v2\/product\/60837\/revisions\/64512"}],"wp:featuredmedia":[{"embeddable":true,"href":"https:\/\/pood.ajaloomuuseum.ee\/en\/wp-json\/wp\/v2\/media\/64510"}],"wp:attachment":[{"href":"https:\/\/pood.ajaloomuuseum.ee\/en\/wp-json\/wp\/v2\/media?parent=60837"}],"wp:term":[{"taxonomy":"product_brand","embeddable":true,"href":"https:\/\/pood.ajaloomuuseum.ee\/en\/wp-json\/wp\/v2\/product_brand?post=60837"},{"taxonomy":"product_cat","embeddable":true,"href":"https:\/\/pood.ajaloomuuseum.ee\/en\/wp-json\/wp\/v2\/product_cat?post=60837"},{"taxonomy":"product_tag","embeddable":true,"href":"https:\/\/pood.ajaloomuuseum.ee\/en\/wp-json\/wp\/v2\/product_tag?post=60837"}],"curies":[{"name":"wp","href":"https:\/\/api.w.org\/{rel}","templated":true}]}}