{"id":64477,"date":"2024-04-08T10:01:40","date_gmt":"2024-04-08T07:01:40","guid":{"rendered":"https:\/\/pood.ajaloomuuseum.ee\/?post_type=product&#038;p=64477"},"modified":"2026-04-09T22:21:01","modified_gmt":"2026-04-09T19:21:01","slug":"kruus-teatri-ja-muusikamuuseum-100-5","status":"publish","type":"product","link":"https:\/\/pood.ajaloomuuseum.ee\/en\/toode\/kruus-teatri-ja-muusikamuuseum-100-5\/","title":{"rendered":"Kruus Teatri- ja Muusikamuuseum 100"},"content":{"rendered":"<p>Keraamilise kruusi v\u00e4lispind on valge ja sisu punase glasuuriga.<\/p>\n<p>Sangale on tr\u00fckitud muuseumi logo.<\/p>\n<p>K\u00f5rgus 9 cm ja l\u00e4bim\u00f5\u00f5t 9 cm.<\/p>\n<p>Kohvitass p\u00e4rineb juubelin\u00e4ituselt <a href=\"https:\/\/www.ajaloomuuseum.ee\/naitused\/ekspositsioonid\/tulekul-poorased-lood-teatrist-ja-muusikast\">\u201cP\u00f6\u00f6rased lood teatrist ja muusikast\u201d<\/a>. N\u00e4itus on avatud Teatri- ja Muusikamuuseumis teisip\u00e4evast p\u00fchap\u00e4evani.<\/p>\n<p><img fetchpriority=\"high\" decoding=\"async\" class=\"alignnone wp-image-60821\" src=\"https:\/\/pood.ajaloomuuseum.ee\/wp-content\/uploads\/2024\/03\/fb-pais-1920x1005-1-300x157.jpg\" alt=\"\" width=\"606\" height=\"317\" srcset=\"https:\/\/pood.ajaloomuuseum.ee\/wp-content\/uploads\/2024\/03\/fb-pais-1920x1005-1-300x157.jpg 300w, https:\/\/pood.ajaloomuuseum.ee\/wp-content\/uploads\/2024\/03\/fb-pais-1920x1005-1-1024x536.jpg 1024w, https:\/\/pood.ajaloomuuseum.ee\/wp-content\/uploads\/2024\/03\/fb-pais-1920x1005-1-768x402.jpg 768w, https:\/\/pood.ajaloomuuseum.ee\/wp-content\/uploads\/2024\/03\/fb-pais-1920x1005-1-1536x804.jpg 1536w, https:\/\/pood.ajaloomuuseum.ee\/wp-content\/uploads\/2024\/03\/fb-pais-1920x1005-1-2048x1072.jpg 2048w, https:\/\/pood.ajaloomuuseum.ee\/wp-content\/uploads\/2024\/03\/fb-pais-1920x1005-1-350x183.jpg 350w, https:\/\/pood.ajaloomuuseum.ee\/wp-content\/uploads\/2024\/03\/fb-pais-1920x1005-1-680x356.jpg 680w\" sizes=\"(max-width: 606px) 100vw, 606px\" \/><\/p>\n","protected":false},"excerpt":{"rendered":"<p><img decoding=\"async\" class=\"alignnone  wp-image-60738\" src=\"https:\/\/pood.ajaloomuuseum.ee\/wp-content\/uploads\/2024\/02\/Logo-AM160-png-300x192.png\" alt=\"\" width=\"203\" height=\"130\" srcset=\"https:\/\/pood.ajaloomuuseum.ee\/wp-content\/uploads\/2024\/02\/Logo-AM160-png-300x192.png 300w, https:\/\/pood.ajaloomuuseum.ee\/wp-content\/uploads\/2024\/02\/Logo-AM160-png-1024x655.png 1024w, https:\/\/pood.ajaloomuuseum.ee\/wp-content\/uploads\/2024\/02\/Logo-AM160-png-768x491.png 768w, https:\/\/pood.ajaloomuuseum.ee\/wp-content\/uploads\/2024\/02\/Logo-AM160-png-350x224.png 350w, https:\/\/pood.ajaloomuuseum.ee\/wp-content\/uploads\/2024\/02\/Logo-AM160-png-680x435.png 680w, https:\/\/pood.ajaloomuuseum.ee\/wp-content\/uploads\/2024\/02\/Logo-AM160-png.png 1355w\" sizes=\"(max-width: 203px) 100vw, 203px\" \/><\/p>\n","protected":false},"featured_media":64485,"template":"","meta":{"inline_featured_image":false},"product_brand":[],"product_cat":[92,67],"product_tag":[],"class_list":{"0":"post-64477","1":"product","2":"type-product","3":"status-publish","4":"has-post-thumbnail","6":"product_cat-keraamika","7":"product_cat-muuseumi-meened","9":"first","10":"instock","11":"taxable","12":"shipping-taxable","13":"purchasable","14":"product-type-simple"},"_links":{"self":[{"href":"https:\/\/pood.ajaloomuuseum.ee\/en\/wp-json\/wp\/v2\/product\/64477","targetHints":{"allow":["GET"]}}],"collection":[{"href":"https:\/\/pood.ajaloomuuseum.ee\/en\/wp-json\/wp\/v2\/product"}],"about":[{"href":"https:\/\/pood.ajaloomuuseum.ee\/en\/wp-json\/wp\/v2\/types\/product"}],"version-history":[{"count":3,"href":"https:\/\/pood.ajaloomuuseum.ee\/en\/wp-json\/wp\/v2\/product\/64477\/revisions"}],"predecessor-version":[{"id":64494,"href":"https:\/\/pood.ajaloomuuseum.ee\/en\/wp-json\/wp\/v2\/product\/64477\/revisions\/64494"}],"wp:featuredmedia":[{"embeddable":true,"href":"https:\/\/pood.ajaloomuuseum.ee\/en\/wp-json\/wp\/v2\/media\/64485"}],"wp:attachment":[{"href":"https:\/\/pood.ajaloomuuseum.ee\/en\/wp-json\/wp\/v2\/media?parent=64477"}],"wp:term":[{"taxonomy":"product_brand","embeddable":true,"href":"https:\/\/pood.ajaloomuuseum.ee\/en\/wp-json\/wp\/v2\/product_brand?post=64477"},{"taxonomy":"product_cat","embeddable":true,"href":"https:\/\/pood.ajaloomuuseum.ee\/en\/wp-json\/wp\/v2\/product_cat?post=64477"},{"taxonomy":"product_tag","embeddable":true,"href":"https:\/\/pood.ajaloomuuseum.ee\/en\/wp-json\/wp\/v2\/product_tag?post=64477"}],"curies":[{"name":"wp","href":"https:\/\/api.w.org\/{rel}","templated":true}]}}