{"id":64478,"date":"2024-04-08T10:01:40","date_gmt":"2024-04-08T07:01:40","guid":{"rendered":"https:\/\/pood.ajaloomuuseum.ee\/?post_type=product&#038;p=64478"},"modified":"2026-04-09T22:41:02","modified_gmt":"2026-04-09T19:41:02","slug":"markmik-teatri-ja-muusikamuuseum-100-7","status":"publish","type":"product","link":"https:\/\/pood.ajaloomuuseum.ee\/en\/toode\/markmik-teatri-ja-muusikamuuseum-100-7\/","title":{"rendered":"M\u00e4rkmik Teatri- ja Muusikamuuseum 100"},"content":{"rendered":"<p>M\u00e4rkmikus on kuue Eesti baleriini pildiga vahelehte ja 45 valget lehte.<\/p>\n<p>Vahelehtede piltidel on Lilian Looring, Helmi Puur, Aime Leis, Age Oks, Tiiu Randviir ja \u00dclle Ulla.<\/p>\n<p>M\u00e4rkmik p\u00e4rineb juubelin\u00e4ituselt <a href=\"https:\/\/www.ajaloomuuseum.ee\/naitused\/ekspositsioonid\/tulekul-poorased-lood-teatrist-ja-muusikast\">\u201cP\u00f6\u00f6rased lood teatrist ja muusikast\u201d<\/a>. N\u00e4itus on avatud Teatri- ja Muusikamuuseumis teisip\u00e4evast p\u00fchap\u00e4evani.<\/p>\n<p><img fetchpriority=\"high\" decoding=\"async\" class=\"alignnone wp-image-60821\" src=\"https:\/\/pood.ajaloomuuseum.ee\/wp-content\/uploads\/2024\/03\/fb-pais-1920x1005-1-300x157.jpg\" alt=\"\" width=\"606\" height=\"317\" srcset=\"https:\/\/pood.ajaloomuuseum.ee\/wp-content\/uploads\/2024\/03\/fb-pais-1920x1005-1-300x157.jpg 300w, https:\/\/pood.ajaloomuuseum.ee\/wp-content\/uploads\/2024\/03\/fb-pais-1920x1005-1-1024x536.jpg 1024w, https:\/\/pood.ajaloomuuseum.ee\/wp-content\/uploads\/2024\/03\/fb-pais-1920x1005-1-768x402.jpg 768w, https:\/\/pood.ajaloomuuseum.ee\/wp-content\/uploads\/2024\/03\/fb-pais-1920x1005-1-1536x804.jpg 1536w, https:\/\/pood.ajaloomuuseum.ee\/wp-content\/uploads\/2024\/03\/fb-pais-1920x1005-1-2048x1072.jpg 2048w, https:\/\/pood.ajaloomuuseum.ee\/wp-content\/uploads\/2024\/03\/fb-pais-1920x1005-1-350x183.jpg 350w, https:\/\/pood.ajaloomuuseum.ee\/wp-content\/uploads\/2024\/03\/fb-pais-1920x1005-1-680x356.jpg 680w\" sizes=\"(max-width: 606px) 100vw, 606px\" \/><\/p>\n","protected":false},"excerpt":{"rendered":"<p>M\u00f5\u00f5dud: laius 14,8 ja k\u00f5rgus 21 cm spiraalk\u00f6ites.<\/p>\n<p><img decoding=\"async\" class=\"alignnone wp-image-60738\" src=\"https:\/\/pood.ajaloomuuseum.ee\/wp-content\/uploads\/2024\/02\/Logo-AM160-png-300x192.png\" alt=\"\" width=\"192\" height=\"123\" srcset=\"https:\/\/pood.ajaloomuuseum.ee\/wp-content\/uploads\/2024\/02\/Logo-AM160-png-300x192.png 300w, https:\/\/pood.ajaloomuuseum.ee\/wp-content\/uploads\/2024\/02\/Logo-AM160-png-1024x655.png 1024w, https:\/\/pood.ajaloomuuseum.ee\/wp-content\/uploads\/2024\/02\/Logo-AM160-png-768x491.png 768w, https:\/\/pood.ajaloomuuseum.ee\/wp-content\/uploads\/2024\/02\/Logo-AM160-png-350x224.png 350w, https:\/\/pood.ajaloomuuseum.ee\/wp-content\/uploads\/2024\/02\/Logo-AM160-png-680x435.png 680w, https:\/\/pood.ajaloomuuseum.ee\/wp-content\/uploads\/2024\/02\/Logo-AM160-png.png 1355w\" sizes=\"(max-width: 192px) 100vw, 192px\" \/><\/p>\n","protected":false},"featured_media":64483,"template":"","meta":{"inline_featured_image":false},"product_brand":[],"product_cat":[28,67],"product_tag":[],"class_list":{"0":"post-64478","1":"product","2":"type-product","3":"status-publish","4":"has-post-thumbnail","6":"product_cat-meened","7":"product_cat-muuseumi-meened","9":"first","10":"instock","11":"taxable","12":"shipping-taxable","13":"purchasable","14":"product-type-simple"},"_links":{"self":[{"href":"https:\/\/pood.ajaloomuuseum.ee\/en\/wp-json\/wp\/v2\/product\/64478","targetHints":{"allow":["GET"]}}],"collection":[{"href":"https:\/\/pood.ajaloomuuseum.ee\/en\/wp-json\/wp\/v2\/product"}],"about":[{"href":"https:\/\/pood.ajaloomuuseum.ee\/en\/wp-json\/wp\/v2\/types\/product"}],"version-history":[{"count":4,"href":"https:\/\/pood.ajaloomuuseum.ee\/en\/wp-json\/wp\/v2\/product\/64478\/revisions"}],"predecessor-version":[{"id":64500,"href":"https:\/\/pood.ajaloomuuseum.ee\/en\/wp-json\/wp\/v2\/product\/64478\/revisions\/64500"}],"wp:featuredmedia":[{"embeddable":true,"href":"https:\/\/pood.ajaloomuuseum.ee\/en\/wp-json\/wp\/v2\/media\/64483"}],"wp:attachment":[{"href":"https:\/\/pood.ajaloomuuseum.ee\/en\/wp-json\/wp\/v2\/media?parent=64478"}],"wp:term":[{"taxonomy":"product_brand","embeddable":true,"href":"https:\/\/pood.ajaloomuuseum.ee\/en\/wp-json\/wp\/v2\/product_brand?post=64478"},{"taxonomy":"product_cat","embeddable":true,"href":"https:\/\/pood.ajaloomuuseum.ee\/en\/wp-json\/wp\/v2\/product_cat?post=64478"},{"taxonomy":"product_tag","embeddable":true,"href":"https:\/\/pood.ajaloomuuseum.ee\/en\/wp-json\/wp\/v2\/product_tag?post=64478"}],"curies":[{"name":"wp","href":"https:\/\/api.w.org\/{rel}","templated":true}]}}