{"id":64560,"date":"2024-07-04T11:21:01","date_gmt":"2024-07-04T08:21:01","guid":{"rendered":"https:\/\/pood.ajaloomuuseum.ee\/?post_type=product&#038;p=64560"},"modified":"2026-04-09T23:36:03","modified_gmt":"2026-04-09T20:36:03","slug":"tormise-kaasteelised-elavik-xx","status":"publish","type":"product","link":"https:\/\/pood.ajaloomuuseum.ee\/en\/toode\/tormise-kaasteelised-elavik-xx\/","title":{"rendered":"Tormise kaasteelised. Elavik XXI"},"content":{"rendered":"<p>Raamat on 21. sarjast \u201eElavik\u201c. Teatri- ja Muusikamuuseumi raamatusari p\u00f5hineb muuseumi kogudes olevatel ajaloolistel arhiivimaterjalidel- m\u00e4lestused, kirjavahetused, p\u00e4evikud, avaldamata artiklid, reisikirjeldused, fotod, joonistused, postkaardid ja muu huvitav. Need raamatud pakuvad lugejale k\u00f5ige autentsemal allikal p\u00f5hinevat muusika- ja teatriajalugu.<\/p>\n<p>Oleme harjunud m\u00f5testama helilooja Veljo Tormist eelk\u00f5ige soome- ugri kontekstis, kuid ei saa unustada, et suurema osa elust tegutses helilooja olude sunnil N\u00f5ukogude Liidus, mis t\u00f5i kaasa tihedad kokkupuuted venekeelse kultuuriruumiga. Mitmed kohtumised slaavi teljel kasvasid ajapikku, sageli kirjade toel, pikaajalisteks tugevateks s\u00f5prussuheteks. M\u00f5ned neist on erilised seet\u00f5ttu, et leidsid v\u00e4ljendust Tormise loominguski- p\u00fchendusena kirjutatud teostes. Sellisteks s\u00f5pradeks olid Moskva konservatooriumi professori Juri Fortunatovi k\u00f5rval vene helilooja Georgi Sviridov ning Bulgaaria muusikainimesed eesotsas helilooja Todor Popoviga. Raamatust leiate valiku kirjavahetusest.<\/p>\n","protected":false},"excerpt":{"rendered":"<p>Koostaja: Meeta Morozov<\/p>\n<p>Toimetajad: Katre Scott- Hopkins ja Juliana Sokolova<\/p>\n<p>Kujundaja: Kadi Pajupuu<\/p>\n<p>T\u00f5lge: Meeta Morozov<\/p>\n<p>Pehmekaaneline; 223 lk; eesti ja vene keeles; m\u00f5\u00f5dud: 15 x 18 cm<\/p>\n<p>Kirjastaja SE&amp;JS<\/p>\n<p>Sihtasutus Eesti Ajaloomuuseum 2024<\/p>\n","protected":false},"featured_media":64567,"template":"","meta":{"inline_featured_image":false},"product_brand":[],"product_cat":[55,20,56],"product_tag":[],"class_list":{"0":"post-64560","1":"product","2":"type-product","3":"status-publish","4":"has-post-thumbnail","6":"product_cat-ajalugu","7":"product_cat-raamatud","8":"product_cat-teater-ja-muusika","10":"first","11":"instock","12":"taxable","13":"shipping-taxable","14":"purchasable","15":"product-type-simple"},"_links":{"self":[{"href":"https:\/\/pood.ajaloomuuseum.ee\/en\/wp-json\/wp\/v2\/product\/64560","targetHints":{"allow":["GET"]}}],"collection":[{"href":"https:\/\/pood.ajaloomuuseum.ee\/en\/wp-json\/wp\/v2\/product"}],"about":[{"href":"https:\/\/pood.ajaloomuuseum.ee\/en\/wp-json\/wp\/v2\/types\/product"}],"version-history":[{"count":3,"href":"https:\/\/pood.ajaloomuuseum.ee\/en\/wp-json\/wp\/v2\/product\/64560\/revisions"}],"predecessor-version":[{"id":64573,"href":"https:\/\/pood.ajaloomuuseum.ee\/en\/wp-json\/wp\/v2\/product\/64560\/revisions\/64573"}],"wp:featuredmedia":[{"embeddable":true,"href":"https:\/\/pood.ajaloomuuseum.ee\/en\/wp-json\/wp\/v2\/media\/64567"}],"wp:attachment":[{"href":"https:\/\/pood.ajaloomuuseum.ee\/en\/wp-json\/wp\/v2\/media?parent=64560"}],"wp:term":[{"taxonomy":"product_brand","embeddable":true,"href":"https:\/\/pood.ajaloomuuseum.ee\/en\/wp-json\/wp\/v2\/product_brand?post=64560"},{"taxonomy":"product_cat","embeddable":true,"href":"https:\/\/pood.ajaloomuuseum.ee\/en\/wp-json\/wp\/v2\/product_cat?post=64560"},{"taxonomy":"product_tag","embeddable":true,"href":"https:\/\/pood.ajaloomuuseum.ee\/en\/wp-json\/wp\/v2\/product_tag?post=64560"}],"curies":[{"name":"wp","href":"https:\/\/api.w.org\/{rel}","templated":true}]}}