{"id":64698,"date":"2024-09-09T12:56:06","date_gmt":"2024-09-09T09:56:06","guid":{"rendered":"https:\/\/pood.ajaloomuuseum.ee\/?post_type=product&#038;p=64698"},"modified":"2026-04-09T22:06:03","modified_gmt":"2026-04-09T19:06:03","slug":"korvaklapid","status":"publish","type":"product","link":"https:\/\/pood.ajaloomuuseum.ee\/en\/toode\/korvaklapid\/","title":{"rendered":"K\u00f5rvaklapid"},"content":{"rendered":"<p>Ajaloomuuseumi 160 juubeliaasta s\u00f5numiga k\u00f5rvaklapid.<\/p>\n<p>Tundlikkus 95dB +- 2 dB; sagedus 20- 20k Hz; impedants 32OHM; kaabli pikkus 120 cm.<\/p>\n<p>Karbi m\u00f5\u00f5dud: 6,5 x 6,1 x 0,7 cm<\/p>\n","protected":false},"excerpt":{"rendered":"<p><img decoding=\"async\" class=\"alignnone wp-image-60738\" src=\"https:\/\/pood.ajaloomuuseum.ee\/wp-content\/uploads\/2024\/02\/Logo-AM160-png-300x192.png\" alt=\"\" width=\"216\" height=\"138\" srcset=\"https:\/\/pood.ajaloomuuseum.ee\/wp-content\/uploads\/2024\/02\/Logo-AM160-png-300x192.png 300w, https:\/\/pood.ajaloomuuseum.ee\/wp-content\/uploads\/2024\/02\/Logo-AM160-png-1024x655.png 1024w, https:\/\/pood.ajaloomuuseum.ee\/wp-content\/uploads\/2024\/02\/Logo-AM160-png-768x491.png 768w, https:\/\/pood.ajaloomuuseum.ee\/wp-content\/uploads\/2024\/02\/Logo-AM160-png-350x224.png 350w, https:\/\/pood.ajaloomuuseum.ee\/wp-content\/uploads\/2024\/02\/Logo-AM160-png-680x435.png 680w, https:\/\/pood.ajaloomuuseum.ee\/wp-content\/uploads\/2024\/02\/Logo-AM160-png.png 1355w\" sizes=\"(max-width: 216px) 100vw, 216px\" \/><\/p>\n","protected":false},"featured_media":64704,"template":"","meta":{"inline_featured_image":false},"product_brand":[],"product_cat":[28,67],"product_tag":[],"class_list":{"0":"post-64698","1":"product","2":"type-product","3":"status-publish","4":"has-post-thumbnail","6":"product_cat-meened","7":"product_cat-muuseumi-meened","9":"first","10":"instock","11":"taxable","12":"shipping-taxable","13":"purchasable","14":"product-type-simple"},"_links":{"self":[{"href":"https:\/\/pood.ajaloomuuseum.ee\/en\/wp-json\/wp\/v2\/product\/64698","targetHints":{"allow":["GET"]}}],"collection":[{"href":"https:\/\/pood.ajaloomuuseum.ee\/en\/wp-json\/wp\/v2\/product"}],"about":[{"href":"https:\/\/pood.ajaloomuuseum.ee\/en\/wp-json\/wp\/v2\/types\/product"}],"version-history":[{"count":4,"href":"https:\/\/pood.ajaloomuuseum.ee\/en\/wp-json\/wp\/v2\/product\/64698\/revisions"}],"predecessor-version":[{"id":64711,"href":"https:\/\/pood.ajaloomuuseum.ee\/en\/wp-json\/wp\/v2\/product\/64698\/revisions\/64711"}],"wp:featuredmedia":[{"embeddable":true,"href":"https:\/\/pood.ajaloomuuseum.ee\/en\/wp-json\/wp\/v2\/media\/64704"}],"wp:attachment":[{"href":"https:\/\/pood.ajaloomuuseum.ee\/en\/wp-json\/wp\/v2\/media?parent=64698"}],"wp:term":[{"taxonomy":"product_brand","embeddable":true,"href":"https:\/\/pood.ajaloomuuseum.ee\/en\/wp-json\/wp\/v2\/product_brand?post=64698"},{"taxonomy":"product_cat","embeddable":true,"href":"https:\/\/pood.ajaloomuuseum.ee\/en\/wp-json\/wp\/v2\/product_cat?post=64698"},{"taxonomy":"product_tag","embeddable":true,"href":"https:\/\/pood.ajaloomuuseum.ee\/en\/wp-json\/wp\/v2\/product_tag?post=64698"}],"curies":[{"name":"wp","href":"https:\/\/api.w.org\/{rel}","templated":true}]}}