{"id":65024,"date":"2024-11-22T12:12:21","date_gmt":"2024-11-22T09:12:21","guid":{"rendered":"https:\/\/pood.ajaloomuuseum.ee\/?post_type=product&#038;p=65024"},"modified":"2026-04-09T20:56:05","modified_gmt":"2026-04-09T17:56:05","slug":"t-sark-draakoniga-naiste","status":"publish","type":"product","link":"https:\/\/pood.ajaloomuuseum.ee\/en\/toode\/t-sark-draakoniga-naiste\/","title":{"rendered":"T- s\u00e4rk draakoniga naiste"},"content":{"rendered":"<p>T-s\u00e4rgi kujunduses kasutatud draakonifiguur on p\u00e4rit Eesti Ajaloomuuseumi kogusse kuuluvalt portselanist n\u00f5ult, mis on dekoreeritud Nikolai Langebrauni portselanit\u00f6\u00f6kojas 1930. aastatel. Mustri autor on<a href=\"https:\/\/ajaloomuuseum.ee\/ajaveeb\/astrid-tiits-naine-kes-andis-langebraunile-nao\"> Astrid Tiits<\/a>.<br \/>\nPortselan n\u00f5ud on n\u00e4htavad Suurgildi hoones n\u00e4itusel <a href=\"https:\/\/ajaloomuuseum.ee\/planeeri-kulastust\/naitused\/langebraun-ja-veenre-draakonid-ja-merihobukesed\">\u201eLangebraun \u2013 Veenre. Draakonid ja merihobukesed\u201c<\/a> kuni 05.01.24.<\/p>\n<p><strong>T-s\u00e4rgi v\u00e4rv:<\/strong> must<br \/>\n<strong>Materjali koostis:<\/strong> 100% puuvill<br \/>\n<strong>L\u00f5ige:<\/strong> <em>oversized\u00a0<\/em><br \/>\n<strong>S\u00e4rkide tootja info:<\/strong> <a href=\"https:\/\/www.sologroup-paris.com\/gb_sologroup\/boxy-women.html\">BOXY WOMEN<\/a><br \/>\n<strong>Suuruse tabel:<\/strong><\/p>\n<p><img fetchpriority=\"high\" decoding=\"async\" class=\"alignnone wp-image-70384\" src=\"https:\/\/pood.ajaloomuuseum.ee\/wp-content\/uploads\/2024\/11\/Screenshot-2024-12-09-162417-300x165.png\" alt=\"Suuruse tabel m\u00f5\u00f5du tabel\" width=\"327\" height=\"180\" srcset=\"https:\/\/pood.ajaloomuuseum.ee\/wp-content\/uploads\/2024\/11\/Screenshot-2024-12-09-162417-300x165.png 300w, https:\/\/pood.ajaloomuuseum.ee\/wp-content\/uploads\/2024\/11\/Screenshot-2024-12-09-162417-350x192.png 350w, https:\/\/pood.ajaloomuuseum.ee\/wp-content\/uploads\/2024\/11\/Screenshot-2024-12-09-162417.png 625w\" sizes=\"(max-width: 327px) 100vw, 327px\" \/><\/p>\n<p><img decoding=\"async\" class=\"alignnone size-full wp-image-70388\" src=\"https:\/\/pood.ajaloomuuseum.ee\/wp-content\/uploads\/2024\/11\/Screenshot-2024-12-09-164056.png\" alt=\"\" width=\"160\" height=\"109\" \/><\/p>\n","protected":false},"excerpt":{"rendered":"<p>Uus t-s\u00e4rk naistele!<\/p>\n","protected":false},"featured_media":70380,"template":"","meta":{"inline_featured_image":false},"product_brand":[],"product_cat":[28,67,328,66],"product_tag":[],"class_list":{"0":"post-65024","1":"product","2":"type-product","3":"status-publish","4":"has-post-thumbnail","6":"product_cat-meened","7":"product_cat-muuseumi-meened","8":"product_cat-omatoode","9":"product_cat-t-sargid","11":"first","12":"instock","13":"taxable","14":"shipping-taxable","15":"purchasable","16":"product-type-variable"},"_links":{"self":[{"href":"https:\/\/pood.ajaloomuuseum.ee\/en\/wp-json\/wp\/v2\/product\/65024","targetHints":{"allow":["GET"]}}],"collection":[{"href":"https:\/\/pood.ajaloomuuseum.ee\/en\/wp-json\/wp\/v2\/product"}],"about":[{"href":"https:\/\/pood.ajaloomuuseum.ee\/en\/wp-json\/wp\/v2\/types\/product"}],"version-history":[{"count":8,"href":"https:\/\/pood.ajaloomuuseum.ee\/en\/wp-json\/wp\/v2\/product\/65024\/revisions"}],"predecessor-version":[{"id":70392,"href":"https:\/\/pood.ajaloomuuseum.ee\/en\/wp-json\/wp\/v2\/product\/65024\/revisions\/70392"}],"wp:featuredmedia":[{"embeddable":true,"href":"https:\/\/pood.ajaloomuuseum.ee\/en\/wp-json\/wp\/v2\/media\/70380"}],"wp:attachment":[{"href":"https:\/\/pood.ajaloomuuseum.ee\/en\/wp-json\/wp\/v2\/media?parent=65024"}],"wp:term":[{"taxonomy":"product_brand","embeddable":true,"href":"https:\/\/pood.ajaloomuuseum.ee\/en\/wp-json\/wp\/v2\/product_brand?post=65024"},{"taxonomy":"product_cat","embeddable":true,"href":"https:\/\/pood.ajaloomuuseum.ee\/en\/wp-json\/wp\/v2\/product_cat?post=65024"},{"taxonomy":"product_tag","embeddable":true,"href":"https:\/\/pood.ajaloomuuseum.ee\/en\/wp-json\/wp\/v2\/product_tag?post=65024"}],"curies":[{"name":"wp","href":"https:\/\/api.w.org\/{rel}","templated":true}]}}