{"id":6509,"date":"2022-05-12T10:46:31","date_gmt":"2022-05-12T07:46:31","guid":{"rendered":"https:\/\/pood.ajaloomuuseum.ee\/product\/essu-ripats-suur-2\/"},"modified":"2026-04-15T06:41:04","modified_gmt":"2026-04-15T03:41:04","slug":"essu-ripats-suur-2","status":"publish","type":"product","link":"https:\/\/pood.ajaloomuuseum.ee\/en\/toode\/essu-ripats-suur-2\/","title":{"rendered":"Essu ohvriaarde ripats (suur)"},"content":{"rendered":"<p>Essu ohvriaare originaal p\u00e4rineb 9. sajandi l\u00f5pust. 19. sajandil tuli Essu m\u00f5isa turbarabas kaheksa jala s\u00fcgavusel p\u00e4evavalgele viiest kuldripatsist ja 864\/5. a. Abbasiidide dinaarist koosnenud peitevara. See ainus Eestis avastatud viikingiaegsete kuldesemete leid p\u00e4rineb 9. sajandi teisest poolest ja seep\u00e4rast unikaalne. Sarnaseid ehteid on leitud ka Norras Honi 9. sajandi aardes ja Venemaal Gnjozdovo k\u00e4\u00e4bastes.<\/p>\n","protected":false},"excerpt":{"rendered":"<p><span data-sheets-value=\"{&quot;1&quot;:2,&quot;2&quot;:&quot;M\u00f5\u00f5dud: dm 21 mm, ripatsi aas 7 mm, materjal: kullatud h\u00f5be, kaal: 6,4 g. Kontaktkoopia&quot;}\" data-sheets-userformat=\"{&quot;2&quot;:6723,&quot;3&quot;:{&quot;1&quot;:0},&quot;4&quot;:{&quot;1&quot;:2,&quot;2&quot;:16777215},&quot;9&quot;:0,&quot;12&quot;:0,&quot;14&quot;:{&quot;1&quot;:2,&quot;2&quot;:0},&quot;15&quot;:&quot;Arial&quot;}\">M\u00f5\u00f5dud: dm 21 mm, ripatsi aas 7 mm, materjal: kullatud h\u00f5be, kaal: 6,4 g. Kontaktkoopia<\/span><\/p>\n","protected":false},"featured_media":16209,"template":"","meta":{"inline_featured_image":false},"product_brand":[],"product_cat":[90,61],"product_tag":[],"class_list":{"0":"post-6509","1":"product","2":"type-product","3":"status-publish","4":"has-post-thumbnail","6":"product_cat-ehted","7":"product_cat-haruldused","9":"first","10":"outofstock","11":"taxable","12":"shipping-taxable","13":"purchasable","14":"product-type-simple"},"_links":{"self":[{"href":"https:\/\/pood.ajaloomuuseum.ee\/en\/wp-json\/wp\/v2\/product\/6509","targetHints":{"allow":["GET"]}}],"collection":[{"href":"https:\/\/pood.ajaloomuuseum.ee\/en\/wp-json\/wp\/v2\/product"}],"about":[{"href":"https:\/\/pood.ajaloomuuseum.ee\/en\/wp-json\/wp\/v2\/types\/product"}],"version-history":[{"count":5,"href":"https:\/\/pood.ajaloomuuseum.ee\/en\/wp-json\/wp\/v2\/product\/6509\/revisions"}],"predecessor-version":[{"id":35588,"href":"https:\/\/pood.ajaloomuuseum.ee\/en\/wp-json\/wp\/v2\/product\/6509\/revisions\/35588"}],"wp:featuredmedia":[{"embeddable":true,"href":"https:\/\/pood.ajaloomuuseum.ee\/en\/wp-json\/wp\/v2\/media\/16209"}],"wp:attachment":[{"href":"https:\/\/pood.ajaloomuuseum.ee\/en\/wp-json\/wp\/v2\/media?parent=6509"}],"wp:term":[{"taxonomy":"product_brand","embeddable":true,"href":"https:\/\/pood.ajaloomuuseum.ee\/en\/wp-json\/wp\/v2\/product_brand?post=6509"},{"taxonomy":"product_cat","embeddable":true,"href":"https:\/\/pood.ajaloomuuseum.ee\/en\/wp-json\/wp\/v2\/product_cat?post=6509"},{"taxonomy":"product_tag","embeddable":true,"href":"https:\/\/pood.ajaloomuuseum.ee\/en\/wp-json\/wp\/v2\/product_tag?post=6509"}],"curies":[{"name":"wp","href":"https:\/\/api.w.org\/{rel}","templated":true}]}}