{"id":6527,"date":"2022-05-12T10:46:34","date_gmt":"2022-05-12T07:46:34","guid":{"rendered":"https:\/\/pood.ajaloomuuseum.ee\/product\/plakat-kingaga-moenaitus\/"},"modified":"2026-04-15T06:56:03","modified_gmt":"2026-04-15T03:56:03","slug":"plakat-kingaga-moenaitus","status":"publish","type":"product","link":"https:\/\/pood.ajaloomuuseum.ee\/en\/toode\/plakat-kingaga-moenaitus\/","title":{"rendered":"Plakat kingaga Moen\u00e4itus"},"content":{"rendered":"","protected":false},"excerpt":{"rendered":"<p><span data-sheets-value=\"{&quot;1&quot;:2,&quot;2&quot;:&quot;N\u00e4ituse \\&quot;Moejoon: pidulik r\u00f5ivamood 1920-1930\u201d plakat. Plakatil kuldsed v\u00e4rvitud nahast pidulikud naistekingad Ajaloomuuseumi kogust. Ajaloomuuseum 2018&quot;}\" data-sheets-userformat=\"{&quot;2&quot;:2817,&quot;3&quot;:{&quot;1&quot;:0},&quot;11&quot;:4,&quot;12&quot;:0,&quot;14&quot;:{&quot;1&quot;:3,&quot;3&quot;:1}}\">N\u00e4ituse &#8220;Moejoon: pidulik r\u00f5ivamood 1920-1930\u201d plakat. Plakatil kuldsed v\u00e4rvitud nahast pidulikud naistekingad Ajaloomuuseumi kogust. Ajaloomuuseum 2018. Plakati m\u00f5\u00f5dud 59 x 42 cm.<\/span><\/p>\n","protected":false},"featured_media":33423,"template":"","meta":{"inline_featured_image":false},"product_brand":[],"product_cat":[64,59],"product_tag":[],"class_list":{"0":"post-6527","1":"product","2":"type-product","3":"status-publish","4":"has-post-thumbnail","6":"product_cat-ajalooplakatid","7":"product_cat-plakatid","9":"first","10":"instock","11":"taxable","12":"shipping-taxable","13":"purchasable","14":"product-type-simple"},"_links":{"self":[{"href":"https:\/\/pood.ajaloomuuseum.ee\/en\/wp-json\/wp\/v2\/product\/6527","targetHints":{"allow":["GET"]}}],"collection":[{"href":"https:\/\/pood.ajaloomuuseum.ee\/en\/wp-json\/wp\/v2\/product"}],"about":[{"href":"https:\/\/pood.ajaloomuuseum.ee\/en\/wp-json\/wp\/v2\/types\/product"}],"version-history":[{"count":3,"href":"https:\/\/pood.ajaloomuuseum.ee\/en\/wp-json\/wp\/v2\/product\/6527\/revisions"}],"predecessor-version":[{"id":33426,"href":"https:\/\/pood.ajaloomuuseum.ee\/en\/wp-json\/wp\/v2\/product\/6527\/revisions\/33426"}],"wp:featuredmedia":[{"embeddable":true,"href":"https:\/\/pood.ajaloomuuseum.ee\/en\/wp-json\/wp\/v2\/media\/33423"}],"wp:attachment":[{"href":"https:\/\/pood.ajaloomuuseum.ee\/en\/wp-json\/wp\/v2\/media?parent=6527"}],"wp:term":[{"taxonomy":"product_brand","embeddable":true,"href":"https:\/\/pood.ajaloomuuseum.ee\/en\/wp-json\/wp\/v2\/product_brand?post=6527"},{"taxonomy":"product_cat","embeddable":true,"href":"https:\/\/pood.ajaloomuuseum.ee\/en\/wp-json\/wp\/v2\/product_cat?post=6527"},{"taxonomy":"product_tag","embeddable":true,"href":"https:\/\/pood.ajaloomuuseum.ee\/en\/wp-json\/wp\/v2\/product_tag?post=6527"}],"curies":[{"name":"wp","href":"https:\/\/api.w.org\/{rel}","templated":true}]}}