{"id":77537,"date":"2025-02-04T14:20:53","date_gmt":"2025-02-04T11:20:53","guid":{"rendered":"https:\/\/pood.ajaloomuuseum.ee\/?post_type=product&#038;p=77537"},"modified":"2026-04-15T07:26:02","modified_gmt":"2026-04-15T04:26:02","slug":"vajadusest-vorsunud","status":"publish","type":"product","link":"https:\/\/pood.ajaloomuuseum.ee\/en\/toode\/vajadusest-vorsunud\/","title":{"rendered":"Vajadusest v\u00f5rsunud. Eesti t\u00f6\u00f6stusettev\u00f5tete s\u00fcnnilood"},"content":{"rendered":"<h2>&#8220;Vajadusest v\u00f5rsunud. Eesti t\u00f6\u00f6stusettev\u00f5tete s\u00fcnnilood&#8221;<\/h2>\n<p>Autor <strong>Anne Ruussaar<\/strong><\/p>\n<p>Eesti majanduselu on alati otseselt s\u00f5ltunud poliitilistest j\u00f5ujoontest. M\u00f5jukate suurriikide koosseisu kuulumine ning oma riigi loomine ja taasloomine on kaasa toonud nii ettev\u00f5tete s\u00fcndi ja kasvu kui ka kahanemist ja h\u00e4\u00e4bumist. Samas on just v\u00e4iksus ja piiratud loodusressursid ning geograafilisest asendist tulenevad poliitilised t\u00f5mbetuuled sundinud siinseid ettev\u00f5tjaid mobiilsemalt tegutsema ja muutustega kiiremini kohanema.<br \/>\nK\u00e4esolev raamat ei anna kronoloogiale tuginevat tervik\u00fclevaadet meie t\u00f6\u00f6stuse Ameerika m\u00e4gesid meenutavast ajaloost, vaid kirjeldab paljude eri aegadel tegutsenud ettev\u00f5tete s\u00fcnni ja arenguprotsesse, aga ka pankrotte ja h\u00e4\u00e4bumist. Kokku joonistub pilt nii Eesti v\u00e4ikestest ja suurtest edulugudest kui ka kaotustest, valearvestustest ja l\u00e4bikukkumistest. Mitmed l\u00e4henemisnurgad annavad k\u00e4sitlusele veidi m\u00e4ngulisema tooni ning v\u00f5imaldavad ka spetsiifilisemaid teemasid avada lihtsasti m\u00f5istetaval ja k\u00f6itval moel. P\u00e4ris k\u00f5ik t\u00f6\u00f6stusharud ei mahtunud raamatu kaante vahele kahjuks \u00e4ra, kuid suurem osa Eesti ajaloos olulist rolli m\u00e4nginud ettev\u00f5tetest ja -v\u00f5tjatest on \u00fchel v\u00f5i teisel viisil siin oma koha siiski leidnud. Arvukatel illustreerivatel fotodel paljastuv kirev tootepillerkaar t\u00f5estab aga veenvalt, et ei pingutatud asjatult.<\/p>\n<p>Raamatu ilmumist on toetanud Eesti Kultuurkapital.<\/p>\n<p>K\u00f5vakaaneline.<\/p>\n<h2>Meedia kajastus<\/h2>\n<p>Anne Ruussaar r\u00e4\u00e4kis oma uuest raamatust &#8220;Vajadusest v\u00f5rsunud&#8221; ka <a href=\"https:\/\/kultuur.err.ee\/1609605800\/raamat-vajadusest-vorsunud-pakub-ponevaid-lugusid-trussikutest-turbani\">ERR\u2019i kultuuriuudistele<\/a>.<\/p>\n<p>&nbsp;<\/p>\n<div style=\"position: relative;width: 75%;height: 0;padding-bottom: 56.25%\"><\/div>\n","protected":false},"excerpt":{"rendered":"<p>Autor Anne Ruussaar.<br \/>\nToimetanud Ivika Arum\u00e4e.<br \/>\nKujundanud Kaspar Ehlvest.<br \/>\nEesti keeles.<br \/>\nKirjastus Argo kirjastus.<br \/>\nIlmumisaasta 2025.<br \/>\nLehek\u00fcljed 256.<br \/>\nM\u00f5\u00f5dud 265x210cm.<\/p>\n","protected":false},"featured_media":77548,"template":"","meta":{"inline_featured_image":false},"product_brand":[],"product_cat":[55,20],"product_tag":[],"class_list":{"0":"post-77537","1":"product","2":"type-product","3":"status-publish","4":"has-post-thumbnail","6":"product_cat-ajalugu","7":"product_cat-raamatud","9":"first","10":"instock","11":"taxable","12":"shipping-taxable","13":"purchasable","14":"product-type-simple"},"_links":{"self":[{"href":"https:\/\/pood.ajaloomuuseum.ee\/en\/wp-json\/wp\/v2\/product\/77537","targetHints":{"allow":["GET"]}}],"collection":[{"href":"https:\/\/pood.ajaloomuuseum.ee\/en\/wp-json\/wp\/v2\/product"}],"about":[{"href":"https:\/\/pood.ajaloomuuseum.ee\/en\/wp-json\/wp\/v2\/types\/product"}],"version-history":[{"count":11,"href":"https:\/\/pood.ajaloomuuseum.ee\/en\/wp-json\/wp\/v2\/product\/77537\/revisions"}],"predecessor-version":[{"id":87789,"href":"https:\/\/pood.ajaloomuuseum.ee\/en\/wp-json\/wp\/v2\/product\/77537\/revisions\/87789"}],"wp:featuredmedia":[{"embeddable":true,"href":"https:\/\/pood.ajaloomuuseum.ee\/en\/wp-json\/wp\/v2\/media\/77548"}],"wp:attachment":[{"href":"https:\/\/pood.ajaloomuuseum.ee\/en\/wp-json\/wp\/v2\/media?parent=77537"}],"wp:term":[{"taxonomy":"product_brand","embeddable":true,"href":"https:\/\/pood.ajaloomuuseum.ee\/en\/wp-json\/wp\/v2\/product_brand?post=77537"},{"taxonomy":"product_cat","embeddable":true,"href":"https:\/\/pood.ajaloomuuseum.ee\/en\/wp-json\/wp\/v2\/product_cat?post=77537"},{"taxonomy":"product_tag","embeddable":true,"href":"https:\/\/pood.ajaloomuuseum.ee\/en\/wp-json\/wp\/v2\/product_tag?post=77537"}],"curies":[{"name":"wp","href":"https:\/\/api.w.org\/{rel}","templated":true}]}}