{"id":77888,"date":"2025-04-22T08:46:15","date_gmt":"2025-04-22T05:46:15","guid":{"rendered":"https:\/\/pood.ajaloomuuseum.ee\/?post_type=product&#038;p=77888"},"modified":"2026-04-09T22:21:01","modified_gmt":"2026-04-09T19:21:01","slug":"riidest-kott-igavene-suvi","status":"publish","type":"product","link":"https:\/\/pood.ajaloomuuseum.ee\/en\/toode\/riidest-kott-igavene-suvi\/","title":{"rendered":"Riidest kott Igavene suvi"},"content":{"rendered":"","protected":false},"excerpt":{"rendered":"<p>Materjal 65% puuvill ja 35% pol\u00fcester<br \/>\nM\u00f5\u00f5dud: k\u00f5rgus 38&#215;42 cm ning sangade pikkus 64 cm<\/p>\n","protected":false},"featured_media":77972,"template":"","meta":{"inline_featured_image":false},"product_brand":[],"product_cat":[65,28,67,328,186],"product_tag":[298],"class_list":{"0":"post-77888","1":"product","2":"type-product","3":"status-publish","4":"has-post-thumbnail","6":"product_cat-kotid","7":"product_cat-meened","8":"product_cat-muuseumi-meened","9":"product_cat-omatoode","10":"product_cat-uus","11":"product_tag-must-kott-239-65-sublitrukiga","13":"first","14":"instock","15":"taxable","16":"shipping-taxable","17":"purchasable","18":"product-type-simple"},"_links":{"self":[{"href":"https:\/\/pood.ajaloomuuseum.ee\/en\/wp-json\/wp\/v2\/product\/77888","targetHints":{"allow":["GET"]}}],"collection":[{"href":"https:\/\/pood.ajaloomuuseum.ee\/en\/wp-json\/wp\/v2\/product"}],"about":[{"href":"https:\/\/pood.ajaloomuuseum.ee\/en\/wp-json\/wp\/v2\/types\/product"}],"version-history":[{"count":4,"href":"https:\/\/pood.ajaloomuuseum.ee\/en\/wp-json\/wp\/v2\/product\/77888\/revisions"}],"predecessor-version":[{"id":77979,"href":"https:\/\/pood.ajaloomuuseum.ee\/en\/wp-json\/wp\/v2\/product\/77888\/revisions\/77979"}],"wp:featuredmedia":[{"embeddable":true,"href":"https:\/\/pood.ajaloomuuseum.ee\/en\/wp-json\/wp\/v2\/media\/77972"}],"wp:attachment":[{"href":"https:\/\/pood.ajaloomuuseum.ee\/en\/wp-json\/wp\/v2\/media?parent=77888"}],"wp:term":[{"taxonomy":"product_brand","embeddable":true,"href":"https:\/\/pood.ajaloomuuseum.ee\/en\/wp-json\/wp\/v2\/product_brand?post=77888"},{"taxonomy":"product_cat","embeddable":true,"href":"https:\/\/pood.ajaloomuuseum.ee\/en\/wp-json\/wp\/v2\/product_cat?post=77888"},{"taxonomy":"product_tag","embeddable":true,"href":"https:\/\/pood.ajaloomuuseum.ee\/en\/wp-json\/wp\/v2\/product_tag?post=77888"}],"curies":[{"name":"wp","href":"https:\/\/api.w.org\/{rel}","templated":true}]}}