{"id":78111,"date":"2025-06-02T14:25:46","date_gmt":"2025-06-02T11:25:46","guid":{"rendered":"https:\/\/pood.ajaloomuuseum.ee\/?post_type=product&#038;p=78111"},"modified":"2026-04-09T23:56:02","modified_gmt":"2026-04-09T20:56:02","slug":"tallinna-moisad-ja-moisakesed-3","status":"publish","type":"product","link":"https:\/\/pood.ajaloomuuseum.ee\/en\/toode\/tallinna-moisad-ja-moisakesed-3\/","title":{"rendered":"Tallinna m\u00f5isad ja m\u00f5isakesed"},"content":{"rendered":"<p data-start=\"138\" data-end=\"408\">Kas teadsid, et Tallinna k\u00f5rghoonete ja t\u00e4navate vahel on peidus sajanditevanused m\u00f5isad? See kaunilt kujundatud raamat viib sind avastusretkele l\u00e4bi unustatud aedade, kadunud lossivaremete ja kuulsusrikaste suvekodude, mis kunagi kuulusid linna \u00f6kos\u00fcsteemi.<\/p>\n<p data-start=\"410\" data-end=\"676\">Siin kohtuvad rikkalik ajalugu ja kaasaegne linn \u2013 Kadriorg ja Glehni loss on vaid tuntud nimed, aga raamat avab sulle ukse ka v\u00e4hetuntud p\u00e4randile. Pildimaterjalid, ajaloolised kaardid ja asukohad aitavad sul m\u00f5ista, kus need m\u00f5isad olid ja millist elu seal elati.<\/p>\n<p data-start=\"678\" data-end=\"908\">Avasta, kuidas Tallinn laienes, haarates endasse \u00fcmbritsevaid r\u00fc\u00fctlim\u00f5isaid, ja millised olid suvem\u00f5isad, kus puhkasid kuulsad kirjanikud ja lausa kroonitud pead. See raamat ei ole ainult lugemiseks \u2013 see on r\u00e4nnak ajas ja ruumis.<\/p>\n<p data-start=\"678\" data-end=\"908\">Raamatus on ka kirjutatud Maarjam\u00e4e suvem\u00f5isast. Ajaloomuuseumis Maarjam\u00e4e lossi suvesaali avati<a href=\"https:\/\/ajaloomuuseum.ee\/planeeri-kulastust\/naitused\/igavene-suvi\"> n\u00e4itus \u201cIgavene suvi\u201d<\/a>, kus k\u00fclastaja saab r\u00e4nnata ajas tagasi 19. sajandi l\u00f5pul Maarjam\u00e4e lossis valitsenud \u00f5hustikku.<\/p>\n<p data-start=\"678\" data-end=\"908\"><img fetchpriority=\"high\" decoding=\"async\" class=\"alignnone  wp-image-78158\" src=\"https:\/\/pood.ajaloomuuseum.ee\/wp-content\/uploads\/2025\/06\/Tln-moisakesed_lk.90-91-300x225.jpg\" alt=\"Maarjam\u00e4e m\u00f5isast r\u00e4\u00e4kiv lugu raamatus\" width=\"711\" height=\"533\" srcset=\"https:\/\/pood.ajaloomuuseum.ee\/wp-content\/uploads\/2025\/06\/Tln-moisakesed_lk.90-91-300x225.jpg 300w, https:\/\/pood.ajaloomuuseum.ee\/wp-content\/uploads\/2025\/06\/Tln-moisakesed_lk.90-91-1024x768.jpg 1024w, https:\/\/pood.ajaloomuuseum.ee\/wp-content\/uploads\/2025\/06\/Tln-moisakesed_lk.90-91-768x576.jpg 768w, https:\/\/pood.ajaloomuuseum.ee\/wp-content\/uploads\/2025\/06\/Tln-moisakesed_lk.90-91-1536x1152.jpg 1536w, https:\/\/pood.ajaloomuuseum.ee\/wp-content\/uploads\/2025\/06\/Tln-moisakesed_lk.90-91-2048x1536.jpg 2048w, https:\/\/pood.ajaloomuuseum.ee\/wp-content\/uploads\/2025\/06\/Tln-moisakesed_lk.90-91-350x263.jpg 350w, https:\/\/pood.ajaloomuuseum.ee\/wp-content\/uploads\/2025\/06\/Tln-moisakesed_lk.90-91-680x510.jpg 680w\" sizes=\"(max-width: 711px) 100vw, 711px\" \/><\/p>\n","protected":false},"excerpt":{"rendered":"<p>Autor: Alo S\u00e4rg<\/p>\n<p>Baltisaksa ajalugu<\/p>\n<p>K\u00f5vakaaneline, 208 lk<\/p>\n<p>Kirjastus Argo, 2022<\/p>\n","protected":false},"featured_media":78132,"template":"","meta":{"inline_featured_image":false},"product_brand":[],"product_cat":[55,20],"product_tag":[],"class_list":{"0":"post-78111","1":"product","2":"type-product","3":"status-publish","4":"has-post-thumbnail","6":"product_cat-ajalugu","7":"product_cat-raamatud","9":"first","10":"instock","11":"taxable","12":"shipping-taxable","13":"purchasable","14":"product-type-simple"},"_links":{"self":[{"href":"https:\/\/pood.ajaloomuuseum.ee\/en\/wp-json\/wp\/v2\/product\/78111","targetHints":{"allow":["GET"]}}],"collection":[{"href":"https:\/\/pood.ajaloomuuseum.ee\/en\/wp-json\/wp\/v2\/product"}],"about":[{"href":"https:\/\/pood.ajaloomuuseum.ee\/en\/wp-json\/wp\/v2\/types\/product"}],"version-history":[{"count":7,"href":"https:\/\/pood.ajaloomuuseum.ee\/en\/wp-json\/wp\/v2\/product\/78111\/revisions"}],"predecessor-version":[{"id":78137,"href":"https:\/\/pood.ajaloomuuseum.ee\/en\/wp-json\/wp\/v2\/product\/78111\/revisions\/78137"}],"wp:featuredmedia":[{"embeddable":true,"href":"https:\/\/pood.ajaloomuuseum.ee\/en\/wp-json\/wp\/v2\/media\/78132"}],"wp:attachment":[{"href":"https:\/\/pood.ajaloomuuseum.ee\/en\/wp-json\/wp\/v2\/media?parent=78111"}],"wp:term":[{"taxonomy":"product_brand","embeddable":true,"href":"https:\/\/pood.ajaloomuuseum.ee\/en\/wp-json\/wp\/v2\/product_brand?post=78111"},{"taxonomy":"product_cat","embeddable":true,"href":"https:\/\/pood.ajaloomuuseum.ee\/en\/wp-json\/wp\/v2\/product_cat?post=78111"},{"taxonomy":"product_tag","embeddable":true,"href":"https:\/\/pood.ajaloomuuseum.ee\/en\/wp-json\/wp\/v2\/product_tag?post=78111"}],"curies":[{"name":"wp","href":"https:\/\/api.w.org\/{rel}","templated":true}]}}