{"id":80813,"date":"2025-06-25T14:10:42","date_gmt":"2025-06-25T11:10:42","guid":{"rendered":"https:\/\/pood.ajaloomuuseum.ee\/?post_type=product&#038;p=80813"},"modified":"2026-04-09T20:41:01","modified_gmt":"2026-04-09T17:41:01","slug":"eternal-summer-muts","status":"publish","type":"product","link":"https:\/\/pood.ajaloomuuseum.ee\/en\/toode\/eternal-summer-muts\/","title":{"rendered":"M\u00fcts ETERNAL SUMMER"},"content":{"rendered":"<p>T-Nokam\u00fcts on meene Suurgildi n\u00e4ituselt <a href=\"https:\/\/ajaloomuuseum.ee\/planeeri-kulastust\/naitused\/hansa-hiilgus\">&#8220;Hansa Hiilgus. Kuidas keskajal rikkus s\u00fcndis&#8221;<\/a><\/p>\n","protected":false},"excerpt":{"rendered":"<p>Nokam\u00fcts unisex<br \/>\n100% puuvill<\/p>\n","protected":false},"featured_media":84258,"template":"","meta":{"inline_featured_image":false},"product_brand":[],"product_cat":[28,328,186],"product_tag":[318],"class_list":{"0":"post-80813","1":"product","2":"type-product","3":"status-publish","4":"has-post-thumbnail","6":"product_cat-meened","7":"product_cat-omatoode","8":"product_cat-uus","9":"product_tag-eternal-summer-muts","11":"first","12":"instock","13":"taxable","14":"shipping-taxable","15":"purchasable","16":"product-type-simple"},"_links":{"self":[{"href":"https:\/\/pood.ajaloomuuseum.ee\/en\/wp-json\/wp\/v2\/product\/80813","targetHints":{"allow":["GET"]}}],"collection":[{"href":"https:\/\/pood.ajaloomuuseum.ee\/en\/wp-json\/wp\/v2\/product"}],"about":[{"href":"https:\/\/pood.ajaloomuuseum.ee\/en\/wp-json\/wp\/v2\/types\/product"}],"version-history":[{"count":8,"href":"https:\/\/pood.ajaloomuuseum.ee\/en\/wp-json\/wp\/v2\/product\/80813\/revisions"}],"predecessor-version":[{"id":87774,"href":"https:\/\/pood.ajaloomuuseum.ee\/en\/wp-json\/wp\/v2\/product\/80813\/revisions\/87774"}],"wp:featuredmedia":[{"embeddable":true,"href":"https:\/\/pood.ajaloomuuseum.ee\/en\/wp-json\/wp\/v2\/media\/84258"}],"wp:attachment":[{"href":"https:\/\/pood.ajaloomuuseum.ee\/en\/wp-json\/wp\/v2\/media?parent=80813"}],"wp:term":[{"taxonomy":"product_brand","embeddable":true,"href":"https:\/\/pood.ajaloomuuseum.ee\/en\/wp-json\/wp\/v2\/product_brand?post=80813"},{"taxonomy":"product_cat","embeddable":true,"href":"https:\/\/pood.ajaloomuuseum.ee\/en\/wp-json\/wp\/v2\/product_cat?post=80813"},{"taxonomy":"product_tag","embeddable":true,"href":"https:\/\/pood.ajaloomuuseum.ee\/en\/wp-json\/wp\/v2\/product_tag?post=80813"}],"curies":[{"name":"wp","href":"https:\/\/api.w.org\/{rel}","templated":true}]}}