{"id":8383,"date":"2022-05-12T10:46:34","date_gmt":"2022-05-12T07:46:34","guid":{"rendered":"https:\/\/pood.ajaloomuuseum.ee\/product\/poster-long-live-the-soviet-woman\/"},"modified":"2026-04-03T16:21:01","modified_gmt":"2026-04-03T13:21:01","slug":"mm-poster-long-life-soviet-unity-woman","status":"publish","type":"product","link":"https:\/\/pood.ajaloomuuseum.ee\/en\/toode\/mm-poster-long-life-soviet-unity-woman\/","title":{"rendered":"Plakat Elagu N\u00f5ukogude Liidu \u00fche\u00f5igulsik naine"},"content":{"rendered":"","protected":false},"excerpt":{"rendered":"","protected":false},"featured_media":33420,"template":"","meta":{"inline_featured_image":false},"product_brand":[],"product_cat":[148,147],"product_tag":[],"class_list":{"0":"post-8383","1":"product","2":"type-product","3":"status-publish","4":"has-post-thumbnail","6":"product_cat-historical-posters","7":"product_cat-prints","9":"first","10":"instock","11":"taxable","12":"shipping-taxable","13":"purchasable","14":"product-type-simple"},"_links":{"self":[{"href":"https:\/\/pood.ajaloomuuseum.ee\/en\/wp-json\/wp\/v2\/product\/8383","targetHints":{"allow":["GET"]}}],"collection":[{"href":"https:\/\/pood.ajaloomuuseum.ee\/en\/wp-json\/wp\/v2\/product"}],"about":[{"href":"https:\/\/pood.ajaloomuuseum.ee\/en\/wp-json\/wp\/v2\/types\/product"}],"version-history":[{"count":1,"href":"https:\/\/pood.ajaloomuuseum.ee\/en\/wp-json\/wp\/v2\/product\/8383\/revisions"}],"predecessor-version":[{"id":8642,"href":"https:\/\/pood.ajaloomuuseum.ee\/en\/wp-json\/wp\/v2\/product\/8383\/revisions\/8642"}],"wp:featuredmedia":[{"embeddable":true,"href":"https:\/\/pood.ajaloomuuseum.ee\/en\/wp-json\/wp\/v2\/media\/33420"}],"wp:attachment":[{"href":"https:\/\/pood.ajaloomuuseum.ee\/en\/wp-json\/wp\/v2\/media?parent=8383"}],"wp:term":[{"taxonomy":"product_brand","embeddable":true,"href":"https:\/\/pood.ajaloomuuseum.ee\/en\/wp-json\/wp\/v2\/product_brand?post=8383"},{"taxonomy":"product_cat","embeddable":true,"href":"https:\/\/pood.ajaloomuuseum.ee\/en\/wp-json\/wp\/v2\/product_cat?post=8383"},{"taxonomy":"product_tag","embeddable":true,"href":"https:\/\/pood.ajaloomuuseum.ee\/en\/wp-json\/wp\/v2\/product_tag?post=8383"}],"curies":[{"name":"wp","href":"https:\/\/api.w.org\/{rel}","templated":true}]}}