{"id":8385,"date":"2022-05-12T10:46:34","date_gmt":"2022-05-12T07:46:34","guid":{"rendered":"https:\/\/pood.ajaloomuuseum.ee\/product\/a-small-poster-of-the-german-occupation-exhibition-leaving-and-having-fun\/"},"modified":"2026-01-28T18:06:05","modified_gmt":"2026-01-28T15:06:05","slug":"german-occupational-default-poster-leave-and-raw","status":"publish","type":"product","link":"https:\/\/pood.ajaloomuuseum.ee\/en\/toode\/german-occupational-default-poster-leave-and-raw\/","title":{"rendered":"Plakat Lahkus ja t\u00f6\u00f6r\u00f5\u00f5m (v\u00e4ike)"},"content":{"rendered":"","protected":false},"excerpt":{"rendered":"","protected":false},"featured_media":33336,"template":"","meta":{"inline_featured_image":false},"product_brand":[],"product_cat":[148,147],"product_tag":[],"class_list":{"0":"post-8385","1":"product","2":"type-product","3":"status-publish","4":"has-post-thumbnail","6":"product_cat-historical-posters","7":"product_cat-prints","9":"first","10":"instock","11":"taxable","12":"shipping-taxable","13":"purchasable","14":"product-type-simple"},"_links":{"self":[{"href":"https:\/\/pood.ajaloomuuseum.ee\/en\/wp-json\/wp\/v2\/product\/8385","targetHints":{"allow":["GET"]}}],"collection":[{"href":"https:\/\/pood.ajaloomuuseum.ee\/en\/wp-json\/wp\/v2\/product"}],"about":[{"href":"https:\/\/pood.ajaloomuuseum.ee\/en\/wp-json\/wp\/v2\/types\/product"}],"version-history":[{"count":3,"href":"https:\/\/pood.ajaloomuuseum.ee\/en\/wp-json\/wp\/v2\/product\/8385\/revisions"}],"predecessor-version":[{"id":10932,"href":"https:\/\/pood.ajaloomuuseum.ee\/en\/wp-json\/wp\/v2\/product\/8385\/revisions\/10932"}],"wp:featuredmedia":[{"embeddable":true,"href":"https:\/\/pood.ajaloomuuseum.ee\/en\/wp-json\/wp\/v2\/media\/33336"}],"wp:attachment":[{"href":"https:\/\/pood.ajaloomuuseum.ee\/en\/wp-json\/wp\/v2\/media?parent=8385"}],"wp:term":[{"taxonomy":"product_brand","embeddable":true,"href":"https:\/\/pood.ajaloomuuseum.ee\/en\/wp-json\/wp\/v2\/product_brand?post=8385"},{"taxonomy":"product_cat","embeddable":true,"href":"https:\/\/pood.ajaloomuuseum.ee\/en\/wp-json\/wp\/v2\/product_cat?post=8385"},{"taxonomy":"product_tag","embeddable":true,"href":"https:\/\/pood.ajaloomuuseum.ee\/en\/wp-json\/wp\/v2\/product_tag?post=8385"}],"curies":[{"name":"wp","href":"https:\/\/api.w.org\/{rel}","templated":true}]}}