{"id":8472,"date":"2022-05-12T10:46:28","date_gmt":"2022-05-12T07:46:28","guid":{"rendered":"https:\/\/pood.ajaloomuuseum.ee\/product\/the-heyday-and-destruction-of-the-pre-war-defense-league\/"},"modified":"2026-01-28T18:06:04","modified_gmt":"2026-01-28T15:06:04","slug":"pre-soybean-glory-and-havin","status":"publish","type":"product","link":"https:\/\/pood.ajaloomuuseum.ee\/en\/toode\/pre-soybean-glory-and-havin\/","title":{"rendered":"S\u00f5jaeelse Kaitseliidu hiilgeaeg ja h\u00e4ving L\u00e4\u00e4nemaal"},"content":{"rendered":"","protected":false},"excerpt":{"rendered":"<p>Author: Mati Mandel. Design: Aime Andresson. Hardcover, 304 pages, in Estonian. Dimensions: 28.3 x 22.8 cm. Estonian History Museum 2020<\/p>\n","protected":false},"featured_media":8586,"template":"","meta":{"inline_featured_image":false},"product_brand":[],"product_cat":[142,143],"product_tag":[],"class_list":{"0":"post-8472","1":"product","2":"type-product","3":"status-publish","4":"has-post-thumbnail","6":"product_cat-books","7":"product_cat-history","9":"first","10":"instock","11":"taxable","12":"shipping-taxable","13":"purchasable","14":"product-type-simple"},"_links":{"self":[{"href":"https:\/\/pood.ajaloomuuseum.ee\/en\/wp-json\/wp\/v2\/product\/8472","targetHints":{"allow":["GET"]}}],"collection":[{"href":"https:\/\/pood.ajaloomuuseum.ee\/en\/wp-json\/wp\/v2\/product"}],"about":[{"href":"https:\/\/pood.ajaloomuuseum.ee\/en\/wp-json\/wp\/v2\/types\/product"}],"version-history":[{"count":1,"href":"https:\/\/pood.ajaloomuuseum.ee\/en\/wp-json\/wp\/v2\/product\/8472\/revisions"}],"predecessor-version":[{"id":8755,"href":"https:\/\/pood.ajaloomuuseum.ee\/en\/wp-json\/wp\/v2\/product\/8472\/revisions\/8755"}],"wp:featuredmedia":[{"embeddable":true,"href":"https:\/\/pood.ajaloomuuseum.ee\/en\/wp-json\/wp\/v2\/media\/8586"}],"wp:attachment":[{"href":"https:\/\/pood.ajaloomuuseum.ee\/en\/wp-json\/wp\/v2\/media?parent=8472"}],"wp:term":[{"taxonomy":"product_brand","embeddable":true,"href":"https:\/\/pood.ajaloomuuseum.ee\/en\/wp-json\/wp\/v2\/product_brand?post=8472"},{"taxonomy":"product_cat","embeddable":true,"href":"https:\/\/pood.ajaloomuuseum.ee\/en\/wp-json\/wp\/v2\/product_cat?post=8472"},{"taxonomy":"product_tag","embeddable":true,"href":"https:\/\/pood.ajaloomuuseum.ee\/en\/wp-json\/wp\/v2\/product_tag?post=8472"}],"curies":[{"name":"wp","href":"https:\/\/api.w.org\/{rel}","templated":true}]}}