{"id":85229,"date":"2025-07-22T18:06:24","date_gmt":"2025-07-22T15:06:24","guid":{"rendered":"https:\/\/pood.ajaloomuuseum.ee\/?post_type=product&#038;p=85229"},"modified":"2026-04-09T22:21:04","modified_gmt":"2026-04-09T19:21:04","slug":"t-sark-hansahiilgus","status":"publish","type":"product","link":"https:\/\/pood.ajaloomuuseum.ee\/en\/toode\/t-sark-hansahiilgus\/","title":{"rendered":"T-s\u00e4rk HANSAHIILGUS"},"content":{"rendered":"<p>T-s\u00e4rk on meene Suurgildi n\u00e4ituselt <a href=\"https:\/\/ajaloomuuseum.ee\/planeeri-kulastust\/naitused\/hansa-hiilgus\">&#8220;Hansa Hiilgus. Kuidas keskajal rikkus s\u00fcndis&#8221;<\/a><\/p>\n","protected":false},"excerpt":{"rendered":"<p>Unisex t-s\u00e4rk<br \/>\nHind <strong>25\u20ac<\/strong><\/p>\n","protected":false},"featured_media":86549,"template":"","meta":{"inline_featured_image":false},"product_brand":[],"product_cat":[28,328,66],"product_tag":[],"class_list":{"0":"post-85229","1":"product","2":"type-product","3":"status-publish","4":"has-post-thumbnail","6":"product_cat-meened","7":"product_cat-omatoode","8":"product_cat-t-sargid","10":"first","11":"instock","12":"taxable","13":"shipping-taxable","14":"purchasable","15":"product-type-variable"},"_links":{"self":[{"href":"https:\/\/pood.ajaloomuuseum.ee\/en\/wp-json\/wp\/v2\/product\/85229","targetHints":{"allow":["GET"]}}],"collection":[{"href":"https:\/\/pood.ajaloomuuseum.ee\/en\/wp-json\/wp\/v2\/product"}],"about":[{"href":"https:\/\/pood.ajaloomuuseum.ee\/en\/wp-json\/wp\/v2\/types\/product"}],"version-history":[{"count":4,"href":"https:\/\/pood.ajaloomuuseum.ee\/en\/wp-json\/wp\/v2\/product\/85229\/revisions"}],"predecessor-version":[{"id":88544,"href":"https:\/\/pood.ajaloomuuseum.ee\/en\/wp-json\/wp\/v2\/product\/85229\/revisions\/88544"}],"wp:featuredmedia":[{"embeddable":true,"href":"https:\/\/pood.ajaloomuuseum.ee\/en\/wp-json\/wp\/v2\/media\/86549"}],"wp:attachment":[{"href":"https:\/\/pood.ajaloomuuseum.ee\/en\/wp-json\/wp\/v2\/media?parent=85229"}],"wp:term":[{"taxonomy":"product_brand","embeddable":true,"href":"https:\/\/pood.ajaloomuuseum.ee\/en\/wp-json\/wp\/v2\/product_brand?post=85229"},{"taxonomy":"product_cat","embeddable":true,"href":"https:\/\/pood.ajaloomuuseum.ee\/en\/wp-json\/wp\/v2\/product_cat?post=85229"},{"taxonomy":"product_tag","embeddable":true,"href":"https:\/\/pood.ajaloomuuseum.ee\/en\/wp-json\/wp\/v2\/product_tag?post=85229"}],"curies":[{"name":"wp","href":"https:\/\/api.w.org\/{rel}","templated":true}]}}