{"id":8530,"date":"2022-05-12T10:46:23","date_gmt":"2022-05-12T07:46:23","guid":{"rendered":"https:\/\/pood.ajaloomuuseum.ee\/product\/livelihood-xi-one-woman-with-sad-eyes-m\/"},"modified":"2026-01-28T18:06:02","modified_gmt":"2026-01-28T15:06:02","slug":"livelihood-xi-door-woman-sad-eyes-m","status":"publish","type":"product","link":"https:\/\/pood.ajaloomuuseum.ee\/en\/toode\/livelihood-xi-door-woman-sad-eyes-m\/","title":{"rendered":"\u00dcks naine kurbade silmadega. Eesti luuletaja Marie Heibergi \u00f5nne ja valu, r\u00f5\u00f5mu ja mure lugu kirjades. Elavik XI"},"content":{"rendered":"","protected":false},"excerpt":{"rendered":"","protected":false},"featured_media":16451,"template":"","meta":{"inline_featured_image":false},"product_brand":[],"product_cat":[142,145],"product_tag":[],"class_list":{"0":"post-8530","1":"product","2":"type-product","3":"status-publish","4":"has-post-thumbnail","6":"product_cat-books","7":"product_cat-theater-and-music","9":"first","10":"instock","11":"taxable","12":"shipping-taxable","13":"purchasable","14":"product-type-simple"},"_links":{"self":[{"href":"https:\/\/pood.ajaloomuuseum.ee\/en\/wp-json\/wp\/v2\/product\/8530","targetHints":{"allow":["GET"]}}],"collection":[{"href":"https:\/\/pood.ajaloomuuseum.ee\/en\/wp-json\/wp\/v2\/product"}],"about":[{"href":"https:\/\/pood.ajaloomuuseum.ee\/en\/wp-json\/wp\/v2\/types\/product"}],"version-history":[{"count":3,"href":"https:\/\/pood.ajaloomuuseum.ee\/en\/wp-json\/wp\/v2\/product\/8530\/revisions"}],"predecessor-version":[{"id":12441,"href":"https:\/\/pood.ajaloomuuseum.ee\/en\/wp-json\/wp\/v2\/product\/8530\/revisions\/12441"}],"wp:featuredmedia":[{"embeddable":true,"href":"https:\/\/pood.ajaloomuuseum.ee\/en\/wp-json\/wp\/v2\/media\/16451"}],"wp:attachment":[{"href":"https:\/\/pood.ajaloomuuseum.ee\/en\/wp-json\/wp\/v2\/media?parent=8530"}],"wp:term":[{"taxonomy":"product_brand","embeddable":true,"href":"https:\/\/pood.ajaloomuuseum.ee\/en\/wp-json\/wp\/v2\/product_brand?post=8530"},{"taxonomy":"product_cat","embeddable":true,"href":"https:\/\/pood.ajaloomuuseum.ee\/en\/wp-json\/wp\/v2\/product_cat?post=8530"},{"taxonomy":"product_tag","embeddable":true,"href":"https:\/\/pood.ajaloomuuseum.ee\/en\/wp-json\/wp\/v2\/product_tag?post=8530"}],"curies":[{"name":"wp","href":"https:\/\/api.w.org\/{rel}","templated":true}]}}