{"id":87562,"date":"2025-08-07T16:26:03","date_gmt":"2025-08-07T13:26:03","guid":{"rendered":"https:\/\/pood.ajaloomuuseum.ee\/?post_type=product&#038;p=87562"},"modified":"2026-04-09T20:41:01","modified_gmt":"2026-04-09T17:41:01","slug":"postkaardikomplekt-c-fcr-buddeus-valjaspool-linnamuuri-xix-sajandi-tallinna-vaateid-eesti-ajaloomuuseumi-kunstikogus","status":"publish","type":"product","link":"https:\/\/pood.ajaloomuuseum.ee\/en\/toode\/postkaardikomplekt-c-fcr-buddeus-valjaspool-linnamuuri-xix-sajandi-tallinna-vaateid-eesti-ajaloomuuseumi-kunstikogus\/","title":{"rendered":"Postkaardikomplekt C. FCR. Buddeus. V\u00e4ljaspool Linnam\u00fc\u00fcri. XIX sajandi Tallinna vaateid Eesti Ajaloomuuseumi kunstikogus"},"content":{"rendered":"","protected":false},"excerpt":{"rendered":"","protected":false},"featured_media":87564,"template":"","meta":{"inline_featured_image":false},"product_brand":[],"product_cat":[28,67,328,186],"product_tag":[],"class_list":{"0":"post-87562","1":"product","2":"type-product","3":"status-publish","4":"has-post-thumbnail","6":"product_cat-meened","7":"product_cat-muuseumi-meened","8":"product_cat-omatoode","9":"product_cat-uus","11":"first","12":"instock","13":"taxable","14":"shipping-taxable","15":"purchasable","16":"product-type-simple"},"_links":{"self":[{"href":"https:\/\/pood.ajaloomuuseum.ee\/en\/wp-json\/wp\/v2\/product\/87562","targetHints":{"allow":["GET"]}}],"collection":[{"href":"https:\/\/pood.ajaloomuuseum.ee\/en\/wp-json\/wp\/v2\/product"}],"about":[{"href":"https:\/\/pood.ajaloomuuseum.ee\/en\/wp-json\/wp\/v2\/types\/product"}],"version-history":[{"count":2,"href":"https:\/\/pood.ajaloomuuseum.ee\/en\/wp-json\/wp\/v2\/product\/87562\/revisions"}],"predecessor-version":[{"id":87570,"href":"https:\/\/pood.ajaloomuuseum.ee\/en\/wp-json\/wp\/v2\/product\/87562\/revisions\/87570"}],"wp:featuredmedia":[{"embeddable":true,"href":"https:\/\/pood.ajaloomuuseum.ee\/en\/wp-json\/wp\/v2\/media\/87564"}],"wp:attachment":[{"href":"https:\/\/pood.ajaloomuuseum.ee\/en\/wp-json\/wp\/v2\/media?parent=87562"}],"wp:term":[{"taxonomy":"product_brand","embeddable":true,"href":"https:\/\/pood.ajaloomuuseum.ee\/en\/wp-json\/wp\/v2\/product_brand?post=87562"},{"taxonomy":"product_cat","embeddable":true,"href":"https:\/\/pood.ajaloomuuseum.ee\/en\/wp-json\/wp\/v2\/product_cat?post=87562"},{"taxonomy":"product_tag","embeddable":true,"href":"https:\/\/pood.ajaloomuuseum.ee\/en\/wp-json\/wp\/v2\/product_tag?post=87562"}],"curies":[{"name":"wp","href":"https:\/\/api.w.org\/{rel}","templated":true}]}}