{"id":87806,"date":"2025-09-10T15:21:02","date_gmt":"2025-09-10T12:21:02","guid":{"rendered":"https:\/\/pood.ajaloomuuseum.ee\/?post_type=product&#038;p=87806"},"modified":"2026-04-15T02:56:01","modified_gmt":"2026-04-14T23:56:01","slug":"loss-taispilet","status":"publish","type":"product","link":"https:\/\/pood.ajaloomuuseum.ee\/en\/toode\/loss-taispilet\/","title":{"rendered":"LOSS t\u00e4ispilet"},"content":{"rendered":"","protected":false},"excerpt":{"rendered":"<p>Maarjam\u00e4e lossi t\u00e4ispilet<\/p>\n","protected":false},"featured_media":3186,"template":"","meta":{"inline_featured_image":false},"product_brand":[],"product_cat":[185,30],"product_tag":[],"class_list":{"0":"post-87806","1":"product","2":"type-product","3":"status-publish","4":"has-post-thumbnail","6":"product_cat-maarjamae-lossi-piletid","7":"product_cat-piletid","9":"first","10":"instock","11":"virtual","12":"taxable","13":"purchasable","14":"product-type-simple"},"_links":{"self":[{"href":"https:\/\/pood.ajaloomuuseum.ee\/en\/wp-json\/wp\/v2\/product\/87806","targetHints":{"allow":["GET"]}}],"collection":[{"href":"https:\/\/pood.ajaloomuuseum.ee\/en\/wp-json\/wp\/v2\/product"}],"about":[{"href":"https:\/\/pood.ajaloomuuseum.ee\/en\/wp-json\/wp\/v2\/types\/product"}],"version-history":[{"count":2,"href":"https:\/\/pood.ajaloomuuseum.ee\/en\/wp-json\/wp\/v2\/product\/87806\/revisions"}],"predecessor-version":[{"id":87809,"href":"https:\/\/pood.ajaloomuuseum.ee\/en\/wp-json\/wp\/v2\/product\/87806\/revisions\/87809"}],"wp:featuredmedia":[{"embeddable":true,"href":"https:\/\/pood.ajaloomuuseum.ee\/en\/wp-json\/wp\/v2\/media\/3186"}],"wp:attachment":[{"href":"https:\/\/pood.ajaloomuuseum.ee\/en\/wp-json\/wp\/v2\/media?parent=87806"}],"wp:term":[{"taxonomy":"product_brand","embeddable":true,"href":"https:\/\/pood.ajaloomuuseum.ee\/en\/wp-json\/wp\/v2\/product_brand?post=87806"},{"taxonomy":"product_cat","embeddable":true,"href":"https:\/\/pood.ajaloomuuseum.ee\/en\/wp-json\/wp\/v2\/product_cat?post=87806"},{"taxonomy":"product_tag","embeddable":true,"href":"https:\/\/pood.ajaloomuuseum.ee\/en\/wp-json\/wp\/v2\/product_tag?post=87806"}],"curies":[{"name":"wp","href":"https:\/\/api.w.org\/{rel}","templated":true}]}}