{"id":88308,"date":"2025-10-03T14:51:02","date_gmt":"2025-10-03T11:51:02","guid":{"rendered":"https:\/\/pood.ajaloomuuseum.ee\/?post_type=product&#038;p=88308"},"modified":"2026-04-15T04:26:02","modified_gmt":"2026-04-15T01:26:02","slug":"loss-perepilet-2-taiskasvutlapsed","status":"publish","type":"product","link":"https:\/\/pood.ajaloomuuseum.ee\/en\/toode\/loss-perepilet-2-taiskasvutlapsed\/","title":{"rendered":"LOSS perepilet (2 t\u00e4iskasvut+lapsed)"},"content":{"rendered":"","protected":false},"excerpt":{"rendered":"<p>Maarjam\u00e4e lossi perepilet: 2 t\u00e4iskasvanut ja alaealised lapsed.<\/p>\n","protected":false},"featured_media":3186,"template":"","meta":{"inline_featured_image":false},"product_brand":[],"product_cat":[185,30],"product_tag":[347],"class_list":{"0":"post-88308","1":"product","2":"type-product","3":"status-publish","4":"has-post-thumbnail","6":"product_cat-maarjamae-lossi-piletid","7":"product_cat-piletid","8":"product_tag-vaja-lisada-art-3913-6962-3904","10":"first","11":"instock","12":"virtual","13":"taxable","14":"purchasable","15":"product-type-simple"},"_links":{"self":[{"href":"https:\/\/pood.ajaloomuuseum.ee\/en\/wp-json\/wp\/v2\/product\/88308","targetHints":{"allow":["GET"]}}],"collection":[{"href":"https:\/\/pood.ajaloomuuseum.ee\/en\/wp-json\/wp\/v2\/product"}],"about":[{"href":"https:\/\/pood.ajaloomuuseum.ee\/en\/wp-json\/wp\/v2\/types\/product"}],"version-history":[{"count":2,"href":"https:\/\/pood.ajaloomuuseum.ee\/en\/wp-json\/wp\/v2\/product\/88308\/revisions"}],"predecessor-version":[{"id":88323,"href":"https:\/\/pood.ajaloomuuseum.ee\/en\/wp-json\/wp\/v2\/product\/88308\/revisions\/88323"}],"wp:featuredmedia":[{"embeddable":true,"href":"https:\/\/pood.ajaloomuuseum.ee\/en\/wp-json\/wp\/v2\/media\/3186"}],"wp:attachment":[{"href":"https:\/\/pood.ajaloomuuseum.ee\/en\/wp-json\/wp\/v2\/media?parent=88308"}],"wp:term":[{"taxonomy":"product_brand","embeddable":true,"href":"https:\/\/pood.ajaloomuuseum.ee\/en\/wp-json\/wp\/v2\/product_brand?post=88308"},{"taxonomy":"product_cat","embeddable":true,"href":"https:\/\/pood.ajaloomuuseum.ee\/en\/wp-json\/wp\/v2\/product_cat?post=88308"},{"taxonomy":"product_tag","embeddable":true,"href":"https:\/\/pood.ajaloomuuseum.ee\/en\/wp-json\/wp\/v2\/product_tag?post=88308"}],"curies":[{"name":"wp","href":"https:\/\/api.w.org\/{rel}","templated":true}]}}