{"id":88425,"date":"2025-11-26T11:11:01","date_gmt":"2025-11-26T08:11:01","guid":{"rendered":"https:\/\/pood.ajaloomuuseum.ee\/?post_type=product&#038;p=88425"},"modified":"2026-04-16T17:41:03","modified_gmt":"2026-04-16T14:41:03","slug":"kalender-eesti-diasporaa-akadeemia","status":"publish","type":"product","link":"https:\/\/pood.ajaloomuuseum.ee\/en\/toode\/kalender-eesti-diasporaa-akadeemia\/","title":{"rendered":"Kalender Eesti Diasporaa Akadeemia."},"content":{"rendered":"<div><strong>MT\u00dc Eesti Diasporaa Akadeemia<\/strong> on v\u00e4lja andnud toreda rahvuskaaslaste kalendri.<\/div>\n<div>Selle vahendusel saab kogu aasta v\u00e4ltel l\u00f5busalt aega veeta sajanditaguste eestlastega, kes olid l\u00e4inud seitsme maa ja mere taha t\u00f6\u00f6d, leiba, \u00f5nne ja armastust otsima. Arhiividest leitud vanadel fotodel on n\u00e4ha rahvuskaaslaseid talgut\u00f6\u00f6del, v\u00e4ljas\u00f5itudel, pidudel ja piknikel.<\/div>\n","protected":false},"excerpt":{"rendered":"<p>Seinakalender 2026<\/p>\n","protected":false},"featured_media":88428,"template":"","meta":{"inline_featured_image":false},"product_brand":[],"product_cat":[28,186],"product_tag":[],"class_list":{"0":"post-88425","1":"product","2":"type-product","3":"status-publish","4":"has-post-thumbnail","6":"product_cat-meened","7":"product_cat-uus","9":"first","10":"instock","11":"taxable","12":"shipping-taxable","13":"purchasable","14":"product-type-simple"},"_links":{"self":[{"href":"https:\/\/pood.ajaloomuuseum.ee\/en\/wp-json\/wp\/v2\/product\/88425","targetHints":{"allow":["GET"]}}],"collection":[{"href":"https:\/\/pood.ajaloomuuseum.ee\/en\/wp-json\/wp\/v2\/product"}],"about":[{"href":"https:\/\/pood.ajaloomuuseum.ee\/en\/wp-json\/wp\/v2\/types\/product"}],"version-history":[{"count":6,"href":"https:\/\/pood.ajaloomuuseum.ee\/en\/wp-json\/wp\/v2\/product\/88425\/revisions"}],"predecessor-version":[{"id":88438,"href":"https:\/\/pood.ajaloomuuseum.ee\/en\/wp-json\/wp\/v2\/product\/88425\/revisions\/88438"}],"wp:featuredmedia":[{"embeddable":true,"href":"https:\/\/pood.ajaloomuuseum.ee\/en\/wp-json\/wp\/v2\/media\/88428"}],"wp:attachment":[{"href":"https:\/\/pood.ajaloomuuseum.ee\/en\/wp-json\/wp\/v2\/media?parent=88425"}],"wp:term":[{"taxonomy":"product_brand","embeddable":true,"href":"https:\/\/pood.ajaloomuuseum.ee\/en\/wp-json\/wp\/v2\/product_brand?post=88425"},{"taxonomy":"product_cat","embeddable":true,"href":"https:\/\/pood.ajaloomuuseum.ee\/en\/wp-json\/wp\/v2\/product_cat?post=88425"},{"taxonomy":"product_tag","embeddable":true,"href":"https:\/\/pood.ajaloomuuseum.ee\/en\/wp-json\/wp\/v2\/product_tag?post=88425"}],"curies":[{"name":"wp","href":"https:\/\/api.w.org\/{rel}","templated":true}]}}