{"id":88496,"date":"2026-01-22T17:36:02","date_gmt":"2026-01-22T14:36:02","guid":{"rendered":"https:\/\/pood.ajaloomuuseum.ee\/?post_type=product&#038;p=88496"},"modified":"2026-04-09T20:41:01","modified_gmt":"2026-04-09T17:41:01","slug":"tmm-postkaardikomplekt-laena-mulle-varve","status":"publish","type":"product","link":"https:\/\/pood.ajaloomuuseum.ee\/en\/toode\/tmm-postkaardikomplekt-laena-mulle-varve\/","title":{"rendered":"TMM Postkaardikomplekt Laena mulle v\u00e4rve"},"content":{"rendered":"<p><b>Postkaardikomplekt &#8220;Laena mulle v\u00e4rve, Vanemuine!&#8221;<\/b>\u00a0&#8211; teatri &#8220;Vanemuine&#8221; 140 juubeliks v\u00e4lja antud postkaardikomplekt teatri kost\u00fc\u00fcmi- ja dekoratsioonikavanditega Eesti Teatri- ja Muusikamuuseumi kogust ning erakogudest (2010.a).<\/p>\n","protected":false},"excerpt":{"rendered":"<p>Postkaardid 16 tk.<\/p>\n<p><span data-olk-copy-source=\"MessageBody\">M\u00f5\u00f5dud 15x20cm.<\/span><\/p>\n","protected":false},"featured_media":88503,"template":"","meta":{"inline_featured_image":false},"product_brand":[],"product_cat":[28,67,186],"product_tag":[],"class_list":{"0":"post-88496","1":"product","2":"type-product","3":"status-publish","4":"has-post-thumbnail","6":"product_cat-meened","7":"product_cat-muuseumi-meened","8":"product_cat-uus","10":"first","11":"instock","12":"taxable","13":"shipping-taxable","14":"purchasable","15":"product-type-simple"},"_links":{"self":[{"href":"https:\/\/pood.ajaloomuuseum.ee\/en\/wp-json\/wp\/v2\/product\/88496","targetHints":{"allow":["GET"]}}],"collection":[{"href":"https:\/\/pood.ajaloomuuseum.ee\/en\/wp-json\/wp\/v2\/product"}],"about":[{"href":"https:\/\/pood.ajaloomuuseum.ee\/en\/wp-json\/wp\/v2\/types\/product"}],"version-history":[{"count":5,"href":"https:\/\/pood.ajaloomuuseum.ee\/en\/wp-json\/wp\/v2\/product\/88496\/revisions"}],"predecessor-version":[{"id":88538,"href":"https:\/\/pood.ajaloomuuseum.ee\/en\/wp-json\/wp\/v2\/product\/88496\/revisions\/88538"}],"wp:featuredmedia":[{"embeddable":true,"href":"https:\/\/pood.ajaloomuuseum.ee\/en\/wp-json\/wp\/v2\/media\/88503"}],"wp:attachment":[{"href":"https:\/\/pood.ajaloomuuseum.ee\/en\/wp-json\/wp\/v2\/media?parent=88496"}],"wp:term":[{"taxonomy":"product_brand","embeddable":true,"href":"https:\/\/pood.ajaloomuuseum.ee\/en\/wp-json\/wp\/v2\/product_brand?post=88496"},{"taxonomy":"product_cat","embeddable":true,"href":"https:\/\/pood.ajaloomuuseum.ee\/en\/wp-json\/wp\/v2\/product_cat?post=88496"},{"taxonomy":"product_tag","embeddable":true,"href":"https:\/\/pood.ajaloomuuseum.ee\/en\/wp-json\/wp\/v2\/product_tag?post=88496"}],"curies":[{"name":"wp","href":"https:\/\/api.w.org\/{rel}","templated":true}]}}