{"id":88684,"date":"2026-03-24T17:16:03","date_gmt":"2026-03-24T14:16:03","guid":{"rendered":"https:\/\/pood.ajaloomuuseum.ee\/?post_type=product&#038;p=88684"},"modified":"2026-04-15T05:21:06","modified_gmt":"2026-04-15T02:21:06","slug":"t-sark-tahan-mangida-kostumeerija","status":"publish","type":"product","link":"https:\/\/pood.ajaloomuuseum.ee\/en\/toode\/t-sark-tahan-mangida-kostumeerija\/","title":{"rendered":"T-s\u00e4rk TAHAN M\u00c4NGIDA \/ kost\u00fcmeerija"},"content":{"rendered":"<p>T-s\u00e4rk on meene Teatri- ja Muusikamuuseumi n\u00e4ituselt &#8220;<a href=\"https:\/\/ajaloomuuseum.ee\/planeeri-kulastust\/naitused\/tahan-mangida\">Tahan m\u00e4ngida<\/a>&#8220;.<\/p>\n<p>Laste s\u00e4rgi kangas on 100% puuvill, 190 gr.<\/p>\n<p>S\u00e4rgi suuruste tabel: vanus ja m\u00f5\u00f5dud<br \/>\n<img fetchpriority=\"high\" decoding=\"async\" class=\"alignnone wp-image-89333\" src=\"https:\/\/pood.ajaloomuuseum.ee\/wp-content\/uploads\/2026\/03\/Laste-t-sark-suuruste-tabel-300x57.png\" alt=\"Suuruste tabel\" width=\"522\" height=\"99\" srcset=\"https:\/\/pood.ajaloomuuseum.ee\/wp-content\/uploads\/2026\/03\/Laste-t-sark-suuruste-tabel-300x57.png 300w, https:\/\/pood.ajaloomuuseum.ee\/wp-content\/uploads\/2026\/03\/Laste-t-sark-suuruste-tabel-1024x194.png 1024w, https:\/\/pood.ajaloomuuseum.ee\/wp-content\/uploads\/2026\/03\/Laste-t-sark-suuruste-tabel-768x146.png 768w, https:\/\/pood.ajaloomuuseum.ee\/wp-content\/uploads\/2026\/03\/Laste-t-sark-suuruste-tabel-350x66.png 350w, https:\/\/pood.ajaloomuuseum.ee\/wp-content\/uploads\/2026\/03\/Laste-t-sark-suuruste-tabel-680x129.png 680w, https:\/\/pood.ajaloomuuseum.ee\/wp-content\/uploads\/2026\/03\/Laste-t-sark-suuruste-tabel.png 1536w\" sizes=\"(max-width: 522px) 100vw, 522px\" \/><\/p>\n<p>T-s\u00e4rgi hooldamine:<\/p>\n<div><img decoding=\"async\" class=\"alignnone wp-image-89336\" src=\"https:\/\/pood.ajaloomuuseum.ee\/wp-content\/uploads\/2026\/03\/sargi-hooldamine-margised-300x108.png\" alt=\"S\u00e4rgi hooldamine juhend\" width=\"203\" height=\"73\" srcset=\"https:\/\/pood.ajaloomuuseum.ee\/wp-content\/uploads\/2026\/03\/sargi-hooldamine-margised-300x108.png 300w, https:\/\/pood.ajaloomuuseum.ee\/wp-content\/uploads\/2026\/03\/sargi-hooldamine-margised.png 322w\" sizes=\"(max-width: 203px) 100vw, 203px\" \/><\/div>\n","protected":false},"excerpt":{"rendered":"<p>Unisex laste t-s\u00e4rk.<\/p>\n<p>Valge.<\/p>\n","protected":false},"featured_media":89320,"template":"","meta":{"inline_featured_image":false},"product_brand":[],"product_cat":[28,328,186],"product_tag":[],"class_list":{"0":"post-88684","1":"product","2":"type-product","3":"status-publish","4":"has-post-thumbnail","6":"product_cat-meened","7":"product_cat-omatoode","8":"product_cat-uus","10":"first","11":"instock","12":"taxable","13":"shipping-taxable","14":"purchasable","15":"product-type-variable"},"_links":{"self":[{"href":"https:\/\/pood.ajaloomuuseum.ee\/en\/wp-json\/wp\/v2\/product\/88684","targetHints":{"allow":["GET"]}}],"collection":[{"href":"https:\/\/pood.ajaloomuuseum.ee\/en\/wp-json\/wp\/v2\/product"}],"about":[{"href":"https:\/\/pood.ajaloomuuseum.ee\/en\/wp-json\/wp\/v2\/types\/product"}],"version-history":[{"count":2,"href":"https:\/\/pood.ajaloomuuseum.ee\/en\/wp-json\/wp\/v2\/product\/88684\/revisions"}],"predecessor-version":[{"id":89341,"href":"https:\/\/pood.ajaloomuuseum.ee\/en\/wp-json\/wp\/v2\/product\/88684\/revisions\/89341"}],"wp:featuredmedia":[{"embeddable":true,"href":"https:\/\/pood.ajaloomuuseum.ee\/en\/wp-json\/wp\/v2\/media\/89320"}],"wp:attachment":[{"href":"https:\/\/pood.ajaloomuuseum.ee\/en\/wp-json\/wp\/v2\/media?parent=88684"}],"wp:term":[{"taxonomy":"product_brand","embeddable":true,"href":"https:\/\/pood.ajaloomuuseum.ee\/en\/wp-json\/wp\/v2\/product_brand?post=88684"},{"taxonomy":"product_cat","embeddable":true,"href":"https:\/\/pood.ajaloomuuseum.ee\/en\/wp-json\/wp\/v2\/product_cat?post=88684"},{"taxonomy":"product_tag","embeddable":true,"href":"https:\/\/pood.ajaloomuuseum.ee\/en\/wp-json\/wp\/v2\/product_tag?post=88684"}],"curies":[{"name":"wp","href":"https:\/\/api.w.org\/{rel}","templated":true}]}}