{"id":89310,"date":"2026-03-26T19:46:04","date_gmt":"2026-03-26T16:46:04","guid":{"rendered":"https:\/\/pood.ajaloomuuseum.ee\/?post_type=product&#038;p=89310"},"modified":"2026-04-17T09:16:01","modified_gmt":"2026-04-17T06:16:01","slug":"markmik-tahan-mangida","status":"publish","type":"product","link":"https:\/\/pood.ajaloomuuseum.ee\/en\/toode\/markmik-tahan-mangida\/","title":{"rendered":"M\u00e4rkmik TAHAN M\u00c4NGIDA"},"content":{"rendered":"<p>M\u00e4rkmik on meene Teatri- ja Muusikamuuseumi n\u00e4ituselt &#8220;<a href=\"https:\/\/ajaloomuuseum.ee\/planeeri-kulastust\/naitused\/tahan-mangida\">Tahan m\u00e4ngida<\/a>&#8220;.<\/p>\n","protected":false},"excerpt":{"rendered":"<p>M\u00e4rkmik on meene Teatri- ja Muusikamuuseumi n\u00e4ituselt &#8220;Tahan m\u00e4ngida&#8220;.<\/p>\n","protected":false},"featured_media":89349,"template":"","meta":{"inline_featured_image":false},"product_brand":[],"product_cat":[28,328,186],"product_tag":[],"class_list":{"0":"post-89310","1":"product","2":"type-product","3":"status-publish","4":"has-post-thumbnail","6":"product_cat-meened","7":"product_cat-omatoode","8":"product_cat-uus","10":"first","11":"instock","12":"taxable","13":"shipping-taxable","14":"purchasable","15":"product-type-simple"},"_links":{"self":[{"href":"https:\/\/pood.ajaloomuuseum.ee\/en\/wp-json\/wp\/v2\/product\/89310","targetHints":{"allow":["GET"]}}],"collection":[{"href":"https:\/\/pood.ajaloomuuseum.ee\/en\/wp-json\/wp\/v2\/product"}],"about":[{"href":"https:\/\/pood.ajaloomuuseum.ee\/en\/wp-json\/wp\/v2\/types\/product"}],"version-history":[{"count":3,"href":"https:\/\/pood.ajaloomuuseum.ee\/en\/wp-json\/wp\/v2\/product\/89310\/revisions"}],"predecessor-version":[{"id":89351,"href":"https:\/\/pood.ajaloomuuseum.ee\/en\/wp-json\/wp\/v2\/product\/89310\/revisions\/89351"}],"wp:featuredmedia":[{"embeddable":true,"href":"https:\/\/pood.ajaloomuuseum.ee\/en\/wp-json\/wp\/v2\/media\/89349"}],"wp:attachment":[{"href":"https:\/\/pood.ajaloomuuseum.ee\/en\/wp-json\/wp\/v2\/media?parent=89310"}],"wp:term":[{"taxonomy":"product_brand","embeddable":true,"href":"https:\/\/pood.ajaloomuuseum.ee\/en\/wp-json\/wp\/v2\/product_brand?post=89310"},{"taxonomy":"product_cat","embeddable":true,"href":"https:\/\/pood.ajaloomuuseum.ee\/en\/wp-json\/wp\/v2\/product_cat?post=89310"},{"taxonomy":"product_tag","embeddable":true,"href":"https:\/\/pood.ajaloomuuseum.ee\/en\/wp-json\/wp\/v2\/product_tag?post=89310"}],"curies":[{"name":"wp","href":"https:\/\/api.w.org\/{rel}","templated":true}]}}