{"id":89412,"date":"2026-05-08T15:11:02","date_gmt":"2026-05-08T12:11:02","guid":{"rendered":"https:\/\/pood.ajaloomuuseum.ee\/?post_type=product&#038;p=89412"},"modified":"2026-05-14T13:11:04","modified_gmt":"2026-05-14T10:11:04","slug":"t-sark-must-tahan-mangida","status":"publish","type":"product","link":"https:\/\/pood.ajaloomuuseum.ee\/en\/toode\/t-sark-must-tahan-mangida\/","title":{"rendered":"T-s\u00e4rk must TAHAN M\u00c4NGIDA"},"content":{"rendered":"<p>T-s\u00e4rk on meene Teatri- ja Muusikamuuseumi n\u00e4ituselt &#8220;<a href=\"https:\/\/ajaloomuuseum.ee\/planeeri-kulastust\/naitused\/tahan-mangida\">Tahan m\u00e4ngida<\/a>&#8220;.<\/p>\n<div data-olk-copy-source=\"MessageBody\">Illustratsiooni autor: Kristiina Tort<\/div>\n<p><b>Materjal<\/b><br \/>\n100% kammitud puuvill (175 g\/m\u00b2)<\/p>\n<ul data-end=\"376\" data-start=\"269\">\n<li>soonikkoes \u00fcmar kaelus<\/li>\n<li>\n<div role=\"presentation\">avaral\u00f5ikeline<\/div>\n<\/li>\n<li>unisex<\/li>\n<\/ul>\n<h5><b>Suuruste tabel<\/b><\/h5>\n<p><img fetchpriority=\"high\" decoding=\"async\" class=\"alignnone wp-image-90574\" src=\"https:\/\/pood.ajaloomuuseum.ee\/wp-content\/uploads\/2026\/05\/Tasargi-suuruse-tabel-unisex-tahan-mangida-Image-May-13-2026-02_32_36-PM-300x100.png\" alt=\"Suurust tabel unisex -s\u00e4rk\" width=\"549\" height=\"183\" srcset=\"https:\/\/pood.ajaloomuuseum.ee\/wp-content\/uploads\/2026\/05\/Tasargi-suuruse-tabel-unisex-tahan-mangida-Image-May-13-2026-02_32_36-PM-300x100.png 300w, https:\/\/pood.ajaloomuuseum.ee\/wp-content\/uploads\/2026\/05\/Tasargi-suuruse-tabel-unisex-tahan-mangida-Image-May-13-2026-02_32_36-PM-1024x341.png 1024w, https:\/\/pood.ajaloomuuseum.ee\/wp-content\/uploads\/2026\/05\/Tasargi-suuruse-tabel-unisex-tahan-mangida-Image-May-13-2026-02_32_36-PM-768x256.png 768w, https:\/\/pood.ajaloomuuseum.ee\/wp-content\/uploads\/2026\/05\/Tasargi-suuruse-tabel-unisex-tahan-mangida-Image-May-13-2026-02_32_36-PM-1536x512.png 1536w, https:\/\/pood.ajaloomuuseum.ee\/wp-content\/uploads\/2026\/05\/Tasargi-suuruse-tabel-unisex-tahan-mangida-Image-May-13-2026-02_32_36-PM-2048x683.png 2048w, https:\/\/pood.ajaloomuuseum.ee\/wp-content\/uploads\/2026\/05\/Tasargi-suuruse-tabel-unisex-tahan-mangida-Image-May-13-2026-02_32_36-PM-350x117.png 350w, https:\/\/pood.ajaloomuuseum.ee\/wp-content\/uploads\/2026\/05\/Tasargi-suuruse-tabel-unisex-tahan-mangida-Image-May-13-2026-02_32_36-PM-680x227.png 680w\" sizes=\"(max-width: 549px) 100vw, 549px\" \/><\/p>\n<div>\n<p><strong>Hooldusjuh<\/strong><strong>ised<\/strong><\/p>\n<p><img decoding=\"async\" class=\"alignnone size-full wp-image-90567\" src=\"https:\/\/pood.ajaloomuuseum.ee\/wp-content\/uploads\/2026\/05\/Kuvatommis-2026-05-12-151942.png\" alt=\"UNISEX T-SHIRT Jersey 175\" width=\"266\" height=\"61\" \/><\/p>\n<\/div>\n","protected":false},"excerpt":{"rendered":"<p><span data-olk-copy-source=\"MessageBody\">Unisex t\u00e4iskasvanute T-s\u00e4rk. <\/span><\/p>\n<p><span data-olk-copy-source=\"MessageBody\">Must.\u00a0<\/span><\/p>\n","protected":false},"featured_media":90558,"template":"","meta":{"inline_featured_image":false},"product_brand":[],"product_cat":[28,67,328,66,186],"product_tag":[],"class_list":{"0":"post-89412","1":"product","2":"type-product","3":"status-publish","4":"has-post-thumbnail","6":"product_cat-meened","7":"product_cat-muuseumi-meened","8":"product_cat-omatoode","9":"product_cat-t-sargid","10":"product_cat-uus","12":"first","13":"instock","14":"taxable","15":"shipping-taxable","16":"purchasable","17":"product-type-variable"},"_links":{"self":[{"href":"https:\/\/pood.ajaloomuuseum.ee\/en\/wp-json\/wp\/v2\/product\/89412","targetHints":{"allow":["GET"]}}],"collection":[{"href":"https:\/\/pood.ajaloomuuseum.ee\/en\/wp-json\/wp\/v2\/product"}],"about":[{"href":"https:\/\/pood.ajaloomuuseum.ee\/en\/wp-json\/wp\/v2\/types\/product"}],"version-history":[{"count":9,"href":"https:\/\/pood.ajaloomuuseum.ee\/en\/wp-json\/wp\/v2\/product\/89412\/revisions"}],"predecessor-version":[{"id":90576,"href":"https:\/\/pood.ajaloomuuseum.ee\/en\/wp-json\/wp\/v2\/product\/89412\/revisions\/90576"}],"wp:featuredmedia":[{"embeddable":true,"href":"https:\/\/pood.ajaloomuuseum.ee\/en\/wp-json\/wp\/v2\/media\/90558"}],"wp:attachment":[{"href":"https:\/\/pood.ajaloomuuseum.ee\/en\/wp-json\/wp\/v2\/media?parent=89412"}],"wp:term":[{"taxonomy":"product_brand","embeddable":true,"href":"https:\/\/pood.ajaloomuuseum.ee\/en\/wp-json\/wp\/v2\/product_brand?post=89412"},{"taxonomy":"product_cat","embeddable":true,"href":"https:\/\/pood.ajaloomuuseum.ee\/en\/wp-json\/wp\/v2\/product_cat?post=89412"},{"taxonomy":"product_tag","embeddable":true,"href":"https:\/\/pood.ajaloomuuseum.ee\/en\/wp-json\/wp\/v2\/product_tag?post=89412"}],"curies":[{"name":"wp","href":"https:\/\/api.w.org\/{rel}","templated":true}]}}